{"id":90,"date":"2017-09-28T12:01:05","date_gmt":"2017-09-28T10:01:05","guid":{"rendered":"http:\/\/jakatomc.com\/?page_id=90"},"modified":"2022-10-30T13:36:00","modified_gmt":"2022-10-30T12:36:00","slug":"moje-knjige-2","status":"publish","type":"page","link":"https:\/\/jakatomc.com\/sl\/moje-knjige-2\/","title":{"rendered":"Moje knjige"},"content":{"rendered":"<p><a href=\"https:\/\/proksima.si\/cakalna-vrsta-stop-igra\/\" target=\"_blank\" rel=\"noopener\"><img loading=\"lazy\" decoding=\"async\" class=\"aligncenter size-large wp-image-12947\" src=\"https:\/\/jakatomc.com\/wp-content\/uploads\/2022\/10\/stop_igra_mockup2-1024x576.jpeg\" alt=\"\" width=\"819\" height=\"461\" srcset=\"https:\/\/jakatomc.com\/wp-content\/uploads\/2022\/10\/stop_igra_mockup2-1024x576.jpeg 1024w, https:\/\/jakatomc.com\/wp-content\/uploads\/2022\/10\/stop_igra_mockup2-300x169.jpeg 300w, https:\/\/jakatomc.com\/wp-content\/uploads\/2022\/10\/stop_igra_mockup2-768x432.jpeg 768w, https:\/\/jakatomc.com\/wp-content\/uploads\/2022\/10\/stop_igra_mockup2-1536x864.jpeg 1536w, https:\/\/jakatomc.com\/wp-content\/uploads\/2022\/10\/stop_igra_mockup2.jpeg 1920w\" sizes=\"auto, (max-width: 819px) 100vw, 819px\" \/><\/a><\/p>\n<p><img loading=\"lazy\" decoding=\"async\" class=\"aligncenter size-large wp-image-12791\" src=\"https:\/\/jakatomc.com\/wp-content\/uploads\/2020\/08\/mockup-of-a-book-on-a-table-with-a-phone-and-a-coffee-33904-1024x683.png\" alt=\"\" width=\"819\" height=\"546\" srcset=\"https:\/\/jakatomc.com\/wp-content\/uploads\/2020\/08\/mockup-of-a-book-on-a-table-with-a-phone-and-a-coffee-33904-1024x683.png 1024w, https:\/\/jakatomc.com\/wp-content\/uploads\/2020\/08\/mockup-of-a-book-on-a-table-with-a-phone-and-a-coffee-33904-300x200.png 300w, https:\/\/jakatomc.com\/wp-content\/uploads\/2020\/08\/mockup-of-a-book-on-a-table-with-a-phone-and-a-coffee-33904-768x512.png 768w, https:\/\/jakatomc.com\/wp-content\/uploads\/2020\/08\/mockup-of-a-book-on-a-table-with-a-phone-and-a-coffee-33904-1536x1024.png 1536w, https:\/\/jakatomc.com\/wp-content\/uploads\/2020\/08\/mockup-of-a-book-on-a-table-with-a-phone-and-a-coffee-33904.png 1920w\" sizes=\"auto, (max-width: 819px) 100vw, 819px\" \/><\/p>\n<p><img loading=\"lazy\" decoding=\"async\" class=\"aligncenter size-large wp-image-8806\" src=\"https:\/\/jakatomc.com\/wp-content\/uploads\/2020\/04\/utripi_mockup-1024x576.jpg\" alt=\"\" width=\"819\" height=\"461\" srcset=\"https:\/\/jakatomc.com\/wp-content\/uploads\/2020\/04\/utripi_mockup-1024x576.jpg 1024w, https:\/\/jakatomc.com\/wp-content\/uploads\/2020\/04\/utripi_mockup-300x169.jpg 300w, https:\/\/jakatomc.com\/wp-content\/uploads\/2020\/04\/utripi_mockup-768x432.jpg 768w, https:\/\/jakatomc.com\/wp-content\/uploads\/2020\/04\/utripi_mockup-1536x864.jpg 1536w, https:\/\/jakatomc.com\/wp-content\/uploads\/2020\/04\/utripi_mockup.jpg 1920w\" sizes=\"auto, (max-width: 819px) 100vw, 819px\" \/><\/p>\n<p><img loading=\"lazy\" decoding=\"async\" class=\"aligncenter size-large wp-image-1204\" src=\"https:\/\/jakatomc.com\/wp-content\/uploads\/2018\/11\/IMG_20181124_110453-1024x768.jpg\" alt=\"\" width=\"819\" height=\"614\" srcset=\"https:\/\/jakatomc.com\/wp-content\/uploads\/2018\/11\/IMG_20181124_110453-1024x768.jpg 1024w, https:\/\/jakatomc.com\/wp-content\/uploads\/2018\/11\/IMG_20181124_110453-300x225.jpg 300w, https:\/\/jakatomc.com\/wp-content\/uploads\/2018\/11\/IMG_20181124_110453-768x576.jpg 768w, https:\/\/jakatomc.com\/wp-content\/uploads\/2018\/11\/IMG_20181124_110453-264x198.jpg 264w, https:\/\/jakatomc.com\/wp-content\/uploads\/2018\/11\/IMG_20181124_110453-600x450.jpg 600w\" sizes=\"auto, (max-width: 819px) 100vw, 819px\" \/><\/p>\n<p><img loading=\"lazy\" decoding=\"async\" class=\"aligncenter wp-image-1161\" src=\"https:\/\/jakatomc.com\/wp-content\/uploads\/2018\/07\/14237527_10155222316217926_4637707623798090613_n.jpg\" alt=\"\" width=\"819\" height=\"819\" srcset=\"https:\/\/jakatomc.com\/wp-content\/uploads\/2018\/07\/14237527_10155222316217926_4637707623798090613_n.jpg 960w, https:\/\/jakatomc.com\/wp-content\/uploads\/2018\/07\/14237527_10155222316217926_4637707623798090613_n-150x150.jpg 150w, https:\/\/jakatomc.com\/wp-content\/uploads\/2018\/07\/14237527_10155222316217926_4637707623798090613_n-300x300.jpg 300w, https:\/\/jakatomc.com\/wp-content\/uploads\/2018\/07\/14237527_10155222316217926_4637707623798090613_n-768x768.jpg 768w, https:\/\/jakatomc.com\/wp-content\/uploads\/2018\/07\/14237527_10155222316217926_4637707623798090613_n-264x264.jpg 264w\" sizes=\"auto, (max-width: 819px) 100vw, 819px\" \/><\/p>\n<p><img loading=\"lazy\" decoding=\"async\" class=\"aligncenter size-large wp-image-979\" src=\"https:\/\/jakatomc.com\/wp-content\/uploads\/2018\/03\/10986949_10153665444177926_6819101073778584632_o-1024x1024.jpg\" alt=\"\" width=\"819\" height=\"819\" srcset=\"https:\/\/jakatomc.com\/wp-content\/uploads\/2018\/03\/10986949_10153665444177926_6819101073778584632_o-1024x1024.jpg 1024w, https:\/\/jakatomc.com\/wp-content\/uploads\/2018\/03\/10986949_10153665444177926_6819101073778584632_o-150x150.jpg 150w, https:\/\/jakatomc.com\/wp-content\/uploads\/2018\/03\/10986949_10153665444177926_6819101073778584632_o-300x300.jpg 300w, https:\/\/jakatomc.com\/wp-content\/uploads\/2018\/03\/10986949_10153665444177926_6819101073778584632_o-768x768.jpg 768w, https:\/\/jakatomc.com\/wp-content\/uploads\/2018\/03\/10986949_10153665444177926_6819101073778584632_o.jpg 2048w\" sizes=\"auto, (max-width: 819px) 100vw, 819px\" \/><\/p>\n<p><img loading=\"lazy\" decoding=\"async\" class=\"aligncenter size-large wp-image-8809\" src=\"https:\/\/jakatomc.com\/wp-content\/uploads\/2020\/04\/dandy_mockup-1024x576.jpg\" alt=\"\" width=\"819\" height=\"461\" srcset=\"https:\/\/jakatomc.com\/wp-content\/uploads\/2020\/04\/dandy_mockup-1024x576.jpg 1024w, https:\/\/jakatomc.com\/wp-content\/uploads\/2020\/04\/dandy_mockup-300x169.jpg 300w, https:\/\/jakatomc.com\/wp-content\/uploads\/2020\/04\/dandy_mockup-768x432.jpg 768w, https:\/\/jakatomc.com\/wp-content\/uploads\/2020\/04\/dandy_mockup-1536x864.jpg 1536w, https:\/\/jakatomc.com\/wp-content\/uploads\/2020\/04\/dandy_mockup.jpg 1920w\" sizes=\"auto, (max-width: 819px) 100vw, 819px\" \/><\/p>\n<p><img loading=\"lazy\" decoding=\"async\" class=\"aligncenter size-large wp-image-8814\" src=\"https:\/\/jakatomc.com\/wp-content\/uploads\/2020\/04\/mp_mockup-1024x576.jpg\" alt=\"\" width=\"819\" height=\"461\" srcset=\"https:\/\/jakatomc.com\/wp-content\/uploads\/2020\/04\/mp_mockup-1024x576.jpg 1024w, https:\/\/jakatomc.com\/wp-content\/uploads\/2020\/04\/mp_mockup-300x169.jpg 300w, https:\/\/jakatomc.com\/wp-content\/uploads\/2020\/04\/mp_mockup-768x432.jpg 768w, https:\/\/jakatomc.com\/wp-content\/uploads\/2020\/04\/mp_mockup-1536x864.jpg 1536w, https:\/\/jakatomc.com\/wp-content\/uploads\/2020\/04\/mp_mockup.jpg 1920w\" sizes=\"auto, (max-width: 819px) 100vw, 819px\" \/><\/p>\n","protected":false},"excerpt":{"rendered":"","protected":false},"author":3,"featured_media":636,"parent":0,"menu_order":0,"comment_status":"closed","ping_status":"closed","template":"","meta":{"footnotes":""},"class_list":["post-90","page","type-page","status-publish","has-post-thumbnail","hentry"],"yoast_head":"<!-- This site is optimized with the Yoast SEO plugin v26.9 - https:\/\/yoast.com\/product\/yoast-seo-wordpress\/ -->\n<title>Moje knjige - Jaka Tomc<\/title>\n<meta name=\"description\" content=\"Od leta 2010 sem izdal \u0161est knjig. \u0160tiri romane, pesni\u0161ko zbirko in avtobiografijo o \u017eivljenju z bipolarno motnjo.\" \/>\n<meta name=\"robots\" content=\"index, follow, max-snippet:-1, max-image-preview:large, max-video-preview:-1\" \/>\n<link rel=\"canonical\" href=\"https:\/\/jakatomc.com\/sl\/moje-knjige-2\/\" \/>\n<meta property=\"og:locale\" content=\"sl_SI\" \/>\n<meta property=\"og:type\" content=\"article\" \/>\n<meta property=\"og:title\" content=\"Moje knjige - Jaka Tomc\" \/>\n<meta property=\"og:description\" content=\"Od leta 2010 sem izdal \u0161est knjig. \u0160tiri romane, pesni\u0161ko zbirko in avtobiografijo o \u017eivljenju z bipolarno motnjo.\" \/>\n<meta property=\"og:url\" content=\"https:\/\/jakatomc.com\/sl\/moje-knjige-2\/\" \/>\n<meta property=\"og:site_name\" content=\"Jaka Tomc\" \/>\n<meta property=\"article:modified_time\" content=\"2022-10-30T12:36:00+00:00\" \/>\n<meta property=\"og:image\" content=\"https:\/\/jakatomc.com\/wp-content\/uploads\/2017\/09\/002Pisatelj_Jaka_Tomc_foto_Mankica_Kranjec-1024x683.jpg\" \/>\n\t<meta property=\"og:image:width\" content=\"1024\" \/>\n\t<meta property=\"og:image:height\" content=\"683\" \/>\n\t<meta property=\"og:image:type\" content=\"image\/jpeg\" \/>\n<meta name=\"twitter:card\" content=\"summary_large_image\" \/>\n<meta name=\"twitter:label1\" content=\"Est. reading time\" \/>\n\t<meta name=\"twitter:data1\" content=\"2 minuti\" \/>\n<script type=\"application\/ld+json\" class=\"yoast-schema-graph\">{\"@context\":\"https:\/\/schema.org\",\"@graph\":[{\"@type\":\"WebPage\",\"@id\":\"https:\/\/jakatomc.com\/sl\/moje-knjige-2\/\",\"url\":\"https:\/\/jakatomc.com\/sl\/moje-knjige-2\/\",\"name\":\"Moje knjige - Jaka Tomc\",\"isPartOf\":{\"@id\":\"https:\/\/jakatomc.com\/#website\"},\"primaryImageOfPage\":{\"@id\":\"https:\/\/jakatomc.com\/sl\/moje-knjige-2\/#primaryimage\"},\"image\":{\"@id\":\"https:\/\/jakatomc.com\/sl\/moje-knjige-2\/#primaryimage\"},\"thumbnailUrl\":\"https:\/\/jakatomc.com\/wp-content\/uploads\/2017\/09\/002Pisatelj_Jaka_Tomc_foto_Mankica_Kranjec.jpg\",\"datePublished\":\"2017-09-28T10:01:05+00:00\",\"dateModified\":\"2022-10-30T12:36:00+00:00\",\"description\":\"Od leta 2010 sem izdal \u0161est knjig. \u0160tiri romane, pesni\u0161ko zbirko in avtobiografijo o \u017eivljenju z bipolarno motnjo.\",\"breadcrumb\":{\"@id\":\"https:\/\/jakatomc.com\/sl\/moje-knjige-2\/#breadcrumb\"},\"inLanguage\":\"sl-SI\",\"potentialAction\":[{\"@type\":\"ReadAction\",\"target\":[\"https:\/\/jakatomc.com\/sl\/moje-knjige-2\/\"]}]},{\"@type\":\"ImageObject\",\"inLanguage\":\"sl-SI\",\"@id\":\"https:\/\/jakatomc.com\/sl\/moje-knjige-2\/#primaryimage\",\"url\":\"https:\/\/jakatomc.com\/wp-content\/uploads\/2017\/09\/002Pisatelj_Jaka_Tomc_foto_Mankica_Kranjec.jpg\",\"contentUrl\":\"https:\/\/jakatomc.com\/wp-content\/uploads\/2017\/09\/002Pisatelj_Jaka_Tomc_foto_Mankica_Kranjec.jpg\",\"width\":3000,\"height\":2002},{\"@type\":\"BreadcrumbList\",\"@id\":\"https:\/\/jakatomc.com\/sl\/moje-knjige-2\/#breadcrumb\",\"itemListElement\":[{\"@type\":\"ListItem\",\"position\":1,\"name\":\"Home\",\"item\":\"https:\/\/jakatomc.com\/sl\/\"},{\"@type\":\"ListItem\",\"position\":2,\"name\":\"Moje knjige\"}]},{\"@type\":\"WebSite\",\"@id\":\"https:\/\/jakatomc.com\/#website\",\"url\":\"https:\/\/jakatomc.com\/\",\"name\":\"Jaka Tomc\",\"description\":\"Imagination is my reality\",\"potentialAction\":[{\"@type\":\"SearchAction\",\"target\":{\"@type\":\"EntryPoint\",\"urlTemplate\":\"https:\/\/jakatomc.com\/?s={search_term_string}\"},\"query-input\":{\"@type\":\"PropertyValueSpecification\",\"valueRequired\":true,\"valueName\":\"search_term_string\"}}],\"inLanguage\":\"sl-SI\"}]}<\/script>\n<!-- \/ Yoast SEO plugin. -->","yoast_head_json":{"title":"Moje knjige - Jaka Tomc","description":"Od leta 2010 sem izdal \u0161est knjig. \u0160tiri romane, pesni\u0161ko zbirko in avtobiografijo o \u017eivljenju z bipolarno motnjo.","robots":{"index":"index","follow":"follow","max-snippet":"max-snippet:-1","max-image-preview":"max-image-preview:large","max-video-preview":"max-video-preview:-1"},"canonical":"https:\/\/jakatomc.com\/sl\/moje-knjige-2\/","og_locale":"sl_SI","og_type":"article","og_title":"Moje knjige - Jaka Tomc","og_description":"Od leta 2010 sem izdal \u0161est knjig. \u0160tiri romane, pesni\u0161ko zbirko in avtobiografijo o \u017eivljenju z bipolarno motnjo.","og_url":"https:\/\/jakatomc.com\/sl\/moje-knjige-2\/","og_site_name":"Jaka Tomc","article_modified_time":"2022-10-30T12:36:00+00:00","og_image":[{"width":1024,"height":683,"url":"https:\/\/jakatomc.com\/wp-content\/uploads\/2017\/09\/002Pisatelj_Jaka_Tomc_foto_Mankica_Kranjec-1024x683.jpg","type":"image\/jpeg"}],"twitter_card":"summary_large_image","twitter_misc":{"Est. reading time":"2 minuti"},"schema":{"@context":"https:\/\/schema.org","@graph":[{"@type":"WebPage","@id":"https:\/\/jakatomc.com\/sl\/moje-knjige-2\/","url":"https:\/\/jakatomc.com\/sl\/moje-knjige-2\/","name":"Moje knjige - Jaka Tomc","isPartOf":{"@id":"https:\/\/jakatomc.com\/#website"},"primaryImageOfPage":{"@id":"https:\/\/jakatomc.com\/sl\/moje-knjige-2\/#primaryimage"},"image":{"@id":"https:\/\/jakatomc.com\/sl\/moje-knjige-2\/#primaryimage"},"thumbnailUrl":"https:\/\/jakatomc.com\/wp-content\/uploads\/2017\/09\/002Pisatelj_Jaka_Tomc_foto_Mankica_Kranjec.jpg","datePublished":"2017-09-28T10:01:05+00:00","dateModified":"2022-10-30T12:36:00+00:00","description":"Od leta 2010 sem izdal \u0161est knjig. \u0160tiri romane, pesni\u0161ko zbirko in avtobiografijo o \u017eivljenju z bipolarno motnjo.","breadcrumb":{"@id":"https:\/\/jakatomc.com\/sl\/moje-knjige-2\/#breadcrumb"},"inLanguage":"sl-SI","potentialAction":[{"@type":"ReadAction","target":["https:\/\/jakatomc.com\/sl\/moje-knjige-2\/"]}]},{"@type":"ImageObject","inLanguage":"sl-SI","@id":"https:\/\/jakatomc.com\/sl\/moje-knjige-2\/#primaryimage","url":"https:\/\/jakatomc.com\/wp-content\/uploads\/2017\/09\/002Pisatelj_Jaka_Tomc_foto_Mankica_Kranjec.jpg","contentUrl":"https:\/\/jakatomc.com\/wp-content\/uploads\/2017\/09\/002Pisatelj_Jaka_Tomc_foto_Mankica_Kranjec.jpg","width":3000,"height":2002},{"@type":"BreadcrumbList","@id":"https:\/\/jakatomc.com\/sl\/moje-knjige-2\/#breadcrumb","itemListElement":[{"@type":"ListItem","position":1,"name":"Home","item":"https:\/\/jakatomc.com\/sl\/"},{"@type":"ListItem","position":2,"name":"Moje knjige"}]},{"@type":"WebSite","@id":"https:\/\/jakatomc.com\/#website","url":"https:\/\/jakatomc.com\/","name":"Jaka Tomc","description":"Imagination is my reality","potentialAction":[{"@type":"SearchAction","target":{"@type":"EntryPoint","urlTemplate":"https:\/\/jakatomc.com\/?s={search_term_string}"},"query-input":{"@type":"PropertyValueSpecification","valueRequired":true,"valueName":"search_term_string"}}],"inLanguage":"sl-SI"}]}},"_links":{"self":[{"href":"https:\/\/jakatomc.com\/sl\/wp-json\/wp\/v2\/pages\/90","targetHints":{"allow":["GET"]}}],"collection":[{"href":"https:\/\/jakatomc.com\/sl\/wp-json\/wp\/v2\/pages"}],"about":[{"href":"https:\/\/jakatomc.com\/sl\/wp-json\/wp\/v2\/types\/page"}],"author":[{"embeddable":true,"href":"https:\/\/jakatomc.com\/sl\/wp-json\/wp\/v2\/users\/3"}],"replies":[{"embeddable":true,"href":"https:\/\/jakatomc.com\/sl\/wp-json\/wp\/v2\/comments?post=90"}],"version-history":[{"count":2,"href":"https:\/\/jakatomc.com\/sl\/wp-json\/wp\/v2\/pages\/90\/revisions"}],"predecessor-version":[{"id":12949,"href":"https:\/\/jakatomc.com\/sl\/wp-json\/wp\/v2\/pages\/90\/revisions\/12949"}],"wp:featuredmedia":[{"embeddable":true,"href":"https:\/\/jakatomc.com\/sl\/wp-json\/wp\/v2\/media\/636"}],"wp:attachment":[{"href":"https:\/\/jakatomc.com\/sl\/wp-json\/wp\/v2\/media?parent=90"}],"curies":[{"name":"wp","href":"https:\/\/api.w.org\/{rel}","templated":true}]}}