{"id":881,"date":"2018-03-21T20:43:16","date_gmt":"2018-03-21T19:43:16","guid":{"rendered":"http:\/\/jakatomc.com\/?page_id=881"},"modified":"2023-10-24T15:09:53","modified_gmt":"2023-10-24T13:09:53","slug":"recenzije","status":"publish","type":"page","link":"https:\/\/jakatomc.com\/sl\/recenzije\/","title":{"rendered":"Recenzije"},"content":{"rendered":"<p>&nbsp;<\/p>\n<figure id=\"attachment_1473\" aria-describedby=\"caption-attachment-1473\" style=\"width: 1024px\" class=\"wp-caption aligncenter\"><img loading=\"lazy\" decoding=\"async\" class=\"size-large wp-image-1473\" src=\"https:\/\/jakatomc.com\/wp-content\/uploads\/2018\/09\/010Jaka_Tomc_2018_foto_Mankica_Kranjec-1024x683.jpg\" alt=\"\" width=\"1024\" height=\"683\" \/><figcaption id=\"caption-attachment-1473\" class=\"wp-caption-text\">Jaka Tomc, Ljubljana, 2018, foto: Mankica Kranjec<\/figcaption><\/figure>\n<p>Knjiga brez bralcev ne obstaja. Zato je za avtorja izjemno pomembno, da se glas o njegovih knjigah &#8211; tudi skozi recenzije &#8211; \u0161iri in dose\u017ee \u010dim ve\u010d ljudi. Le tako lahko njegova dela, \u010de si to zaslu\u017eijo, postanejo uspe\u0161nice.<\/p>\n<p>Spodaj so zbrane meni znane recenzije mojih del:<\/p>\n<h3><a href=\"https:\/\/jakatomc.com\/sl\/moje-knjige\/stop-igra\/\" target=\"_blank\" rel=\"noopener\"><span style=\"text-decoration: underline;\">Stop igra<\/span><\/a><\/h3>\n<ul>\n<li><a href=\"https:\/\/homocumolat.com\/2023\/07\/20\/jaka-tomc-stop-igra\/\" target=\"_blank\" rel=\"noopener\">KMCS<\/a>, Mi\u0161a Gams<\/li>\n<li><a href=\"https:\/\/www.omra.si\/media\/2478\/243_jaka-tomc-stop-igra.pdf\" target=\"_blank\" rel=\"noopener\">OMRA<\/a>, Julija Kr\u017ei\u0161nik<\/li>\n<li><a href=\"https:\/\/vidsteh84.wordpress.com\/2023\/03\/09\/jaka-tomc-stop-igra-moje-zivljenje-z-bipolarno-motnjo\/\" target=\"_blank\" rel=\"noopener\">Razgledano<\/a>, Vid \u0160teh<\/li>\n<li><a href=\"https:\/\/www.metropolitan.si\/zdravje\/ce-bi-bila-manija-v-obliki-tabletke-bi-postala-svetovni-hit-jaka-tomc-o-zivljenju-z-bipolarno-motnjo\/\" target=\"_blank\" rel=\"noopener\">Metropolitan<\/a>, Nata\u0161a Zupanc<\/li>\n<li><a href=\"https:\/\/maticpise.com\/2022\/12\/30\/stop-igra\/\" target=\"_blank\" rel=\"noopener\">Matic Pi\u0161e<\/a>, Matic Slap\u0161ak<\/li>\n<li><a href=\"https:\/\/www.student.si\/zabava\/knjiga\/stop-igra-iskrena-knjiga-iskrenega-pisatelja\/\" target=\"_blank\" rel=\"noopener\">\u0160tudent<\/a>, \u017diga Kastelic<\/li>\n<li><a href=\"https:\/\/www.ajdanaklada.com\/post-1\/recenzija-stop-igra\" target=\"_blank\" rel=\"noopener\">Ajda naklada<\/a><\/li>\n<li><a href=\"https:\/\/navalovihvrstic.blogspot.com\/2023\/02\/jaka-tomc-stop-igra.html\" target=\"_blank\" rel=\"noopener\">Na valovih vrstic<\/a><\/li>\n<li><a href=\"https:\/\/www.dobreknjige.si\/Knjiga.aspx?knjiga=11806\" target=\"_blank\" rel=\"noopener\">Dobre knjige<\/a>, Viktorija Kante<\/li>\n<\/ul>\n<h3><a href=\"https:\/\/jakatomc.com\/sl\/moje-knjige\/androidi-cutijo-v-barvah\/\">Androidi \u010dutijo v barvah<\/a><\/h3>\n<ul>\n<li><a href=\"https:\/\/www.dobreknjige.si\/Knjiga.aspx?knjiga=7898\" target=\"_blank\" rel=\"noopener noreferrer\">Dobre knjige<\/a>, Katra Hribar Frol<\/li>\n<li><a href=\"https:\/\/nejabere.si\/2020\/04\/19\/androidi-cutijo-v-barvah-jaka-tomc\/\" target=\"_blank\" rel=\"noopener noreferrer\">Neja bere<\/a><\/li>\n<li><a href=\"https:\/\/www.znanstvena-fantastika.si\/2020\/05\/recenzija-androidi-cutijo-v-barvah-jaka.html\" target=\"_blank\" rel=\"noopener noreferrer\">Znanstvena fantastika<\/a>, Andra\u017e Benedik<\/li>\n<li><a href=\"https:\/\/www.pesemptic.com\/hitro-mnenje-androidi-cutijo-v-barvah-jaka-tomc\/\" target=\"_blank\" rel=\"noopener noreferrer\">Pesem ptic<\/a><\/li>\n<li><a href=\"https:\/\/maticpise.wordpress.com\/2020\/07\/20\/androidi-cutijo-v-barvah\/\" target=\"_blank\" rel=\"noopener noreferrer\">Matic pi\u0161e<\/a>, Matic Slap\u0161ak<\/li>\n<li><a href=\"http:\/\/badgerka.com\/androidi-cutijo-v-barvah-jaka-tomc\/\" target=\"_blank\" rel=\"noopener noreferrer\">Badgerka<\/a><\/li>\n<li><a href=\"https:\/\/tehnozvezdje.si\/androidi-cutijo-v-barvah-kratka-in-sladka-novela-o-moznem-odzivu-na-umetno-inteligenco\/\" target=\"_blank\" rel=\"noopener noreferrer\">Tehnozvezdje<\/a>, Marjan Kodelja<\/li>\n<li><a href=\"https:\/\/www.ajdanaklada.com\/post-1\/recenzija-androidi-%C4%8Dutijo-v-barvah\" target=\"_blank\" rel=\"noopener noreferrer\">Ajda naklada<\/a><\/li>\n<\/ul>\n<h3><a href=\"https:\/\/jakatomc.com\/sl\/moje-knjige\/720-utripov-srca\/\">720 utripov srca<\/a><\/h3>\n<ul>\n<li><a href=\"http:\/\/kon-teksti.blogspot.si\/2017\/06\/720-utripov-srca-o-junaku-ki-najde.html\" target=\"_blank\" rel=\"noopener noreferrer\">Konteksti<\/a>, Toma\u017e Be\u0161ter<\/li>\n<li><a href=\"https:\/\/www.dobreknjige.si\/Knjiga.aspx?knjiga=4703\" target=\"_blank\" rel=\"noopener noreferrer\">Dobre knjige<\/a>, Katra Hribar Frol<\/li>\n<li><a href=\"https:\/\/www.dobreknjige.si\/Knjiga.aspx?knjiga=4703\" target=\"_blank\" rel=\"noopener noreferrer\">Dru\u0161tvo literarnih kritikov<\/a>, Veronika \u0160oster<\/li>\n<li><a href=\"https:\/\/filmpuppet1984.wordpress.com\/2017\/10\/28\/jaka-tomc-720-utripov-srca\/\" target=\"_blank\" rel=\"noopener noreferrer\">Razgledano<\/a>, Vid \u0160teh<\/li>\n<li><a href=\"https:\/\/www.dostop.si\/poletno-branje-6\/\" target=\"_blank\" rel=\"noopener noreferrer\">Spekter<\/a>, Simona Dijak<\/li>\n<li><a href=\"https:\/\/prfoxa.wordpress.com\/2019\/11\/07\/720-utripov-srca\/\" target=\"_blank\" rel=\"noopener noreferrer\">Prfoxa<\/a><\/li>\n<\/ul>\n<h3><a href=\"https:\/\/jakatomc.com\/sl\/moje-knjige\/manicni-poet\/\">Mani\u010dni poet<\/a><\/h3>\n<ul>\n<li><a href=\"https:\/\/www.dobreknjige.si\/Knjiga.aspx?knjiga=2540\" target=\"_blank\" rel=\"noopener noreferrer\">Dobre knjige<\/a>, Nenad Arizanovi\u0107<\/li>\n<li><a href=\"http:\/\/gospodicnaknjiga.si\/2011\/03\/manicni-poet.html\/\" target=\"_blank\" rel=\"noopener noreferrer\">Gospodi\u010dna knjiga<\/a>, Nina Pre\u0161ern<\/li>\n<\/ul>\n<h3><a href=\"https:\/\/jakatomc.com\/sl\/moje-knjige\/zacetek-konca-zgodba-o-davidu-locku-1\/\">Zgodba o Davidu Locku<\/a><\/h3>\n<ul>\n<li><a href=\"https:\/\/nejabere.si\/2018\/11\/27\/zgodba-o-locku-davidu-locku-jaka-tomc\/\" target=\"_blank\" rel=\"noopener noreferrer\">Neja bere<\/a><\/li>\n<li><a href=\"https:\/\/www.dobreknjige.si\/Knjiga.aspx?knjiga=2213\" target=\"_blank\" rel=\"noopener noreferrer\">Dobre knjige<\/a>, Katra Hribar Frol<\/li>\n<\/ul>\n<h3><a href=\"https:\/\/jakatomc.com\/sl\/moje-knjige\/mali-uzitki\/\">Mali u\u017eitki<\/a><\/h3>\n<ul>\n<li><a href=\"http:\/\/www.bukla.si\/?action=books&amp;book_id=23926\" target=\"_blank\" rel=\"noopener noreferrer\">Bukla<\/a>, Kristina Sluga<\/li>\n<\/ul>\n<h3><a href=\"https:\/\/jakatomc.com\/sl\/moje-knjige\/pokanje-mehurckov\/\">Pokanje mehur\u010dkov<\/a><\/h3>\n<ul>\n<li><a href=\"http:\/\/www.simonorac.com\/pokanje-mehurckov\/\" target=\"_blank\" rel=\"noopener noreferrer\">Obrazni backstage<\/a>, Simon Ora\u010d<\/li>\n<li><a href=\"https:\/\/navalovihvrstic.blogspot.com\/2020\/07\/jaka-tomc-pokanje-mehurckov.html\" target=\"_blank\" rel=\"noopener noreferrer\">Na valovih vrstic<\/a><\/li>\n<\/ul>\n","protected":false},"excerpt":{"rendered":"<p>&nbsp; Knjiga brez bralcev ne obstaja. Zato je za avtorja izjemno pomembno, da se glas o njegovih knjigah &#8211; tudi skozi recenzije &#8211; \u0161iri in [&hellip;]<\/p>\n","protected":false},"author":1,"featured_media":0,"parent":0,"menu_order":0,"comment_status":"closed","ping_status":"closed","template":"","meta":{"footnotes":""},"class_list":["post-881","page","type-page","status-publish","hentry"],"yoast_head":"<!-- This site is optimized with the Yoast SEO plugin v26.9 - https:\/\/yoast.com\/product\/yoast-seo-wordpress\/ -->\n<title>Recenzije - Jaka Tomc<\/title>\n<meta name=\"description\" content=\"Knjiga brez bralcev ne obstaja. Zato je za avtorja izjemno pomembno, da se glas o njegovih knjigah, tudi skozi recenzije, \u0161iri in dose\u017ee \u010dim ve\u010d ljudi.\" \/>\n<meta name=\"robots\" content=\"index, follow, max-snippet:-1, max-image-preview:large, max-video-preview:-1\" \/>\n<link rel=\"canonical\" href=\"https:\/\/jakatomc.com\/sl\/recenzije\/\" \/>\n<meta property=\"og:locale\" content=\"sl_SI\" \/>\n<meta property=\"og:type\" content=\"article\" \/>\n<meta property=\"og:title\" content=\"Recenzije - Jaka Tomc\" \/>\n<meta property=\"og:description\" content=\"Knjiga brez bralcev ne obstaja. Zato je za avtorja izjemno pomembno, da se glas o njegovih knjigah, tudi skozi recenzije, \u0161iri in dose\u017ee \u010dim ve\u010d ljudi.\" \/>\n<meta property=\"og:url\" content=\"https:\/\/jakatomc.com\/sl\/recenzije\/\" \/>\n<meta property=\"og:site_name\" content=\"Jaka Tomc\" \/>\n<meta property=\"article:modified_time\" content=\"2023-10-24T13:09:53+00:00\" \/>\n<meta property=\"og:image\" content=\"https:\/\/jakatomc.com\/wp-content\/uploads\/2018\/09\/010Jaka_Tomc_2018_foto_Mankica_Kranjec-1024x683.jpg\" \/>\n<meta name=\"twitter:card\" content=\"summary_large_image\" \/>\n<meta name=\"twitter:label1\" content=\"Est. reading time\" \/>\n\t<meta name=\"twitter:data1\" content=\"1 minuta\" \/>\n<script type=\"application\/ld+json\" class=\"yoast-schema-graph\">{\"@context\":\"https:\/\/schema.org\",\"@graph\":[{\"@type\":\"WebPage\",\"@id\":\"https:\/\/jakatomc.com\/sl\/recenzije\/\",\"url\":\"https:\/\/jakatomc.com\/sl\/recenzije\/\",\"name\":\"Recenzije - Jaka Tomc\",\"isPartOf\":{\"@id\":\"https:\/\/jakatomc.com\/#website\"},\"primaryImageOfPage\":{\"@id\":\"https:\/\/jakatomc.com\/sl\/recenzije\/#primaryimage\"},\"image\":{\"@id\":\"https:\/\/jakatomc.com\/sl\/recenzije\/#primaryimage\"},\"thumbnailUrl\":\"https:\/\/jakatomc.com\/wp-content\/uploads\/2018\/09\/010Jaka_Tomc_2018_foto_Mankica_Kranjec-1024x683.jpg\",\"datePublished\":\"2018-03-21T19:43:16+00:00\",\"dateModified\":\"2023-10-24T13:09:53+00:00\",\"description\":\"Knjiga brez bralcev ne obstaja. Zato je za avtorja izjemno pomembno, da se glas o njegovih knjigah, tudi skozi recenzije, \u0161iri in dose\u017ee \u010dim ve\u010d ljudi.\",\"breadcrumb\":{\"@id\":\"https:\/\/jakatomc.com\/sl\/recenzije\/#breadcrumb\"},\"inLanguage\":\"sl-SI\",\"potentialAction\":[{\"@type\":\"ReadAction\",\"target\":[\"https:\/\/jakatomc.com\/sl\/recenzije\/\"]}]},{\"@type\":\"ImageObject\",\"inLanguage\":\"sl-SI\",\"@id\":\"https:\/\/jakatomc.com\/sl\/recenzije\/#primaryimage\",\"url\":\"https:\/\/jakatomc.com\/wp-content\/uploads\/2018\/09\/010Jaka_Tomc_2018_foto_Mankica_Kranjec-1024x683.jpg\",\"contentUrl\":\"https:\/\/jakatomc.com\/wp-content\/uploads\/2018\/09\/010Jaka_Tomc_2018_foto_Mankica_Kranjec-1024x683.jpg\"},{\"@type\":\"BreadcrumbList\",\"@id\":\"https:\/\/jakatomc.com\/sl\/recenzije\/#breadcrumb\",\"itemListElement\":[{\"@type\":\"ListItem\",\"position\":1,\"name\":\"Home\",\"item\":\"https:\/\/jakatomc.com\/sl\/\"},{\"@type\":\"ListItem\",\"position\":2,\"name\":\"Recenzije\"}]},{\"@type\":\"WebSite\",\"@id\":\"https:\/\/jakatomc.com\/#website\",\"url\":\"https:\/\/jakatomc.com\/\",\"name\":\"Jaka Tomc\",\"description\":\"Imagination is my reality\",\"potentialAction\":[{\"@type\":\"SearchAction\",\"target\":{\"@type\":\"EntryPoint\",\"urlTemplate\":\"https:\/\/jakatomc.com\/?s={search_term_string}\"},\"query-input\":{\"@type\":\"PropertyValueSpecification\",\"valueRequired\":true,\"valueName\":\"search_term_string\"}}],\"inLanguage\":\"sl-SI\"}]}<\/script>\n<!-- \/ Yoast SEO plugin. -->","yoast_head_json":{"title":"Recenzije - Jaka Tomc","description":"Knjiga brez bralcev ne obstaja. Zato je za avtorja izjemno pomembno, da se glas o njegovih knjigah, tudi skozi recenzije, \u0161iri in dose\u017ee \u010dim ve\u010d ljudi.","robots":{"index":"index","follow":"follow","max-snippet":"max-snippet:-1","max-image-preview":"max-image-preview:large","max-video-preview":"max-video-preview:-1"},"canonical":"https:\/\/jakatomc.com\/sl\/recenzije\/","og_locale":"sl_SI","og_type":"article","og_title":"Recenzije - Jaka Tomc","og_description":"Knjiga brez bralcev ne obstaja. Zato je za avtorja izjemno pomembno, da se glas o njegovih knjigah, tudi skozi recenzije, \u0161iri in dose\u017ee \u010dim ve\u010d ljudi.","og_url":"https:\/\/jakatomc.com\/sl\/recenzije\/","og_site_name":"Jaka Tomc","article_modified_time":"2023-10-24T13:09:53+00:00","og_image":[{"url":"https:\/\/jakatomc.com\/wp-content\/uploads\/2018\/09\/010Jaka_Tomc_2018_foto_Mankica_Kranjec-1024x683.jpg","type":"","width":"","height":""}],"twitter_card":"summary_large_image","twitter_misc":{"Est. reading time":"1 minuta"},"schema":{"@context":"https:\/\/schema.org","@graph":[{"@type":"WebPage","@id":"https:\/\/jakatomc.com\/sl\/recenzije\/","url":"https:\/\/jakatomc.com\/sl\/recenzije\/","name":"Recenzije - Jaka Tomc","isPartOf":{"@id":"https:\/\/jakatomc.com\/#website"},"primaryImageOfPage":{"@id":"https:\/\/jakatomc.com\/sl\/recenzije\/#primaryimage"},"image":{"@id":"https:\/\/jakatomc.com\/sl\/recenzije\/#primaryimage"},"thumbnailUrl":"https:\/\/jakatomc.com\/wp-content\/uploads\/2018\/09\/010Jaka_Tomc_2018_foto_Mankica_Kranjec-1024x683.jpg","datePublished":"2018-03-21T19:43:16+00:00","dateModified":"2023-10-24T13:09:53+00:00","description":"Knjiga brez bralcev ne obstaja. Zato je za avtorja izjemno pomembno, da se glas o njegovih knjigah, tudi skozi recenzije, \u0161iri in dose\u017ee \u010dim ve\u010d ljudi.","breadcrumb":{"@id":"https:\/\/jakatomc.com\/sl\/recenzije\/#breadcrumb"},"inLanguage":"sl-SI","potentialAction":[{"@type":"ReadAction","target":["https:\/\/jakatomc.com\/sl\/recenzije\/"]}]},{"@type":"ImageObject","inLanguage":"sl-SI","@id":"https:\/\/jakatomc.com\/sl\/recenzije\/#primaryimage","url":"https:\/\/jakatomc.com\/wp-content\/uploads\/2018\/09\/010Jaka_Tomc_2018_foto_Mankica_Kranjec-1024x683.jpg","contentUrl":"https:\/\/jakatomc.com\/wp-content\/uploads\/2018\/09\/010Jaka_Tomc_2018_foto_Mankica_Kranjec-1024x683.jpg"},{"@type":"BreadcrumbList","@id":"https:\/\/jakatomc.com\/sl\/recenzije\/#breadcrumb","itemListElement":[{"@type":"ListItem","position":1,"name":"Home","item":"https:\/\/jakatomc.com\/sl\/"},{"@type":"ListItem","position":2,"name":"Recenzije"}]},{"@type":"WebSite","@id":"https:\/\/jakatomc.com\/#website","url":"https:\/\/jakatomc.com\/","name":"Jaka Tomc","description":"Imagination is my reality","potentialAction":[{"@type":"SearchAction","target":{"@type":"EntryPoint","urlTemplate":"https:\/\/jakatomc.com\/?s={search_term_string}"},"query-input":{"@type":"PropertyValueSpecification","valueRequired":true,"valueName":"search_term_string"}}],"inLanguage":"sl-SI"}]}},"_links":{"self":[{"href":"https:\/\/jakatomc.com\/sl\/wp-json\/wp\/v2\/pages\/881","targetHints":{"allow":["GET"]}}],"collection":[{"href":"https:\/\/jakatomc.com\/sl\/wp-json\/wp\/v2\/pages"}],"about":[{"href":"https:\/\/jakatomc.com\/sl\/wp-json\/wp\/v2\/types\/page"}],"author":[{"embeddable":true,"href":"https:\/\/jakatomc.com\/sl\/wp-json\/wp\/v2\/users\/1"}],"replies":[{"embeddable":true,"href":"https:\/\/jakatomc.com\/sl\/wp-json\/wp\/v2\/comments?post=881"}],"version-history":[{"count":21,"href":"https:\/\/jakatomc.com\/sl\/wp-json\/wp\/v2\/pages\/881\/revisions"}],"predecessor-version":[{"id":13013,"href":"https:\/\/jakatomc.com\/sl\/wp-json\/wp\/v2\/pages\/881\/revisions\/13013"}],"wp:attachment":[{"href":"https:\/\/jakatomc.com\/sl\/wp-json\/wp\/v2\/media?parent=881"}],"curies":[{"name":"wp","href":"https:\/\/api.w.org\/{rel}","templated":true}]}}