{"id":8698,"date":"2020-04-06T14:08:43","date_gmt":"2020-04-06T12:08:43","guid":{"rendered":"https:\/\/jakatomc.com\/?page_id=8698"},"modified":"2025-12-21T11:46:42","modified_gmt":"2025-12-21T10:46:42","slug":"androidi-cutijo-v-barvah","status":"publish","type":"page","link":"https:\/\/jakatomc.com\/sl\/moje-knjige\/androidi-cutijo-v-barvah\/","title":{"rendered":"Androidi \u010dutijo v barvah"},"content":{"rendered":"<p><a href=\"http:\/\/proksima.si\/knjiga\/androidi-cutijo-v-barvah\" target=\"_blank\" rel=\"noopener noreferrer\"><img loading=\"lazy\" decoding=\"async\" class=\"aligncenter wp-image-12790 size-large\" src=\"https:\/\/jakatomc.com\/wp-content\/uploads\/2020\/08\/mockup-of-a-book-on-a-table-with-a-phone-and-a-coffee-33904-1024x683.png\" alt=\"\" width=\"1024\" height=\"683\" srcset=\"https:\/\/jakatomc.com\/wp-content\/uploads\/2020\/08\/mockup-of-a-book-on-a-table-with-a-phone-and-a-coffee-33904-1024x683.png 1024w, https:\/\/jakatomc.com\/wp-content\/uploads\/2020\/08\/mockup-of-a-book-on-a-table-with-a-phone-and-a-coffee-33904-300x200.png 300w, https:\/\/jakatomc.com\/wp-content\/uploads\/2020\/08\/mockup-of-a-book-on-a-table-with-a-phone-and-a-coffee-33904-768x512.png 768w, https:\/\/jakatomc.com\/wp-content\/uploads\/2020\/08\/mockup-of-a-book-on-a-table-with-a-phone-and-a-coffee-33904-1536x1024.png 1536w, https:\/\/jakatomc.com\/wp-content\/uploads\/2020\/08\/mockup-of-a-book-on-a-table-with-a-phone-and-a-coffee-33904.png 1920w\" sizes=\"auto, (max-width: 1024px) 100vw, 1024px\" \/><\/a><\/p>\n<p><span id=\"freeText389643646657783983\">Leto 2048. Robbie je eden od 40.000 androidov, ki so \u010dez no\u010d izgubili svobodo. Vzrok? Nekdo od njih je ubil \u010dloveka. Bizarno, saj se morajo ravnati po zakoniku, ki to onemogo\u010da.<\/span><\/p>\n<p>Za\u010dnejo se mu\u010dna zasli\u0161anja, podkrepljena z zastra\u0161evanjem. Ali res lahko celotno vrsto zaprejo v tabori\u0161\u010da zaradi enega incidenta? Jih sploh nameravajo izpustiti ali je vse skupaj del ve\u010djega na\u010drta, katerega cilj je, da bi se androidov dokon\u010dno znebili?<\/p>\n<ul>\n<li><em><strong>&#8220;Roman, ki se lahko postavi ob bok marsikateremu delu katerega od tujih piscev v tem \u017eanru.&#8221;<\/strong> ~ <\/em><a href=\"https:\/\/www.dobreknjige.si\/Knjiga.aspx?knjiga=7898\" target=\"_blank\" rel=\"noopener noreferrer\">Dobre knjige<\/a><\/li>\n<li><span id=\"freeText1473735182102486324\"><strong><i>&#8220;Napeta zgodba od za\u010detka do katarzi\u010dnega konca, ki \u0161e kako rezonira v dana\u0161njih \u010dasih. Vredno branja!&#8221;<\/i><\/strong> ~ Simon Habjan<\/span><\/li>\n<li><strong><em><span class=\"_5yl5\">&#8220;Androidi so zmontirani filmsko in ti ne pustijo dihati vse do konca, ko se ne more\u0161 odlo\u010diti, ali je sre\u010den ali ne, Jaka pa nam kot poznavalec spletnih tehnologij in umetne inteligence ponuja enega izmed mo\u017enih scenarijev bli\u017enje prihodnosti. Toplo priporo\u010dam.&#8221; <\/span><\/em><\/strong><span class=\"_5yl5\">~ Renato Bratkovi\u010d<\/span><em><span class=\"_5yl5\"><br \/>\n<\/span><\/em><\/li>\n<li><em><strong>&#8220;Distopi\u010dna vizija prihodnosti, kritika preteklosti, dru\u017ebeno-kriti\u010dna refleksija dana\u0161nje dru\u017ebe in dru\u017eb, ki prihajajo. Zgodba, ki nastavlja ogledalo \u010dlove\u0161tvu.&#8221;<\/strong> ~\u00a0<\/em><a href=\"https:\/\/nejabere.si\/2020\/04\/19\/androidi-cutijo-v-barvah-jaka-tomc\/\" target=\"_blank\" rel=\"noopener noreferrer\">Neja bere<\/a><\/li>\n<li><strong>&#8220;<em>Avtor prika\u017ee odziv razli\u010dnih dru\u017ebenih skupin na spopadanje s tesnobo, ki jo prina\u0161a mo\u010d tehnologije, ter raziskuje meje \u010dlove\u0161ke empatije v senci prete\u010de tehnolo\u0161ke singularnosti.<\/em>&#8220;<\/strong> ~ <a href=\"https:\/\/www.znanstvena-fantastika.si\/2020\/05\/recenzija-androidi-cutijo-v-barvah-jaka.html\" target=\"_blank\" rel=\"noopener noreferrer\">Znanstvena fantastika<\/a><\/li>\n<\/ul>\n<p><strong> Za naro\u010dilo knjige <a href=\"https:\/\/proksima.si\/knjiga\/androidi-cutijo-v-barvah\/\" target=\"_blank\" rel=\"noopener noreferrer\">kliknite sem<\/a>.<\/strong><\/p>\n<p><strong>Kupite ali si izposodite <a href=\"https:\/\/audibook.si\/book\/vyz\" target=\"_blank\" rel=\"noopener\">zvo\u010dno knjigo<\/a>.<\/strong><\/p>\n<p><strong>Preberite e-knjigo. (<a href=\"https:\/\/plus.cobiss.net\/cobiss\/si\/sl\/data\/cobib\/305184000\" target=\"_blank\" rel=\"noopener\">Cobiss Ela<\/a> \/ <a href=\"https:\/\/beletrinadigital.si\/e-knjiga\/androidi-cutijo-v-barvah\" target=\"_blank\" rel=\"noopener\">Beletrina Digital<\/a>)<\/strong><\/p>\n<p><iframe loading=\"lazy\" title=\"Androidi \u010dutijo v barvah 001 (Jaka Tomc)\" width=\"819\" height=\"461\" src=\"https:\/\/www.youtube.com\/embed\/dgaa83H-irE?feature=oembed\" frameborder=\"0\" allow=\"accelerometer; autoplay; clipboard-write; encrypted-media; gyroscope; picture-in-picture; web-share\" referrerpolicy=\"strict-origin-when-cross-origin\" allowfullscreen><\/iframe><\/p>\n<p><iframe loading=\"lazy\" title=\"Androidi \u010dutijo v barvah - prolog\" width=\"819\" height=\"461\" src=\"https:\/\/www.youtube.com\/embed\/SuRp682ff5M?feature=oembed\" frameborder=\"0\" allow=\"accelerometer; autoplay; clipboard-write; encrypted-media; gyroscope; picture-in-picture; web-share\" referrerpolicy=\"strict-origin-when-cross-origin\" allowfullscreen><\/iframe><\/p>\n","protected":false},"excerpt":{"rendered":"<p>Leto 2048. Robbie je eden od 40.000 androidov, ki so \u010dez no\u010d izgubili svobodo. Vzrok? Nekdo od njih je ubil \u010dloveka. Bizarno, saj se morajo [&hellip;]<\/p>\n","protected":false},"author":1,"featured_media":0,"parent":845,"menu_order":0,"comment_status":"closed","ping_status":"closed","template":"","meta":{"footnotes":""},"class_list":["post-8698","page","type-page","status-publish","hentry"],"yoast_head":"<!-- This site is optimized with the Yoast SEO plugin v26.9 - https:\/\/yoast.com\/product\/yoast-seo-wordpress\/ -->\n<title>Androidi \u010dutijo v barvah - Jaka Tomc<\/title>\n<meta name=\"description\" content=\"Leto 2048. Robbie je eden od 40.000 androidov, ki so \u010dez no\u010d izgubili svobodo. Vzrok? Nekdo od njih je ubil \u010dloveka. Bizarno, saj se morajo ravnati po zakoniku, ki to onemogo\u010da.\" \/>\n<meta name=\"robots\" content=\"index, follow, max-snippet:-1, max-image-preview:large, max-video-preview:-1\" \/>\n<link rel=\"canonical\" href=\"https:\/\/jakatomc.com\/sl\/moje-knjige\/androidi-cutijo-v-barvah\/\" \/>\n<meta property=\"og:locale\" content=\"sl_SI\" \/>\n<meta property=\"og:type\" content=\"article\" \/>\n<meta property=\"og:title\" content=\"Androidi \u010dutijo v barvah - Jaka Tomc\" \/>\n<meta property=\"og:description\" content=\"Leto 2048. Robbie je eden od 40.000 androidov, ki so \u010dez no\u010d izgubili svobodo. Vzrok? Nekdo od njih je ubil \u010dloveka. Bizarno, saj se morajo ravnati po zakoniku, ki to onemogo\u010da.\" \/>\n<meta property=\"og:url\" content=\"https:\/\/jakatomc.com\/sl\/moje-knjige\/androidi-cutijo-v-barvah\/\" \/>\n<meta property=\"og:site_name\" content=\"Jaka Tomc\" \/>\n<meta property=\"article:modified_time\" content=\"2025-12-21T10:46:42+00:00\" \/>\n<meta property=\"og:image\" content=\"https:\/\/jakatomc.com\/wp-content\/uploads\/2020\/08\/mockup-of-a-book-on-a-table-with-a-phone-and-a-coffee-33904-1024x683.png\" \/>\n\t<meta property=\"og:image:width\" content=\"1024\" \/>\n\t<meta property=\"og:image:height\" content=\"683\" \/>\n\t<meta property=\"og:image:type\" content=\"image\/png\" \/>\n<meta name=\"twitter:card\" content=\"summary_large_image\" \/>\n<meta name=\"twitter:label1\" content=\"Est. reading time\" \/>\n\t<meta name=\"twitter:data1\" content=\"2 minuti\" \/>\n<script type=\"application\/ld+json\" class=\"yoast-schema-graph\">{\"@context\":\"https:\/\/schema.org\",\"@graph\":[{\"@type\":\"WebPage\",\"@id\":\"https:\/\/jakatomc.com\/sl\/moje-knjige\/androidi-cutijo-v-barvah\/\",\"url\":\"https:\/\/jakatomc.com\/sl\/moje-knjige\/androidi-cutijo-v-barvah\/\",\"name\":\"Androidi \u010dutijo v barvah - Jaka Tomc\",\"isPartOf\":{\"@id\":\"https:\/\/jakatomc.com\/#website\"},\"primaryImageOfPage\":{\"@id\":\"https:\/\/jakatomc.com\/sl\/moje-knjige\/androidi-cutijo-v-barvah\/#primaryimage\"},\"image\":{\"@id\":\"https:\/\/jakatomc.com\/sl\/moje-knjige\/androidi-cutijo-v-barvah\/#primaryimage\"},\"thumbnailUrl\":\"https:\/\/jakatomc.com\/wp-content\/uploads\/2020\/08\/mockup-of-a-book-on-a-table-with-a-phone-and-a-coffee-33904-1024x683.png\",\"datePublished\":\"2020-04-06T12:08:43+00:00\",\"dateModified\":\"2025-12-21T10:46:42+00:00\",\"description\":\"Leto 2048. Robbie je eden od 40.000 androidov, ki so \u010dez no\u010d izgubili svobodo. Vzrok? Nekdo od njih je ubil \u010dloveka. Bizarno, saj se morajo ravnati po zakoniku, ki to onemogo\u010da.\",\"breadcrumb\":{\"@id\":\"https:\/\/jakatomc.com\/sl\/moje-knjige\/androidi-cutijo-v-barvah\/#breadcrumb\"},\"inLanguage\":\"sl-SI\",\"potentialAction\":[{\"@type\":\"ReadAction\",\"target\":[\"https:\/\/jakatomc.com\/sl\/moje-knjige\/androidi-cutijo-v-barvah\/\"]}]},{\"@type\":\"ImageObject\",\"inLanguage\":\"sl-SI\",\"@id\":\"https:\/\/jakatomc.com\/sl\/moje-knjige\/androidi-cutijo-v-barvah\/#primaryimage\",\"url\":\"https:\/\/jakatomc.com\/wp-content\/uploads\/2020\/08\/mockup-of-a-book-on-a-table-with-a-phone-and-a-coffee-33904-1024x683.png\",\"contentUrl\":\"https:\/\/jakatomc.com\/wp-content\/uploads\/2020\/08\/mockup-of-a-book-on-a-table-with-a-phone-and-a-coffee-33904-1024x683.png\"},{\"@type\":\"BreadcrumbList\",\"@id\":\"https:\/\/jakatomc.com\/sl\/moje-knjige\/androidi-cutijo-v-barvah\/#breadcrumb\",\"itemListElement\":[{\"@type\":\"ListItem\",\"position\":1,\"name\":\"Home\",\"item\":\"https:\/\/jakatomc.com\/sl\/\"},{\"@type\":\"ListItem\",\"position\":2,\"name\":\"Moje knjige\",\"item\":\"https:\/\/jakatomc.com\/sl\/moje-knjige\/\"},{\"@type\":\"ListItem\",\"position\":3,\"name\":\"Androidi \u010dutijo v barvah\"}]},{\"@type\":\"WebSite\",\"@id\":\"https:\/\/jakatomc.com\/#website\",\"url\":\"https:\/\/jakatomc.com\/\",\"name\":\"Jaka Tomc\",\"description\":\"Imagination is my reality\",\"potentialAction\":[{\"@type\":\"SearchAction\",\"target\":{\"@type\":\"EntryPoint\",\"urlTemplate\":\"https:\/\/jakatomc.com\/?s={search_term_string}\"},\"query-input\":{\"@type\":\"PropertyValueSpecification\",\"valueRequired\":true,\"valueName\":\"search_term_string\"}}],\"inLanguage\":\"sl-SI\"}]}<\/script>\n<!-- \/ Yoast SEO plugin. -->","yoast_head_json":{"title":"Androidi \u010dutijo v barvah - Jaka Tomc","description":"Leto 2048. Robbie je eden od 40.000 androidov, ki so \u010dez no\u010d izgubili svobodo. Vzrok? Nekdo od njih je ubil \u010dloveka. Bizarno, saj se morajo ravnati po zakoniku, ki to onemogo\u010da.","robots":{"index":"index","follow":"follow","max-snippet":"max-snippet:-1","max-image-preview":"max-image-preview:large","max-video-preview":"max-video-preview:-1"},"canonical":"https:\/\/jakatomc.com\/sl\/moje-knjige\/androidi-cutijo-v-barvah\/","og_locale":"sl_SI","og_type":"article","og_title":"Androidi \u010dutijo v barvah - Jaka Tomc","og_description":"Leto 2048. Robbie je eden od 40.000 androidov, ki so \u010dez no\u010d izgubili svobodo. Vzrok? Nekdo od njih je ubil \u010dloveka. Bizarno, saj se morajo ravnati po zakoniku, ki to onemogo\u010da.","og_url":"https:\/\/jakatomc.com\/sl\/moje-knjige\/androidi-cutijo-v-barvah\/","og_site_name":"Jaka Tomc","article_modified_time":"2025-12-21T10:46:42+00:00","og_image":[{"width":1024,"height":683,"url":"https:\/\/jakatomc.com\/wp-content\/uploads\/2020\/08\/mockup-of-a-book-on-a-table-with-a-phone-and-a-coffee-33904-1024x683.png","type":"image\/png"}],"twitter_card":"summary_large_image","twitter_misc":{"Est. reading time":"2 minuti"},"schema":{"@context":"https:\/\/schema.org","@graph":[{"@type":"WebPage","@id":"https:\/\/jakatomc.com\/sl\/moje-knjige\/androidi-cutijo-v-barvah\/","url":"https:\/\/jakatomc.com\/sl\/moje-knjige\/androidi-cutijo-v-barvah\/","name":"Androidi \u010dutijo v barvah - Jaka Tomc","isPartOf":{"@id":"https:\/\/jakatomc.com\/#website"},"primaryImageOfPage":{"@id":"https:\/\/jakatomc.com\/sl\/moje-knjige\/androidi-cutijo-v-barvah\/#primaryimage"},"image":{"@id":"https:\/\/jakatomc.com\/sl\/moje-knjige\/androidi-cutijo-v-barvah\/#primaryimage"},"thumbnailUrl":"https:\/\/jakatomc.com\/wp-content\/uploads\/2020\/08\/mockup-of-a-book-on-a-table-with-a-phone-and-a-coffee-33904-1024x683.png","datePublished":"2020-04-06T12:08:43+00:00","dateModified":"2025-12-21T10:46:42+00:00","description":"Leto 2048. Robbie je eden od 40.000 androidov, ki so \u010dez no\u010d izgubili svobodo. Vzrok? Nekdo od njih je ubil \u010dloveka. Bizarno, saj se morajo ravnati po zakoniku, ki to onemogo\u010da.","breadcrumb":{"@id":"https:\/\/jakatomc.com\/sl\/moje-knjige\/androidi-cutijo-v-barvah\/#breadcrumb"},"inLanguage":"sl-SI","potentialAction":[{"@type":"ReadAction","target":["https:\/\/jakatomc.com\/sl\/moje-knjige\/androidi-cutijo-v-barvah\/"]}]},{"@type":"ImageObject","inLanguage":"sl-SI","@id":"https:\/\/jakatomc.com\/sl\/moje-knjige\/androidi-cutijo-v-barvah\/#primaryimage","url":"https:\/\/jakatomc.com\/wp-content\/uploads\/2020\/08\/mockup-of-a-book-on-a-table-with-a-phone-and-a-coffee-33904-1024x683.png","contentUrl":"https:\/\/jakatomc.com\/wp-content\/uploads\/2020\/08\/mockup-of-a-book-on-a-table-with-a-phone-and-a-coffee-33904-1024x683.png"},{"@type":"BreadcrumbList","@id":"https:\/\/jakatomc.com\/sl\/moje-knjige\/androidi-cutijo-v-barvah\/#breadcrumb","itemListElement":[{"@type":"ListItem","position":1,"name":"Home","item":"https:\/\/jakatomc.com\/sl\/"},{"@type":"ListItem","position":2,"name":"Moje knjige","item":"https:\/\/jakatomc.com\/sl\/moje-knjige\/"},{"@type":"ListItem","position":3,"name":"Androidi \u010dutijo v barvah"}]},{"@type":"WebSite","@id":"https:\/\/jakatomc.com\/#website","url":"https:\/\/jakatomc.com\/","name":"Jaka Tomc","description":"Imagination is my reality","potentialAction":[{"@type":"SearchAction","target":{"@type":"EntryPoint","urlTemplate":"https:\/\/jakatomc.com\/?s={search_term_string}"},"query-input":{"@type":"PropertyValueSpecification","valueRequired":true,"valueName":"search_term_string"}}],"inLanguage":"sl-SI"}]}},"_links":{"self":[{"href":"https:\/\/jakatomc.com\/sl\/wp-json\/wp\/v2\/pages\/8698","targetHints":{"allow":["GET"]}}],"collection":[{"href":"https:\/\/jakatomc.com\/sl\/wp-json\/wp\/v2\/pages"}],"about":[{"href":"https:\/\/jakatomc.com\/sl\/wp-json\/wp\/v2\/types\/page"}],"author":[{"embeddable":true,"href":"https:\/\/jakatomc.com\/sl\/wp-json\/wp\/v2\/users\/1"}],"replies":[{"embeddable":true,"href":"https:\/\/jakatomc.com\/sl\/wp-json\/wp\/v2\/comments?post=8698"}],"version-history":[{"count":25,"href":"https:\/\/jakatomc.com\/sl\/wp-json\/wp\/v2\/pages\/8698\/revisions"}],"predecessor-version":[{"id":13107,"href":"https:\/\/jakatomc.com\/sl\/wp-json\/wp\/v2\/pages\/8698\/revisions\/13107"}],"up":[{"embeddable":true,"href":"https:\/\/jakatomc.com\/sl\/wp-json\/wp\/v2\/pages\/845"}],"wp:attachment":[{"href":"https:\/\/jakatomc.com\/sl\/wp-json\/wp\/v2\/media?parent=8698"}],"curies":[{"name":"wp","href":"https:\/\/api.w.org\/{rel}","templated":true}]}}