{"id":852,"date":"2018-03-21T13:16:18","date_gmt":"2018-03-21T12:16:18","guid":{"rendered":"http:\/\/jakatomc.com\/?page_id=852"},"modified":"2018-06-12T13:33:43","modified_gmt":"2018-06-12T11:33:43","slug":"852-2","status":"publish","type":"page","link":"https:\/\/jakatomc.com\/sl\/852-2\/","title":{"rendered":""},"content":{"rendered":"<p><a href=\"https:\/\/manicnipoet.net\/knjigarna\/720-utripov-srca\"><img loading=\"lazy\" decoding=\"async\" class=\"aligncenter wp-image-1128 size-full\" src=\"https:\/\/jakatomc.com\/wp-content\/uploads\/2018\/06\/\u201cNedvomno-eno-od-bolj-edinstvenih-del-doma\u010de-literature.\u201d1.png\" alt=\"\" width=\"940\" height=\"788\" srcset=\"https:\/\/jakatomc.com\/wp-content\/uploads\/2018\/06\/\u201cNedvomno-eno-od-bolj-edinstvenih-del-doma\u010de-literature.\u201d1.png 940w, https:\/\/jakatomc.com\/wp-content\/uploads\/2018\/06\/\u201cNedvomno-eno-od-bolj-edinstvenih-del-doma\u010de-literature.\u201d1-300x251.png 300w, https:\/\/jakatomc.com\/wp-content\/uploads\/2018\/06\/\u201cNedvomno-eno-od-bolj-edinstvenih-del-doma\u010de-literature.\u201d1-768x644.png 768w\" sizes=\"auto, (max-width: 940px) 100vw, 940px\" \/><\/a><\/p>\n","protected":false},"excerpt":{"rendered":"","protected":false},"author":1,"featured_media":0,"parent":0,"menu_order":0,"comment_status":"closed","ping_status":"closed","template":"","meta":{"footnotes":""},"class_list":["post-852","page","type-page","status-publish","hentry"],"yoast_head":"<!-- This site is optimized with the Yoast SEO plugin v26.9 - https:\/\/yoast.com\/product\/yoast-seo-wordpress\/ -->\n<title>Dobrodo\u0161li v mojem svetu - Jaka Tomc<\/title>\n<meta name=\"description\" content=\"Dobrodo\u0161li v mojem svetu. U\u017eivajte v obisku. \u010ce vidite karkoli nenavadnega, se ne ustra\u0161ite. Vse bo v redu.\" \/>\n<meta name=\"robots\" content=\"index, follow, max-snippet:-1, max-image-preview:large, max-video-preview:-1\" \/>\n<link rel=\"canonical\" href=\"https:\/\/jakatomc.com\/sl\/852-2\/\" \/>\n<meta property=\"og:locale\" content=\"sl_SI\" \/>\n<meta property=\"og:type\" content=\"article\" \/>\n<meta property=\"og:title\" content=\"Dobrodo\u0161li v mojem svetu - Jaka Tomc\" \/>\n<meta property=\"og:description\" content=\"Dobrodo\u0161li v mojem svetu. U\u017eivajte v obisku. \u010ce vidite karkoli nenavadnega, se ne ustra\u0161ite. Vse bo v redu.\" \/>\n<meta property=\"og:url\" content=\"https:\/\/jakatomc.com\/sl\/852-2\/\" \/>\n<meta property=\"og:site_name\" content=\"Jaka Tomc\" \/>\n<meta property=\"article:modified_time\" content=\"2018-06-12T11:33:43+00:00\" \/>\n<meta property=\"og:image\" content=\"https:\/\/jakatomc.com\/wp-content\/uploads\/2018\/03\/JAKA_TOMCPoster-Frame-Style-160A-e1522329049897.jpg\" \/>\n\t<meta property=\"og:image:width\" content=\"640\" \/>\n\t<meta property=\"og:image:height\" content=\"492\" \/>\n\t<meta property=\"og:image:type\" content=\"image\/jpeg\" \/>\n<meta name=\"twitter:card\" content=\"summary_large_image\" \/>\n<script type=\"application\/ld+json\" class=\"yoast-schema-graph\">{\"@context\":\"https:\/\/schema.org\",\"@graph\":[{\"@type\":\"WebPage\",\"@id\":\"https:\/\/jakatomc.com\/sl\/852-2\/\",\"url\":\"https:\/\/jakatomc.com\/sl\/852-2\/\",\"name\":\"Dobrodo\u0161li v mojem svetu - Jaka Tomc\",\"isPartOf\":{\"@id\":\"https:\/\/jakatomc.com\/#website\"},\"datePublished\":\"2018-03-21T12:16:18+00:00\",\"dateModified\":\"2018-06-12T11:33:43+00:00\",\"description\":\"Dobrodo\u0161li v mojem svetu. U\u017eivajte v obisku. \u010ce vidite karkoli nenavadnega, se ne ustra\u0161ite. Vse bo v redu.\",\"inLanguage\":\"sl-SI\",\"potentialAction\":[{\"@type\":\"ReadAction\",\"target\":[\"https:\/\/jakatomc.com\/sl\/852-2\/\"]}]},{\"@type\":\"WebSite\",\"@id\":\"https:\/\/jakatomc.com\/#website\",\"url\":\"https:\/\/jakatomc.com\/\",\"name\":\"Jaka Tomc\",\"description\":\"Imagination is my reality\",\"potentialAction\":[{\"@type\":\"SearchAction\",\"target\":{\"@type\":\"EntryPoint\",\"urlTemplate\":\"https:\/\/jakatomc.com\/?s={search_term_string}\"},\"query-input\":{\"@type\":\"PropertyValueSpecification\",\"valueRequired\":true,\"valueName\":\"search_term_string\"}}],\"inLanguage\":\"sl-SI\"}]}<\/script>\n<!-- \/ Yoast SEO plugin. -->","yoast_head_json":{"title":"Dobrodo\u0161li v mojem svetu - Jaka Tomc","description":"Dobrodo\u0161li v mojem svetu. U\u017eivajte v obisku. \u010ce vidite karkoli nenavadnega, se ne ustra\u0161ite. Vse bo v redu.","robots":{"index":"index","follow":"follow","max-snippet":"max-snippet:-1","max-image-preview":"max-image-preview:large","max-video-preview":"max-video-preview:-1"},"canonical":"https:\/\/jakatomc.com\/sl\/852-2\/","og_locale":"sl_SI","og_type":"article","og_title":"Dobrodo\u0161li v mojem svetu - Jaka Tomc","og_description":"Dobrodo\u0161li v mojem svetu. U\u017eivajte v obisku. \u010ce vidite karkoli nenavadnega, se ne ustra\u0161ite. Vse bo v redu.","og_url":"https:\/\/jakatomc.com\/sl\/852-2\/","og_site_name":"Jaka Tomc","article_modified_time":"2018-06-12T11:33:43+00:00","og_image":[{"width":640,"height":492,"url":"https:\/\/jakatomc.com\/wp-content\/uploads\/2018\/03\/JAKA_TOMCPoster-Frame-Style-160A-e1522329049897.jpg","type":"image\/jpeg"}],"twitter_card":"summary_large_image","schema":{"@context":"https:\/\/schema.org","@graph":[{"@type":"WebPage","@id":"https:\/\/jakatomc.com\/sl\/852-2\/","url":"https:\/\/jakatomc.com\/sl\/852-2\/","name":"Dobrodo\u0161li v mojem svetu - Jaka Tomc","isPartOf":{"@id":"https:\/\/jakatomc.com\/#website"},"datePublished":"2018-03-21T12:16:18+00:00","dateModified":"2018-06-12T11:33:43+00:00","description":"Dobrodo\u0161li v mojem svetu. U\u017eivajte v obisku. \u010ce vidite karkoli nenavadnega, se ne ustra\u0161ite. Vse bo v redu.","inLanguage":"sl-SI","potentialAction":[{"@type":"ReadAction","target":["https:\/\/jakatomc.com\/sl\/852-2\/"]}]},{"@type":"WebSite","@id":"https:\/\/jakatomc.com\/#website","url":"https:\/\/jakatomc.com\/","name":"Jaka Tomc","description":"Imagination is my reality","potentialAction":[{"@type":"SearchAction","target":{"@type":"EntryPoint","urlTemplate":"https:\/\/jakatomc.com\/?s={search_term_string}"},"query-input":{"@type":"PropertyValueSpecification","valueRequired":true,"valueName":"search_term_string"}}],"inLanguage":"sl-SI"}]}},"_links":{"self":[{"href":"https:\/\/jakatomc.com\/sl\/wp-json\/wp\/v2\/pages\/852","targetHints":{"allow":["GET"]}}],"collection":[{"href":"https:\/\/jakatomc.com\/sl\/wp-json\/wp\/v2\/pages"}],"about":[{"href":"https:\/\/jakatomc.com\/sl\/wp-json\/wp\/v2\/types\/page"}],"author":[{"embeddable":true,"href":"https:\/\/jakatomc.com\/sl\/wp-json\/wp\/v2\/users\/1"}],"replies":[{"embeddable":true,"href":"https:\/\/jakatomc.com\/sl\/wp-json\/wp\/v2\/comments?post=852"}],"version-history":[{"count":8,"href":"https:\/\/jakatomc.com\/sl\/wp-json\/wp\/v2\/pages\/852\/revisions"}],"predecessor-version":[{"id":1132,"href":"https:\/\/jakatomc.com\/sl\/wp-json\/wp\/v2\/pages\/852\/revisions\/1132"}],"wp:attachment":[{"href":"https:\/\/jakatomc.com\/sl\/wp-json\/wp\/v2\/media?parent=852"}],"curies":[{"name":"wp","href":"https:\/\/api.w.org\/{rel}","templated":true}]}}