{"id":843,"date":"2018-03-17T23:37:47","date_gmt":"2018-03-17T22:37:47","guid":{"rendered":"http:\/\/jakatomc.com\/?page_id=843"},"modified":"2024-10-06T08:37:57","modified_gmt":"2024-10-06T06:37:57","slug":"o-meni","status":"publish","type":"page","link":"https:\/\/jakatomc.com\/sl\/o-meni\/","title":{"rendered":"O meni"},"content":{"rendered":"<div class=\"gmail_default\">Sem majhna \u010drka v obse\u017enem romanu \u010dlove\u0161tva, ki si \u017eeli, da bi postala stavek. Sem kompleksen \u010dlovek, a se zavedam, da je lahko \u017eivljenje preprosto. Imam velik ego, a nisem egoist. Rad imam ro\u017ee.<\/div>\n<div><\/div>\n<div class=\"gmail_default\">Deklariram se za pisatelja, \u010deprav \u0161e ne \u017eivim od pisanja knjig. Pisati sem za\u010del pri \u0161tirih letih, a sem potreboval \u010detrt stoletja, da sem si drznil izdati svoj prvi roman. Leta 2008 so mi diagnosticirali bipolarno motnjo razpolo\u017eenja in po ve\u010d turbulentnih letih, polnih divjih vzponov in neznosnih padcev, sem kon\u010dno na\u0161el svojo cono udobja.<\/div>\n<p><img loading=\"lazy\" decoding=\"async\" class=\"aligncenter size-full wp-image-702\" src=\"https:\/\/jakatomc.com\/wp-content\/uploads\/2018\/03\/peterlin_klevevz1.jpg\" alt=\"\" width=\"800\" height=\"532\" srcset=\"https:\/\/jakatomc.com\/wp-content\/uploads\/2018\/03\/peterlin_klevevz1.jpg 800w, https:\/\/jakatomc.com\/wp-content\/uploads\/2018\/03\/peterlin_klevevz1-300x200.jpg 300w, https:\/\/jakatomc.com\/wp-content\/uploads\/2018\/03\/peterlin_klevevz1-768x511.jpg 768w\" sizes=\"auto, (max-width: 800px) 100vw, 800px\" \/><\/p>\n","protected":false},"excerpt":{"rendered":"<p>Sem majhna \u010drka v obse\u017enem romanu \u010dlove\u0161tva, ki si \u017eeli, da bi postala stavek. Sem kompleksen \u010dlovek, a se zavedam, da je lahko \u017eivljenje preprosto. [&hellip;]<\/p>\n","protected":false},"author":1,"featured_media":0,"parent":0,"menu_order":0,"comment_status":"closed","ping_status":"closed","template":"","meta":{"footnotes":""},"class_list":["post-843","page","type-page","status-publish","hentry"],"yoast_head":"<!-- This site is optimized with the Yoast SEO plugin v26.9 - https:\/\/yoast.com\/product\/yoast-seo-wordpress\/ -->\n<title>O meni - Jaka Tomc<\/title>\n<meta name=\"description\" content=\"Deklariram se za pisatelja, \u010deprav \u0161e ne \u017eivim od pisanja knjig. Bipolarec od leta 2008. Nikoli nisem na\u0161el \u0161tiriperesne deteljice.\" \/>\n<meta name=\"robots\" content=\"index, follow, max-snippet:-1, max-image-preview:large, max-video-preview:-1\" \/>\n<link rel=\"canonical\" href=\"https:\/\/jakatomc.com\/sl\/o-meni\/\" \/>\n<meta property=\"og:locale\" content=\"sl_SI\" \/>\n<meta property=\"og:type\" content=\"article\" \/>\n<meta property=\"og:title\" content=\"O meni - Jaka Tomc\" \/>\n<meta property=\"og:description\" content=\"Deklariram se za pisatelja, \u010deprav \u0161e ne \u017eivim od pisanja knjig. Bipolarec od leta 2008. Nikoli nisem na\u0161el \u0161tiriperesne deteljice.\" \/>\n<meta property=\"og:url\" content=\"https:\/\/jakatomc.com\/sl\/o-meni\/\" \/>\n<meta property=\"og:site_name\" content=\"Jaka Tomc\" \/>\n<meta property=\"article:modified_time\" content=\"2024-10-06T06:37:57+00:00\" \/>\n<meta property=\"og:image\" content=\"https:\/\/jakatomc.com\/wp-content\/uploads\/2018\/03\/peterlin_klevevz1.jpg\" \/>\n<meta name=\"twitter:card\" content=\"summary_large_image\" \/>\n<meta name=\"twitter:label1\" content=\"Est. reading time\" \/>\n\t<meta name=\"twitter:data1\" content=\"1 minuta\" \/>\n<script type=\"application\/ld+json\" class=\"yoast-schema-graph\">{\"@context\":\"https:\/\/schema.org\",\"@graph\":[{\"@type\":\"WebPage\",\"@id\":\"https:\/\/jakatomc.com\/sl\/o-meni\/\",\"url\":\"https:\/\/jakatomc.com\/sl\/o-meni\/\",\"name\":\"O meni - Jaka Tomc\",\"isPartOf\":{\"@id\":\"https:\/\/jakatomc.com\/#website\"},\"primaryImageOfPage\":{\"@id\":\"https:\/\/jakatomc.com\/sl\/o-meni\/#primaryimage\"},\"image\":{\"@id\":\"https:\/\/jakatomc.com\/sl\/o-meni\/#primaryimage\"},\"thumbnailUrl\":\"https:\/\/jakatomc.com\/wp-content\/uploads\/2018\/03\/peterlin_klevevz1.jpg\",\"datePublished\":\"2018-03-17T22:37:47+00:00\",\"dateModified\":\"2024-10-06T06:37:57+00:00\",\"description\":\"Deklariram se za pisatelja, \u010deprav \u0161e ne \u017eivim od pisanja knjig. Bipolarec od leta 2008. Nikoli nisem na\u0161el \u0161tiriperesne deteljice.\",\"breadcrumb\":{\"@id\":\"https:\/\/jakatomc.com\/sl\/o-meni\/#breadcrumb\"},\"inLanguage\":\"sl-SI\",\"potentialAction\":[{\"@type\":\"ReadAction\",\"target\":[\"https:\/\/jakatomc.com\/sl\/o-meni\/\"]}]},{\"@type\":\"ImageObject\",\"inLanguage\":\"sl-SI\",\"@id\":\"https:\/\/jakatomc.com\/sl\/o-meni\/#primaryimage\",\"url\":\"https:\/\/jakatomc.com\/wp-content\/uploads\/2018\/03\/peterlin_klevevz1.jpg\",\"contentUrl\":\"https:\/\/jakatomc.com\/wp-content\/uploads\/2018\/03\/peterlin_klevevz1.jpg\"},{\"@type\":\"BreadcrumbList\",\"@id\":\"https:\/\/jakatomc.com\/sl\/o-meni\/#breadcrumb\",\"itemListElement\":[{\"@type\":\"ListItem\",\"position\":1,\"name\":\"Home\",\"item\":\"https:\/\/jakatomc.com\/sl\/\"},{\"@type\":\"ListItem\",\"position\":2,\"name\":\"O meni\"}]},{\"@type\":\"WebSite\",\"@id\":\"https:\/\/jakatomc.com\/#website\",\"url\":\"https:\/\/jakatomc.com\/\",\"name\":\"Jaka Tomc\",\"description\":\"Imagination is my reality\",\"potentialAction\":[{\"@type\":\"SearchAction\",\"target\":{\"@type\":\"EntryPoint\",\"urlTemplate\":\"https:\/\/jakatomc.com\/?s={search_term_string}\"},\"query-input\":{\"@type\":\"PropertyValueSpecification\",\"valueRequired\":true,\"valueName\":\"search_term_string\"}}],\"inLanguage\":\"sl-SI\"}]}<\/script>\n<!-- \/ Yoast SEO plugin. -->","yoast_head_json":{"title":"O meni - Jaka Tomc","description":"Deklariram se za pisatelja, \u010deprav \u0161e ne \u017eivim od pisanja knjig. Bipolarec od leta 2008. Nikoli nisem na\u0161el \u0161tiriperesne deteljice.","robots":{"index":"index","follow":"follow","max-snippet":"max-snippet:-1","max-image-preview":"max-image-preview:large","max-video-preview":"max-video-preview:-1"},"canonical":"https:\/\/jakatomc.com\/sl\/o-meni\/","og_locale":"sl_SI","og_type":"article","og_title":"O meni - Jaka Tomc","og_description":"Deklariram se za pisatelja, \u010deprav \u0161e ne \u017eivim od pisanja knjig. Bipolarec od leta 2008. Nikoli nisem na\u0161el \u0161tiriperesne deteljice.","og_url":"https:\/\/jakatomc.com\/sl\/o-meni\/","og_site_name":"Jaka Tomc","article_modified_time":"2024-10-06T06:37:57+00:00","og_image":[{"url":"https:\/\/jakatomc.com\/wp-content\/uploads\/2018\/03\/peterlin_klevevz1.jpg","type":"","width":"","height":""}],"twitter_card":"summary_large_image","twitter_misc":{"Est. reading time":"1 minuta"},"schema":{"@context":"https:\/\/schema.org","@graph":[{"@type":"WebPage","@id":"https:\/\/jakatomc.com\/sl\/o-meni\/","url":"https:\/\/jakatomc.com\/sl\/o-meni\/","name":"O meni - Jaka Tomc","isPartOf":{"@id":"https:\/\/jakatomc.com\/#website"},"primaryImageOfPage":{"@id":"https:\/\/jakatomc.com\/sl\/o-meni\/#primaryimage"},"image":{"@id":"https:\/\/jakatomc.com\/sl\/o-meni\/#primaryimage"},"thumbnailUrl":"https:\/\/jakatomc.com\/wp-content\/uploads\/2018\/03\/peterlin_klevevz1.jpg","datePublished":"2018-03-17T22:37:47+00:00","dateModified":"2024-10-06T06:37:57+00:00","description":"Deklariram se za pisatelja, \u010deprav \u0161e ne \u017eivim od pisanja knjig. Bipolarec od leta 2008. Nikoli nisem na\u0161el \u0161tiriperesne deteljice.","breadcrumb":{"@id":"https:\/\/jakatomc.com\/sl\/o-meni\/#breadcrumb"},"inLanguage":"sl-SI","potentialAction":[{"@type":"ReadAction","target":["https:\/\/jakatomc.com\/sl\/o-meni\/"]}]},{"@type":"ImageObject","inLanguage":"sl-SI","@id":"https:\/\/jakatomc.com\/sl\/o-meni\/#primaryimage","url":"https:\/\/jakatomc.com\/wp-content\/uploads\/2018\/03\/peterlin_klevevz1.jpg","contentUrl":"https:\/\/jakatomc.com\/wp-content\/uploads\/2018\/03\/peterlin_klevevz1.jpg"},{"@type":"BreadcrumbList","@id":"https:\/\/jakatomc.com\/sl\/o-meni\/#breadcrumb","itemListElement":[{"@type":"ListItem","position":1,"name":"Home","item":"https:\/\/jakatomc.com\/sl\/"},{"@type":"ListItem","position":2,"name":"O meni"}]},{"@type":"WebSite","@id":"https:\/\/jakatomc.com\/#website","url":"https:\/\/jakatomc.com\/","name":"Jaka Tomc","description":"Imagination is my reality","potentialAction":[{"@type":"SearchAction","target":{"@type":"EntryPoint","urlTemplate":"https:\/\/jakatomc.com\/?s={search_term_string}"},"query-input":{"@type":"PropertyValueSpecification","valueRequired":true,"valueName":"search_term_string"}}],"inLanguage":"sl-SI"}]}},"_links":{"self":[{"href":"https:\/\/jakatomc.com\/sl\/wp-json\/wp\/v2\/pages\/843","targetHints":{"allow":["GET"]}}],"collection":[{"href":"https:\/\/jakatomc.com\/sl\/wp-json\/wp\/v2\/pages"}],"about":[{"href":"https:\/\/jakatomc.com\/sl\/wp-json\/wp\/v2\/types\/page"}],"author":[{"embeddable":true,"href":"https:\/\/jakatomc.com\/sl\/wp-json\/wp\/v2\/users\/1"}],"replies":[{"embeddable":true,"href":"https:\/\/jakatomc.com\/sl\/wp-json\/wp\/v2\/comments?post=843"}],"version-history":[{"count":5,"href":"https:\/\/jakatomc.com\/sl\/wp-json\/wp\/v2\/pages\/843\/revisions"}],"predecessor-version":[{"id":13058,"href":"https:\/\/jakatomc.com\/sl\/wp-json\/wp\/v2\/pages\/843\/revisions\/13058"}],"wp:attachment":[{"href":"https:\/\/jakatomc.com\/sl\/wp-json\/wp\/v2\/media?parent=843"}],"curies":[{"name":"wp","href":"https:\/\/api.w.org\/{rel}","templated":true}]}}