{"id":6999,"date":"2020-02-29T14:10:46","date_gmt":"2020-02-29T13:10:46","guid":{"rendered":"https:\/\/jakatomc.com\/?page_id=6999"},"modified":"2020-02-29T14:10:46","modified_gmt":"2020-02-29T13:10:46","slug":"pokanje-mehurckov","status":"publish","type":"page","link":"https:\/\/jakatomc.com\/sl\/moje-knjige\/pokanje-mehurckov\/","title":{"rendered":"Pokanje mehur\u010dkov"},"content":{"rendered":"<p><img loading=\"lazy\" decoding=\"async\" class=\"aligncenter size-medium wp-image-1394\" src=\"https:\/\/jakatomc.com\/wp-content\/uploads\/2017\/10\/ovitki_3D-pokanjemehurckov-e1512656559856-300x300.jpg\" alt=\"\" width=\"300\" height=\"300\" srcset=\"https:\/\/jakatomc.com\/wp-content\/uploads\/2017\/10\/ovitki_3D-pokanjemehurckov-e1512656559856-300x300.jpg 300w, https:\/\/jakatomc.com\/wp-content\/uploads\/2017\/10\/ovitki_3D-pokanjemehurckov-e1512656559856-150x150.jpg 150w, https:\/\/jakatomc.com\/wp-content\/uploads\/2017\/10\/ovitki_3D-pokanjemehurckov-e1512656559856.jpg 600w\" sizes=\"auto, (max-width: 300px) 100vw, 300px\" \/><\/p>\n<p><em>Pokanje mehur\u010dkov je peta knjiga Jake Tomca na knji\u017enih policah. Po treh \u017eanrsko pestrih proznih delih in pesni\u0161ki zbirki nam tokrat ponudi \u2013 kot bi dejal sam \u2013 branje za na pla\u017eo. Zvrst, ki je v njegovem kov\u010dku idej tlela zelo dolgo in mu obenem predstavljala poseben izziv. Dokler ni bil nekega dne postavljen pred spontano dejstvo, ko mu je prijateljica dejala, naj ji za naslednji poletni dopust spi\u0161e nekaj berljivega. Predlagala je osnutek zgodbe in glavne like in tako je nastala knjiga po naro\u010dilu.<\/em><\/p>\n<p><em>Lahkoten zapis nas popelje v ljubezenski trikotnik, kjer ima vsaka njegova stranica v sebi svoje karakterne zna\u010dilnosti in tako izri\u0161e pester dogajalni lik. Ogli\u0161\u010da so ljubezenski odnosi, pogosto na preizku\u0161njah, soo\u010deni z moralnimi dilemami in sku\u0161njavami. Kakopak. A \u010de bi bilo vse tako enostavno, bi bili tudi \u00bbmehur\u010dki\u00ab obstojnej\u0161i.<\/em><\/p>\n<p><em>Mojstrski in spro\u0161\u010den ubeseditveni na\u010din, ki nam kljub lahkotnosti kdaj pa kdaj da misliti in nas skozi \u00bbmilnico\u00ab popelje v pravo poletno klasiko.<\/em><\/p>\n<p style=\"text-align: right;\"><em>Du\u0161an Marolt<\/em><\/p>\n<ul>\n<li><strong>Zgodba o ljubezenskem trikotniku, ki je sila nenavaden, saj ne postre\u017ee z obi\u010dajnimi ma\u0161\u010devalnimi prijemi, temve\u010d se raje posveti paroma, ki bivata v razli\u010dnih, skorajda sterilnih, mehur\u010dkih. In tam se odvijajo so\u010dne stvari.<\/strong> ~ Simon<\/li>\n<\/ul>\n","protected":false},"excerpt":{"rendered":"<p>Pokanje mehur\u010dkov je peta knjiga Jake Tomca na knji\u017enih policah. Po treh \u017eanrsko pestrih proznih delih in pesni\u0161ki zbirki nam tokrat ponudi \u2013 kot bi [&hellip;]<\/p>\n","protected":false},"author":1,"featured_media":0,"parent":845,"menu_order":0,"comment_status":"closed","ping_status":"closed","template":"","meta":{"footnotes":""},"class_list":["post-6999","page","type-page","status-publish","hentry"],"yoast_head":"<!-- This site is optimized with the Yoast SEO plugin v26.9 - https:\/\/yoast.com\/product\/yoast-seo-wordpress\/ -->\n<title>Pokanje mehur\u010dkov - Jaka Tomc<\/title>\n<meta name=\"robots\" content=\"index, follow, max-snippet:-1, max-image-preview:large, max-video-preview:-1\" \/>\n<link rel=\"canonical\" href=\"https:\/\/jakatomc.com\/sl\/moje-knjige\/pokanje-mehurckov\/\" \/>\n<meta property=\"og:locale\" content=\"sl_SI\" \/>\n<meta property=\"og:type\" content=\"article\" \/>\n<meta property=\"og:title\" content=\"Pokanje mehur\u010dkov - Jaka Tomc\" \/>\n<meta property=\"og:description\" content=\"Pokanje mehur\u010dkov je peta knjiga Jake Tomca na knji\u017enih policah. Po treh \u017eanrsko pestrih proznih delih in pesni\u0161ki zbirki nam tokrat ponudi \u2013 kot bi [&hellip;]\" \/>\n<meta property=\"og:url\" content=\"https:\/\/jakatomc.com\/sl\/moje-knjige\/pokanje-mehurckov\/\" \/>\n<meta property=\"og:site_name\" content=\"Jaka Tomc\" \/>\n<meta property=\"og:image\" content=\"https:\/\/jakatomc.com\/wp-content\/uploads\/2017\/10\/ovitki_3D-pokanjemehurckov-e1512656559856-300x300.jpg\" \/>\n<meta name=\"twitter:card\" content=\"summary_large_image\" \/>\n<meta name=\"twitter:label1\" content=\"Est. reading time\" \/>\n\t<meta name=\"twitter:data1\" content=\"1 minuta\" \/>\n<script type=\"application\/ld+json\" class=\"yoast-schema-graph\">{\"@context\":\"https:\/\/schema.org\",\"@graph\":[{\"@type\":\"WebPage\",\"@id\":\"https:\/\/jakatomc.com\/sl\/moje-knjige\/pokanje-mehurckov\/\",\"url\":\"https:\/\/jakatomc.com\/sl\/moje-knjige\/pokanje-mehurckov\/\",\"name\":\"Pokanje mehur\u010dkov - Jaka Tomc\",\"isPartOf\":{\"@id\":\"https:\/\/jakatomc.com\/#website\"},\"primaryImageOfPage\":{\"@id\":\"https:\/\/jakatomc.com\/sl\/moje-knjige\/pokanje-mehurckov\/#primaryimage\"},\"image\":{\"@id\":\"https:\/\/jakatomc.com\/sl\/moje-knjige\/pokanje-mehurckov\/#primaryimage\"},\"thumbnailUrl\":\"https:\/\/jakatomc.com\/wp-content\/uploads\/2017\/10\/ovitki_3D-pokanjemehurckov-e1512656559856-300x300.jpg\",\"datePublished\":\"2020-02-29T13:10:46+00:00\",\"breadcrumb\":{\"@id\":\"https:\/\/jakatomc.com\/sl\/moje-knjige\/pokanje-mehurckov\/#breadcrumb\"},\"inLanguage\":\"sl-SI\",\"potentialAction\":[{\"@type\":\"ReadAction\",\"target\":[\"https:\/\/jakatomc.com\/sl\/moje-knjige\/pokanje-mehurckov\/\"]}]},{\"@type\":\"ImageObject\",\"inLanguage\":\"sl-SI\",\"@id\":\"https:\/\/jakatomc.com\/sl\/moje-knjige\/pokanje-mehurckov\/#primaryimage\",\"url\":\"https:\/\/jakatomc.com\/wp-content\/uploads\/2017\/10\/ovitki_3D-pokanjemehurckov-e1512656559856-300x300.jpg\",\"contentUrl\":\"https:\/\/jakatomc.com\/wp-content\/uploads\/2017\/10\/ovitki_3D-pokanjemehurckov-e1512656559856-300x300.jpg\"},{\"@type\":\"BreadcrumbList\",\"@id\":\"https:\/\/jakatomc.com\/sl\/moje-knjige\/pokanje-mehurckov\/#breadcrumb\",\"itemListElement\":[{\"@type\":\"ListItem\",\"position\":1,\"name\":\"Home\",\"item\":\"https:\/\/jakatomc.com\/sl\/\"},{\"@type\":\"ListItem\",\"position\":2,\"name\":\"Moje knjige\",\"item\":\"https:\/\/jakatomc.com\/sl\/moje-knjige\/\"},{\"@type\":\"ListItem\",\"position\":3,\"name\":\"Pokanje mehur\u010dkov\"}]},{\"@type\":\"WebSite\",\"@id\":\"https:\/\/jakatomc.com\/#website\",\"url\":\"https:\/\/jakatomc.com\/\",\"name\":\"Jaka Tomc\",\"description\":\"Imagination is my reality\",\"potentialAction\":[{\"@type\":\"SearchAction\",\"target\":{\"@type\":\"EntryPoint\",\"urlTemplate\":\"https:\/\/jakatomc.com\/?s={search_term_string}\"},\"query-input\":{\"@type\":\"PropertyValueSpecification\",\"valueRequired\":true,\"valueName\":\"search_term_string\"}}],\"inLanguage\":\"sl-SI\"}]}<\/script>\n<!-- \/ Yoast SEO plugin. -->","yoast_head_json":{"title":"Pokanje mehur\u010dkov - Jaka Tomc","robots":{"index":"index","follow":"follow","max-snippet":"max-snippet:-1","max-image-preview":"max-image-preview:large","max-video-preview":"max-video-preview:-1"},"canonical":"https:\/\/jakatomc.com\/sl\/moje-knjige\/pokanje-mehurckov\/","og_locale":"sl_SI","og_type":"article","og_title":"Pokanje mehur\u010dkov - Jaka Tomc","og_description":"Pokanje mehur\u010dkov je peta knjiga Jake Tomca na knji\u017enih policah. Po treh \u017eanrsko pestrih proznih delih in pesni\u0161ki zbirki nam tokrat ponudi \u2013 kot bi [&hellip;]","og_url":"https:\/\/jakatomc.com\/sl\/moje-knjige\/pokanje-mehurckov\/","og_site_name":"Jaka Tomc","og_image":[{"url":"https:\/\/jakatomc.com\/wp-content\/uploads\/2017\/10\/ovitki_3D-pokanjemehurckov-e1512656559856-300x300.jpg","type":"","width":"","height":""}],"twitter_card":"summary_large_image","twitter_misc":{"Est. reading time":"1 minuta"},"schema":{"@context":"https:\/\/schema.org","@graph":[{"@type":"WebPage","@id":"https:\/\/jakatomc.com\/sl\/moje-knjige\/pokanje-mehurckov\/","url":"https:\/\/jakatomc.com\/sl\/moje-knjige\/pokanje-mehurckov\/","name":"Pokanje mehur\u010dkov - Jaka Tomc","isPartOf":{"@id":"https:\/\/jakatomc.com\/#website"},"primaryImageOfPage":{"@id":"https:\/\/jakatomc.com\/sl\/moje-knjige\/pokanje-mehurckov\/#primaryimage"},"image":{"@id":"https:\/\/jakatomc.com\/sl\/moje-knjige\/pokanje-mehurckov\/#primaryimage"},"thumbnailUrl":"https:\/\/jakatomc.com\/wp-content\/uploads\/2017\/10\/ovitki_3D-pokanjemehurckov-e1512656559856-300x300.jpg","datePublished":"2020-02-29T13:10:46+00:00","breadcrumb":{"@id":"https:\/\/jakatomc.com\/sl\/moje-knjige\/pokanje-mehurckov\/#breadcrumb"},"inLanguage":"sl-SI","potentialAction":[{"@type":"ReadAction","target":["https:\/\/jakatomc.com\/sl\/moje-knjige\/pokanje-mehurckov\/"]}]},{"@type":"ImageObject","inLanguage":"sl-SI","@id":"https:\/\/jakatomc.com\/sl\/moje-knjige\/pokanje-mehurckov\/#primaryimage","url":"https:\/\/jakatomc.com\/wp-content\/uploads\/2017\/10\/ovitki_3D-pokanjemehurckov-e1512656559856-300x300.jpg","contentUrl":"https:\/\/jakatomc.com\/wp-content\/uploads\/2017\/10\/ovitki_3D-pokanjemehurckov-e1512656559856-300x300.jpg"},{"@type":"BreadcrumbList","@id":"https:\/\/jakatomc.com\/sl\/moje-knjige\/pokanje-mehurckov\/#breadcrumb","itemListElement":[{"@type":"ListItem","position":1,"name":"Home","item":"https:\/\/jakatomc.com\/sl\/"},{"@type":"ListItem","position":2,"name":"Moje knjige","item":"https:\/\/jakatomc.com\/sl\/moje-knjige\/"},{"@type":"ListItem","position":3,"name":"Pokanje mehur\u010dkov"}]},{"@type":"WebSite","@id":"https:\/\/jakatomc.com\/#website","url":"https:\/\/jakatomc.com\/","name":"Jaka Tomc","description":"Imagination is my reality","potentialAction":[{"@type":"SearchAction","target":{"@type":"EntryPoint","urlTemplate":"https:\/\/jakatomc.com\/?s={search_term_string}"},"query-input":{"@type":"PropertyValueSpecification","valueRequired":true,"valueName":"search_term_string"}}],"inLanguage":"sl-SI"}]}},"_links":{"self":[{"href":"https:\/\/jakatomc.com\/sl\/wp-json\/wp\/v2\/pages\/6999","targetHints":{"allow":["GET"]}}],"collection":[{"href":"https:\/\/jakatomc.com\/sl\/wp-json\/wp\/v2\/pages"}],"about":[{"href":"https:\/\/jakatomc.com\/sl\/wp-json\/wp\/v2\/types\/page"}],"author":[{"embeddable":true,"href":"https:\/\/jakatomc.com\/sl\/wp-json\/wp\/v2\/users\/1"}],"replies":[{"embeddable":true,"href":"https:\/\/jakatomc.com\/sl\/wp-json\/wp\/v2\/comments?post=6999"}],"version-history":[{"count":1,"href":"https:\/\/jakatomc.com\/sl\/wp-json\/wp\/v2\/pages\/6999\/revisions"}],"predecessor-version":[{"id":7000,"href":"https:\/\/jakatomc.com\/sl\/wp-json\/wp\/v2\/pages\/6999\/revisions\/7000"}],"up":[{"embeddable":true,"href":"https:\/\/jakatomc.com\/sl\/wp-json\/wp\/v2\/pages\/845"}],"wp:attachment":[{"href":"https:\/\/jakatomc.com\/sl\/wp-json\/wp\/v2\/media?parent=6999"}],"curies":[{"name":"wp","href":"https:\/\/api.w.org\/{rel}","templated":true}]}}