{"id":6996,"date":"2020-02-29T14:03:30","date_gmt":"2020-02-29T13:03:30","guid":{"rendered":"https:\/\/jakatomc.com\/?page_id=6996"},"modified":"2020-02-29T14:04:47","modified_gmt":"2020-02-29T13:04:47","slug":"mali-uzitki","status":"publish","type":"page","link":"https:\/\/jakatomc.com\/sl\/moje-knjige\/mali-uzitki\/","title":{"rendered":"Mali u\u017eitki"},"content":{"rendered":"<p><img loading=\"lazy\" decoding=\"async\" class=\"aligncenter size-medium wp-image-1252\" src=\"https:\/\/jakatomc.com\/wp-content\/uploads\/2017\/10\/ovitki_3D-maliuzitki-e1512656547294-300x300.jpg\" alt=\"\" width=\"300\" height=\"300\" srcset=\"https:\/\/jakatomc.com\/wp-content\/uploads\/2017\/10\/ovitki_3D-maliuzitki-e1512656547294-300x300.jpg 300w, https:\/\/jakatomc.com\/wp-content\/uploads\/2017\/10\/ovitki_3D-maliuzitki-e1512656547294-150x150.jpg 150w, https:\/\/jakatomc.com\/wp-content\/uploads\/2017\/10\/ovitki_3D-maliuzitki-e1512656547294.jpg 600w\" sizes=\"auto, (max-width: 300px) 100vw, 300px\" \/><\/p>\n<p>Dobrodo\u0161li na vrtiljak stihov v \u0161tiriintridesetih delih in petih razpolo\u017eenjskih stanjih. Vsak bo na\u0161el kak\u0161nega zase. Naj postanejo va\u0161i mali u\u017eitki.<\/p>\n<ul>\n<li><strong>Kot pove \u017ee naslov, so glavno vodilo zbirke <em>mali u\u017eitki<\/em> oziroma drobni trenutki (\u010dik in kava, pogled na lepo dekle), ki osre\u010dijo ter napolnijo du\u0161o. Ker pa \u017eivljenje ni samo potica, Tomc \u00bbbrska\u00ab po sebi, tudi ko ga preplavita ob\u010dutek nemo\u010di, brezupa. Ob tem njegova pesni\u0161ka govorica ni nikoli zastrta v metaforah, ampak bralca nagovarja neposredno in jasno<\/strong>. ~ Bukla<\/li>\n<\/ul>\n<p>&nbsp;<\/p>\n","protected":false},"excerpt":{"rendered":"<p>Dobrodo\u0161li na vrtiljak stihov v \u0161tiriintridesetih delih in petih razpolo\u017eenjskih stanjih. Vsak bo na\u0161el kak\u0161nega zase. Naj postanejo va\u0161i mali u\u017eitki. Kot pove \u017ee naslov, [&hellip;]<\/p>\n","protected":false},"author":1,"featured_media":0,"parent":845,"menu_order":0,"comment_status":"closed","ping_status":"closed","template":"","meta":{"footnotes":""},"class_list":["post-6996","page","type-page","status-publish","hentry"],"yoast_head":"<!-- This site is optimized with the Yoast SEO plugin v26.9 - https:\/\/yoast.com\/product\/yoast-seo-wordpress\/ -->\n<title>Mali u\u017eitki - Jaka Tomc<\/title>\n<meta name=\"description\" content=\"Dobrodo\u0161li na vrtiljak stihov v \u0161tiriintridesetih delih in petih razpolo\u017eenjskih stanjih. Vsak bo na\u0161el kak\u0161nega zase. Naj postanejo va\u0161i mali u\u017eitki.\" \/>\n<meta name=\"robots\" content=\"index, follow, max-snippet:-1, max-image-preview:large, max-video-preview:-1\" \/>\n<link rel=\"canonical\" href=\"https:\/\/jakatomc.com\/sl\/moje-knjige\/mali-uzitki\/\" \/>\n<meta property=\"og:locale\" content=\"sl_SI\" \/>\n<meta property=\"og:type\" content=\"article\" \/>\n<meta property=\"og:title\" content=\"Mali u\u017eitki - Jaka Tomc\" \/>\n<meta property=\"og:description\" content=\"Dobrodo\u0161li na vrtiljak stihov v \u0161tiriintridesetih delih in petih razpolo\u017eenjskih stanjih. Vsak bo na\u0161el kak\u0161nega zase. Naj postanejo va\u0161i mali u\u017eitki.\" \/>\n<meta property=\"og:url\" content=\"https:\/\/jakatomc.com\/sl\/moje-knjige\/mali-uzitki\/\" \/>\n<meta property=\"og:site_name\" content=\"Jaka Tomc\" \/>\n<meta property=\"article:modified_time\" content=\"2020-02-29T13:04:47+00:00\" \/>\n<meta property=\"og:image\" content=\"https:\/\/jakatomc.com\/wp-content\/uploads\/2017\/10\/ovitki_3D-maliuzitki-e1512656547294-300x300.jpg\" \/>\n<meta name=\"twitter:card\" content=\"summary_large_image\" \/>\n<script type=\"application\/ld+json\" class=\"yoast-schema-graph\">{\"@context\":\"https:\/\/schema.org\",\"@graph\":[{\"@type\":\"WebPage\",\"@id\":\"https:\/\/jakatomc.com\/sl\/moje-knjige\/mali-uzitki\/\",\"url\":\"https:\/\/jakatomc.com\/sl\/moje-knjige\/mali-uzitki\/\",\"name\":\"Mali u\u017eitki - Jaka Tomc\",\"isPartOf\":{\"@id\":\"https:\/\/jakatomc.com\/#website\"},\"primaryImageOfPage\":{\"@id\":\"https:\/\/jakatomc.com\/sl\/moje-knjige\/mali-uzitki\/#primaryimage\"},\"image\":{\"@id\":\"https:\/\/jakatomc.com\/sl\/moje-knjige\/mali-uzitki\/#primaryimage\"},\"thumbnailUrl\":\"https:\/\/jakatomc.com\/wp-content\/uploads\/2017\/10\/ovitki_3D-maliuzitki-e1512656547294-300x300.jpg\",\"datePublished\":\"2020-02-29T13:03:30+00:00\",\"dateModified\":\"2020-02-29T13:04:47+00:00\",\"description\":\"Dobrodo\u0161li na vrtiljak stihov v \u0161tiriintridesetih delih in petih razpolo\u017eenjskih stanjih. Vsak bo na\u0161el kak\u0161nega zase. Naj postanejo va\u0161i mali u\u017eitki.\",\"breadcrumb\":{\"@id\":\"https:\/\/jakatomc.com\/sl\/moje-knjige\/mali-uzitki\/#breadcrumb\"},\"inLanguage\":\"sl-SI\",\"potentialAction\":[{\"@type\":\"ReadAction\",\"target\":[\"https:\/\/jakatomc.com\/sl\/moje-knjige\/mali-uzitki\/\"]}]},{\"@type\":\"ImageObject\",\"inLanguage\":\"sl-SI\",\"@id\":\"https:\/\/jakatomc.com\/sl\/moje-knjige\/mali-uzitki\/#primaryimage\",\"url\":\"https:\/\/jakatomc.com\/wp-content\/uploads\/2017\/10\/ovitki_3D-maliuzitki-e1512656547294-300x300.jpg\",\"contentUrl\":\"https:\/\/jakatomc.com\/wp-content\/uploads\/2017\/10\/ovitki_3D-maliuzitki-e1512656547294-300x300.jpg\"},{\"@type\":\"BreadcrumbList\",\"@id\":\"https:\/\/jakatomc.com\/sl\/moje-knjige\/mali-uzitki\/#breadcrumb\",\"itemListElement\":[{\"@type\":\"ListItem\",\"position\":1,\"name\":\"Home\",\"item\":\"https:\/\/jakatomc.com\/sl\/\"},{\"@type\":\"ListItem\",\"position\":2,\"name\":\"Moje knjige\",\"item\":\"https:\/\/jakatomc.com\/sl\/moje-knjige\/\"},{\"@type\":\"ListItem\",\"position\":3,\"name\":\"Mali u\u017eitki\"}]},{\"@type\":\"WebSite\",\"@id\":\"https:\/\/jakatomc.com\/#website\",\"url\":\"https:\/\/jakatomc.com\/\",\"name\":\"Jaka Tomc\",\"description\":\"Imagination is my reality\",\"potentialAction\":[{\"@type\":\"SearchAction\",\"target\":{\"@type\":\"EntryPoint\",\"urlTemplate\":\"https:\/\/jakatomc.com\/?s={search_term_string}\"},\"query-input\":{\"@type\":\"PropertyValueSpecification\",\"valueRequired\":true,\"valueName\":\"search_term_string\"}}],\"inLanguage\":\"sl-SI\"}]}<\/script>\n<!-- \/ Yoast SEO plugin. -->","yoast_head_json":{"title":"Mali u\u017eitki - Jaka Tomc","description":"Dobrodo\u0161li na vrtiljak stihov v \u0161tiriintridesetih delih in petih razpolo\u017eenjskih stanjih. Vsak bo na\u0161el kak\u0161nega zase. Naj postanejo va\u0161i mali u\u017eitki.","robots":{"index":"index","follow":"follow","max-snippet":"max-snippet:-1","max-image-preview":"max-image-preview:large","max-video-preview":"max-video-preview:-1"},"canonical":"https:\/\/jakatomc.com\/sl\/moje-knjige\/mali-uzitki\/","og_locale":"sl_SI","og_type":"article","og_title":"Mali u\u017eitki - Jaka Tomc","og_description":"Dobrodo\u0161li na vrtiljak stihov v \u0161tiriintridesetih delih in petih razpolo\u017eenjskih stanjih. Vsak bo na\u0161el kak\u0161nega zase. Naj postanejo va\u0161i mali u\u017eitki.","og_url":"https:\/\/jakatomc.com\/sl\/moje-knjige\/mali-uzitki\/","og_site_name":"Jaka Tomc","article_modified_time":"2020-02-29T13:04:47+00:00","og_image":[{"url":"https:\/\/jakatomc.com\/wp-content\/uploads\/2017\/10\/ovitki_3D-maliuzitki-e1512656547294-300x300.jpg","type":"","width":"","height":""}],"twitter_card":"summary_large_image","schema":{"@context":"https:\/\/schema.org","@graph":[{"@type":"WebPage","@id":"https:\/\/jakatomc.com\/sl\/moje-knjige\/mali-uzitki\/","url":"https:\/\/jakatomc.com\/sl\/moje-knjige\/mali-uzitki\/","name":"Mali u\u017eitki - Jaka Tomc","isPartOf":{"@id":"https:\/\/jakatomc.com\/#website"},"primaryImageOfPage":{"@id":"https:\/\/jakatomc.com\/sl\/moje-knjige\/mali-uzitki\/#primaryimage"},"image":{"@id":"https:\/\/jakatomc.com\/sl\/moje-knjige\/mali-uzitki\/#primaryimage"},"thumbnailUrl":"https:\/\/jakatomc.com\/wp-content\/uploads\/2017\/10\/ovitki_3D-maliuzitki-e1512656547294-300x300.jpg","datePublished":"2020-02-29T13:03:30+00:00","dateModified":"2020-02-29T13:04:47+00:00","description":"Dobrodo\u0161li na vrtiljak stihov v \u0161tiriintridesetih delih in petih razpolo\u017eenjskih stanjih. Vsak bo na\u0161el kak\u0161nega zase. Naj postanejo va\u0161i mali u\u017eitki.","breadcrumb":{"@id":"https:\/\/jakatomc.com\/sl\/moje-knjige\/mali-uzitki\/#breadcrumb"},"inLanguage":"sl-SI","potentialAction":[{"@type":"ReadAction","target":["https:\/\/jakatomc.com\/sl\/moje-knjige\/mali-uzitki\/"]}]},{"@type":"ImageObject","inLanguage":"sl-SI","@id":"https:\/\/jakatomc.com\/sl\/moje-knjige\/mali-uzitki\/#primaryimage","url":"https:\/\/jakatomc.com\/wp-content\/uploads\/2017\/10\/ovitki_3D-maliuzitki-e1512656547294-300x300.jpg","contentUrl":"https:\/\/jakatomc.com\/wp-content\/uploads\/2017\/10\/ovitki_3D-maliuzitki-e1512656547294-300x300.jpg"},{"@type":"BreadcrumbList","@id":"https:\/\/jakatomc.com\/sl\/moje-knjige\/mali-uzitki\/#breadcrumb","itemListElement":[{"@type":"ListItem","position":1,"name":"Home","item":"https:\/\/jakatomc.com\/sl\/"},{"@type":"ListItem","position":2,"name":"Moje knjige","item":"https:\/\/jakatomc.com\/sl\/moje-knjige\/"},{"@type":"ListItem","position":3,"name":"Mali u\u017eitki"}]},{"@type":"WebSite","@id":"https:\/\/jakatomc.com\/#website","url":"https:\/\/jakatomc.com\/","name":"Jaka Tomc","description":"Imagination is my reality","potentialAction":[{"@type":"SearchAction","target":{"@type":"EntryPoint","urlTemplate":"https:\/\/jakatomc.com\/?s={search_term_string}"},"query-input":{"@type":"PropertyValueSpecification","valueRequired":true,"valueName":"search_term_string"}}],"inLanguage":"sl-SI"}]}},"_links":{"self":[{"href":"https:\/\/jakatomc.com\/sl\/wp-json\/wp\/v2\/pages\/6996","targetHints":{"allow":["GET"]}}],"collection":[{"href":"https:\/\/jakatomc.com\/sl\/wp-json\/wp\/v2\/pages"}],"about":[{"href":"https:\/\/jakatomc.com\/sl\/wp-json\/wp\/v2\/types\/page"}],"author":[{"embeddable":true,"href":"https:\/\/jakatomc.com\/sl\/wp-json\/wp\/v2\/users\/1"}],"replies":[{"embeddable":true,"href":"https:\/\/jakatomc.com\/sl\/wp-json\/wp\/v2\/comments?post=6996"}],"version-history":[{"count":1,"href":"https:\/\/jakatomc.com\/sl\/wp-json\/wp\/v2\/pages\/6996\/revisions"}],"predecessor-version":[{"id":6997,"href":"https:\/\/jakatomc.com\/sl\/wp-json\/wp\/v2\/pages\/6996\/revisions\/6997"}],"up":[{"embeddable":true,"href":"https:\/\/jakatomc.com\/sl\/wp-json\/wp\/v2\/pages\/845"}],"wp:attachment":[{"href":"https:\/\/jakatomc.com\/sl\/wp-json\/wp\/v2\/media?parent=6996"}],"curies":[{"name":"wp","href":"https:\/\/api.w.org\/{rel}","templated":true}]}}