{"id":6993,"date":"2020-02-29T13:56:29","date_gmt":"2020-02-29T12:56:29","guid":{"rendered":"https:\/\/jakatomc.com\/?page_id=6993"},"modified":"2020-04-08T10:48:29","modified_gmt":"2020-04-08T08:48:29","slug":"dandy-dildo","status":"publish","type":"page","link":"https:\/\/jakatomc.com\/sl\/moje-knjige\/dandy-dildo\/","title":{"rendered":"Dandy Dildo"},"content":{"rendered":"<p><img loading=\"lazy\" decoding=\"async\" class=\"aligncenter size-large wp-image-8808\" src=\"https:\/\/jakatomc.com\/wp-content\/uploads\/2020\/04\/dandy_mockup-1024x576.jpg\" alt=\"\" width=\"1024\" height=\"576\" srcset=\"https:\/\/jakatomc.com\/wp-content\/uploads\/2020\/04\/dandy_mockup-1024x576.jpg 1024w, https:\/\/jakatomc.com\/wp-content\/uploads\/2020\/04\/dandy_mockup-300x169.jpg 300w, https:\/\/jakatomc.com\/wp-content\/uploads\/2020\/04\/dandy_mockup-768x432.jpg 768w, https:\/\/jakatomc.com\/wp-content\/uploads\/2020\/04\/dandy_mockup-1536x864.jpg 1536w, https:\/\/jakatomc.com\/wp-content\/uploads\/2020\/04\/dandy_mockup.jpg 1920w\" sizes=\"auto, (max-width: 1024px) 100vw, 1024px\" \/><\/p>\n<p><span id=\"freeText13617164284631998820\">Donovan Small je pomo\u010dnik urednika na \u010dasopisu Watford Times. Njegov najbolj\u0161i prijatelj je zdravnik James Lipton, odvisnik od kokaina, njegove mokre sanje plavolasa novinarka konkuren\u010dnega \u010dasopisa Rachel Clark. Donovan \u017eivi iz dneva v dan, dokler nekega dne po naklju\u010dju ne stopi v prodajalno z eroti\u010dnimi pripomo\u010dki. Tam prvi\u010d zagleda Margaret Cooper in se v trenutku zaljubi.<\/span><\/p>\n<ul>\n<li><strong>&#8220;Lahko poletno branje.&#8221;<\/strong> ~ \u0160pela, Goodreads<\/li>\n<li><strong>&#8220;Fantasti\u010dno!&#8221;<\/strong> ~ Sandi, Goodreads<\/li>\n<\/ul>\n<p>&nbsp;<\/p>\n","protected":false},"excerpt":{"rendered":"<p>Donovan Small je pomo\u010dnik urednika na \u010dasopisu Watford Times. Njegov najbolj\u0161i prijatelj je zdravnik James Lipton, odvisnik od kokaina, njegove mokre sanje plavolasa novinarka konkuren\u010dnega [&hellip;]<\/p>\n","protected":false},"author":1,"featured_media":0,"parent":845,"menu_order":0,"comment_status":"closed","ping_status":"closed","template":"","meta":{"footnotes":""},"class_list":["post-6993","page","type-page","status-publish","hentry"],"yoast_head":"<!-- This site is optimized with the Yoast SEO plugin v26.9 - https:\/\/yoast.com\/product\/yoast-seo-wordpress\/ -->\n<title>Dandy Dildo - Jaka Tomc<\/title>\n<meta name=\"description\" content=\"Ko se novinar Donovan Small zaljubi v privla\u010dno prodajalko eroti\u010dnih pripomo\u010dkov Margaret Cooper, se mu \u017eivljenje obrne na glavo.\" \/>\n<meta name=\"robots\" content=\"index, follow, max-snippet:-1, max-image-preview:large, max-video-preview:-1\" \/>\n<link rel=\"canonical\" href=\"https:\/\/jakatomc.com\/sl\/moje-knjige\/dandy-dildo\/\" \/>\n<meta property=\"og:locale\" content=\"sl_SI\" \/>\n<meta property=\"og:type\" content=\"article\" \/>\n<meta property=\"og:title\" content=\"Dandy Dildo - Jaka Tomc\" \/>\n<meta property=\"og:description\" content=\"Ko se novinar Donovan Small zaljubi v privla\u010dno prodajalko eroti\u010dnih pripomo\u010dkov Margaret Cooper, se mu \u017eivljenje obrne na glavo.\" \/>\n<meta property=\"og:url\" content=\"https:\/\/jakatomc.com\/sl\/moje-knjige\/dandy-dildo\/\" \/>\n<meta property=\"og:site_name\" content=\"Jaka Tomc\" \/>\n<meta property=\"article:modified_time\" content=\"2020-04-08T08:48:29+00:00\" \/>\n<meta property=\"og:image\" content=\"https:\/\/jakatomc.com\/wp-content\/uploads\/2020\/04\/dandy_mockup-1024x576.jpg\" \/>\n<meta name=\"twitter:card\" content=\"summary_large_image\" \/>\n<script type=\"application\/ld+json\" class=\"yoast-schema-graph\">{\"@context\":\"https:\/\/schema.org\",\"@graph\":[{\"@type\":\"WebPage\",\"@id\":\"https:\/\/jakatomc.com\/sl\/moje-knjige\/dandy-dildo\/\",\"url\":\"https:\/\/jakatomc.com\/sl\/moje-knjige\/dandy-dildo\/\",\"name\":\"Dandy Dildo - Jaka Tomc\",\"isPartOf\":{\"@id\":\"https:\/\/jakatomc.com\/#website\"},\"primaryImageOfPage\":{\"@id\":\"https:\/\/jakatomc.com\/sl\/moje-knjige\/dandy-dildo\/#primaryimage\"},\"image\":{\"@id\":\"https:\/\/jakatomc.com\/sl\/moje-knjige\/dandy-dildo\/#primaryimage\"},\"thumbnailUrl\":\"https:\/\/jakatomc.com\/wp-content\/uploads\/2020\/04\/dandy_mockup-1024x576.jpg\",\"datePublished\":\"2020-02-29T12:56:29+00:00\",\"dateModified\":\"2020-04-08T08:48:29+00:00\",\"description\":\"Ko se novinar Donovan Small zaljubi v privla\u010dno prodajalko eroti\u010dnih pripomo\u010dkov Margaret Cooper, se mu \u017eivljenje obrne na glavo.\",\"breadcrumb\":{\"@id\":\"https:\/\/jakatomc.com\/sl\/moje-knjige\/dandy-dildo\/#breadcrumb\"},\"inLanguage\":\"sl-SI\",\"potentialAction\":[{\"@type\":\"ReadAction\",\"target\":[\"https:\/\/jakatomc.com\/sl\/moje-knjige\/dandy-dildo\/\"]}]},{\"@type\":\"ImageObject\",\"inLanguage\":\"sl-SI\",\"@id\":\"https:\/\/jakatomc.com\/sl\/moje-knjige\/dandy-dildo\/#primaryimage\",\"url\":\"https:\/\/jakatomc.com\/wp-content\/uploads\/2020\/04\/dandy_mockup-1024x576.jpg\",\"contentUrl\":\"https:\/\/jakatomc.com\/wp-content\/uploads\/2020\/04\/dandy_mockup-1024x576.jpg\"},{\"@type\":\"BreadcrumbList\",\"@id\":\"https:\/\/jakatomc.com\/sl\/moje-knjige\/dandy-dildo\/#breadcrumb\",\"itemListElement\":[{\"@type\":\"ListItem\",\"position\":1,\"name\":\"Home\",\"item\":\"https:\/\/jakatomc.com\/sl\/\"},{\"@type\":\"ListItem\",\"position\":2,\"name\":\"Moje knjige\",\"item\":\"https:\/\/jakatomc.com\/sl\/moje-knjige\/\"},{\"@type\":\"ListItem\",\"position\":3,\"name\":\"Dandy Dildo\"}]},{\"@type\":\"WebSite\",\"@id\":\"https:\/\/jakatomc.com\/#website\",\"url\":\"https:\/\/jakatomc.com\/\",\"name\":\"Jaka Tomc\",\"description\":\"Imagination is my reality\",\"potentialAction\":[{\"@type\":\"SearchAction\",\"target\":{\"@type\":\"EntryPoint\",\"urlTemplate\":\"https:\/\/jakatomc.com\/?s={search_term_string}\"},\"query-input\":{\"@type\":\"PropertyValueSpecification\",\"valueRequired\":true,\"valueName\":\"search_term_string\"}}],\"inLanguage\":\"sl-SI\"}]}<\/script>\n<!-- \/ Yoast SEO plugin. -->","yoast_head_json":{"title":"Dandy Dildo - Jaka Tomc","description":"Ko se novinar Donovan Small zaljubi v privla\u010dno prodajalko eroti\u010dnih pripomo\u010dkov Margaret Cooper, se mu \u017eivljenje obrne na glavo.","robots":{"index":"index","follow":"follow","max-snippet":"max-snippet:-1","max-image-preview":"max-image-preview:large","max-video-preview":"max-video-preview:-1"},"canonical":"https:\/\/jakatomc.com\/sl\/moje-knjige\/dandy-dildo\/","og_locale":"sl_SI","og_type":"article","og_title":"Dandy Dildo - Jaka Tomc","og_description":"Ko se novinar Donovan Small zaljubi v privla\u010dno prodajalko eroti\u010dnih pripomo\u010dkov Margaret Cooper, se mu \u017eivljenje obrne na glavo.","og_url":"https:\/\/jakatomc.com\/sl\/moje-knjige\/dandy-dildo\/","og_site_name":"Jaka Tomc","article_modified_time":"2020-04-08T08:48:29+00:00","og_image":[{"url":"https:\/\/jakatomc.com\/wp-content\/uploads\/2020\/04\/dandy_mockup-1024x576.jpg","type":"","width":"","height":""}],"twitter_card":"summary_large_image","schema":{"@context":"https:\/\/schema.org","@graph":[{"@type":"WebPage","@id":"https:\/\/jakatomc.com\/sl\/moje-knjige\/dandy-dildo\/","url":"https:\/\/jakatomc.com\/sl\/moje-knjige\/dandy-dildo\/","name":"Dandy Dildo - Jaka Tomc","isPartOf":{"@id":"https:\/\/jakatomc.com\/#website"},"primaryImageOfPage":{"@id":"https:\/\/jakatomc.com\/sl\/moje-knjige\/dandy-dildo\/#primaryimage"},"image":{"@id":"https:\/\/jakatomc.com\/sl\/moje-knjige\/dandy-dildo\/#primaryimage"},"thumbnailUrl":"https:\/\/jakatomc.com\/wp-content\/uploads\/2020\/04\/dandy_mockup-1024x576.jpg","datePublished":"2020-02-29T12:56:29+00:00","dateModified":"2020-04-08T08:48:29+00:00","description":"Ko se novinar Donovan Small zaljubi v privla\u010dno prodajalko eroti\u010dnih pripomo\u010dkov Margaret Cooper, se mu \u017eivljenje obrne na glavo.","breadcrumb":{"@id":"https:\/\/jakatomc.com\/sl\/moje-knjige\/dandy-dildo\/#breadcrumb"},"inLanguage":"sl-SI","potentialAction":[{"@type":"ReadAction","target":["https:\/\/jakatomc.com\/sl\/moje-knjige\/dandy-dildo\/"]}]},{"@type":"ImageObject","inLanguage":"sl-SI","@id":"https:\/\/jakatomc.com\/sl\/moje-knjige\/dandy-dildo\/#primaryimage","url":"https:\/\/jakatomc.com\/wp-content\/uploads\/2020\/04\/dandy_mockup-1024x576.jpg","contentUrl":"https:\/\/jakatomc.com\/wp-content\/uploads\/2020\/04\/dandy_mockup-1024x576.jpg"},{"@type":"BreadcrumbList","@id":"https:\/\/jakatomc.com\/sl\/moje-knjige\/dandy-dildo\/#breadcrumb","itemListElement":[{"@type":"ListItem","position":1,"name":"Home","item":"https:\/\/jakatomc.com\/sl\/"},{"@type":"ListItem","position":2,"name":"Moje knjige","item":"https:\/\/jakatomc.com\/sl\/moje-knjige\/"},{"@type":"ListItem","position":3,"name":"Dandy Dildo"}]},{"@type":"WebSite","@id":"https:\/\/jakatomc.com\/#website","url":"https:\/\/jakatomc.com\/","name":"Jaka Tomc","description":"Imagination is my reality","potentialAction":[{"@type":"SearchAction","target":{"@type":"EntryPoint","urlTemplate":"https:\/\/jakatomc.com\/?s={search_term_string}"},"query-input":{"@type":"PropertyValueSpecification","valueRequired":true,"valueName":"search_term_string"}}],"inLanguage":"sl-SI"}]}},"_links":{"self":[{"href":"https:\/\/jakatomc.com\/sl\/wp-json\/wp\/v2\/pages\/6993","targetHints":{"allow":["GET"]}}],"collection":[{"href":"https:\/\/jakatomc.com\/sl\/wp-json\/wp\/v2\/pages"}],"about":[{"href":"https:\/\/jakatomc.com\/sl\/wp-json\/wp\/v2\/types\/page"}],"author":[{"embeddable":true,"href":"https:\/\/jakatomc.com\/sl\/wp-json\/wp\/v2\/users\/1"}],"replies":[{"embeddable":true,"href":"https:\/\/jakatomc.com\/sl\/wp-json\/wp\/v2\/comments?post=6993"}],"version-history":[{"count":4,"href":"https:\/\/jakatomc.com\/sl\/wp-json\/wp\/v2\/pages\/6993\/revisions"}],"predecessor-version":[{"id":8812,"href":"https:\/\/jakatomc.com\/sl\/wp-json\/wp\/v2\/pages\/6993\/revisions\/8812"}],"up":[{"embeddable":true,"href":"https:\/\/jakatomc.com\/sl\/wp-json\/wp\/v2\/pages\/845"}],"wp:attachment":[{"href":"https:\/\/jakatomc.com\/sl\/wp-json\/wp\/v2\/media?parent=6993"}],"curies":[{"name":"wp","href":"https:\/\/api.w.org\/{rel}","templated":true}]}}