{"id":6991,"date":"2020-02-29T13:46:57","date_gmt":"2020-02-29T12:46:57","guid":{"rendered":"https:\/\/jakatomc.com\/?page_id=6991"},"modified":"2025-12-21T11:53:13","modified_gmt":"2025-12-21T10:53:13","slug":"manicni-poet","status":"publish","type":"page","link":"https:\/\/jakatomc.com\/sl\/moje-knjige\/manicni-poet\/","title":{"rendered":"Mani\u010dni poet"},"content":{"rendered":"<p><img loading=\"lazy\" decoding=\"async\" class=\"aligncenter size-large wp-image-8813\" src=\"https:\/\/jakatomc.com\/wp-content\/uploads\/2020\/04\/mp_mockup-1024x576.jpg\" alt=\"\" width=\"1024\" height=\"576\" srcset=\"https:\/\/jakatomc.com\/wp-content\/uploads\/2020\/04\/mp_mockup-1024x576.jpg 1024w, https:\/\/jakatomc.com\/wp-content\/uploads\/2020\/04\/mp_mockup-300x169.jpg 300w, https:\/\/jakatomc.com\/wp-content\/uploads\/2020\/04\/mp_mockup-768x432.jpg 768w, https:\/\/jakatomc.com\/wp-content\/uploads\/2020\/04\/mp_mockup-1536x864.jpg 1536w, https:\/\/jakatomc.com\/wp-content\/uploads\/2020\/04\/mp_mockup.jpg 1920w\" sizes=\"auto, (max-width: 1024px) 100vw, 1024px\" \/><\/p>\n<p>Mani\u010dni poet je resni\u010dna in brutalno iskrena zgodba\u00a0o \u017eivljenju z bipolarno motnjo.<\/p>\n<p>&#8220;<em>Manija je zajebana sestra depresije. Obratno sorazmerna, a ravno zaradi tega \u0161e toliko bolj nevarna. Ko si mani\u010den, izgubi\u0161 stik z realnostjo. Zaveda\u0161 se okolice in dogajanja okoli sebe, a jih dojema\u0161 izkrivljeno. Vse tvoje vedenje se pome\u0161a z domi\u0161ljijo, tvojimi \u017eeljami in sanjami. Po\u010duti\u0161 se kot bog. Si na egotripu, ki ga ne more\u0161 dose\u010di z nobeno drogo. Na ljudi gleda\u0161 od zgoraj in noben te ne more prepri\u010dati, da tvoja resnica ni prava. Zate je \u0161e kako resni\u010dna<\/em>.&#8221;<\/p>\n<ul>\n<li>&#8220;<strong>Brutalno iskrena knjiga.<\/strong>&#8221; ~ Jana<\/li>\n<li>&#8220;<strong>Priporo\u010damo v branje!<\/strong>&#8221; ~ Cosmopolitan<\/li>\n<li>&#8220;<strong>\u017deleli jo boste prebrati.<\/strong>&#8221; ~ Diva.si<\/li>\n<li>&#8220;<strong>Jaka nam v obraz zabri\u0161e dejstva in naravo bolezni, ki \u010dloveka popolnoma psihi\u010dno ohromi in ga premetava iz evforije v depresijo in nazaj.<\/strong>&#8221; ~ <a href=\"http:\/\/dobreknjige.si\" target=\"_blank\" rel=\"noopener noreferrer\">dobreknjige.si<\/a><\/li>\n<\/ul>\n<p><strong>Poslu\u0161ajte <a href=\"https:\/\/audibook.si\/book\/whm\" target=\"_blank\" rel=\"noopener\">zvo\u010dno knjigo<\/a>.<\/strong><\/p>\n<p><strong>Preberite e-knjigo. (<a href=\"https:\/\/plus.cobiss.net\/cobiss\/si\/sl\/data\/cobib\/299561728\" target=\"_blank\" rel=\"noopener\">Cobiss Ela<\/a> \/ <a href=\"https:\/\/beletrinadigital.si\/e-knjiga\/manicni-poet\" target=\"_blank\" rel=\"noopener\">Beletrina Digital<\/a>)<\/strong><\/p>\n","protected":false},"excerpt":{"rendered":"<p>Mani\u010dni poet je resni\u010dna in brutalno iskrena zgodba\u00a0o \u017eivljenju z bipolarno motnjo. &#8220;Manija je zajebana sestra depresije. Obratno sorazmerna, a ravno zaradi tega \u0161e toliko [&hellip;]<\/p>\n","protected":false},"author":1,"featured_media":0,"parent":845,"menu_order":0,"comment_status":"closed","ping_status":"closed","template":"","meta":{"footnotes":""},"class_list":["post-6991","page","type-page","status-publish","hentry"],"yoast_head":"<!-- This site is optimized with the Yoast SEO plugin v26.9 - https:\/\/yoast.com\/product\/yoast-seo-wordpress\/ -->\n<title>Mani\u010dni poet - Jaka Tomc<\/title>\n<meta name=\"description\" content=\"Mani\u010dni poet je resni\u010dna in brutalno iskrena zgodba\u00a0o \u017eivljenju z bipolarno motnjo.\" \/>\n<meta name=\"robots\" content=\"index, follow, max-snippet:-1, max-image-preview:large, max-video-preview:-1\" \/>\n<link rel=\"canonical\" href=\"https:\/\/jakatomc.com\/sl\/moje-knjige\/manicni-poet\/\" \/>\n<meta property=\"og:locale\" content=\"sl_SI\" \/>\n<meta property=\"og:type\" content=\"article\" \/>\n<meta property=\"og:title\" content=\"Mani\u010dni poet - Jaka Tomc\" \/>\n<meta property=\"og:description\" content=\"Mani\u010dni poet je resni\u010dna in brutalno iskrena zgodba\u00a0o \u017eivljenju z bipolarno motnjo.\" \/>\n<meta property=\"og:url\" content=\"https:\/\/jakatomc.com\/sl\/moje-knjige\/manicni-poet\/\" \/>\n<meta property=\"og:site_name\" content=\"Jaka Tomc\" \/>\n<meta property=\"article:modified_time\" content=\"2025-12-21T10:53:13+00:00\" \/>\n<meta property=\"og:image\" content=\"https:\/\/jakatomc.com\/wp-content\/uploads\/2020\/04\/mp_mockup.jpg\" \/>\n\t<meta property=\"og:image:width\" content=\"1920\" \/>\n\t<meta property=\"og:image:height\" content=\"1080\" \/>\n\t<meta property=\"og:image:type\" content=\"image\/jpeg\" \/>\n<meta name=\"twitter:card\" content=\"summary_large_image\" \/>\n<meta name=\"twitter:label1\" content=\"Est. reading time\" \/>\n\t<meta name=\"twitter:data1\" content=\"1 minuta\" \/>\n<script type=\"application\/ld+json\" class=\"yoast-schema-graph\">{\"@context\":\"https:\/\/schema.org\",\"@graph\":[{\"@type\":\"WebPage\",\"@id\":\"https:\/\/jakatomc.com\/sl\/moje-knjige\/manicni-poet\/\",\"url\":\"https:\/\/jakatomc.com\/sl\/moje-knjige\/manicni-poet\/\",\"name\":\"Mani\u010dni poet - Jaka Tomc\",\"isPartOf\":{\"@id\":\"https:\/\/jakatomc.com\/#website\"},\"primaryImageOfPage\":{\"@id\":\"https:\/\/jakatomc.com\/sl\/moje-knjige\/manicni-poet\/#primaryimage\"},\"image\":{\"@id\":\"https:\/\/jakatomc.com\/sl\/moje-knjige\/manicni-poet\/#primaryimage\"},\"thumbnailUrl\":\"https:\/\/jakatomc.com\/wp-content\/uploads\/2020\/04\/mp_mockup-1024x576.jpg\",\"datePublished\":\"2020-02-29T12:46:57+00:00\",\"dateModified\":\"2025-12-21T10:53:13+00:00\",\"description\":\"Mani\u010dni poet je resni\u010dna in brutalno iskrena zgodba\u00a0o \u017eivljenju z bipolarno motnjo.\",\"breadcrumb\":{\"@id\":\"https:\/\/jakatomc.com\/sl\/moje-knjige\/manicni-poet\/#breadcrumb\"},\"inLanguage\":\"sl-SI\",\"potentialAction\":[{\"@type\":\"ReadAction\",\"target\":[\"https:\/\/jakatomc.com\/sl\/moje-knjige\/manicni-poet\/\"]}]},{\"@type\":\"ImageObject\",\"inLanguage\":\"sl-SI\",\"@id\":\"https:\/\/jakatomc.com\/sl\/moje-knjige\/manicni-poet\/#primaryimage\",\"url\":\"https:\/\/jakatomc.com\/wp-content\/uploads\/2020\/04\/mp_mockup-1024x576.jpg\",\"contentUrl\":\"https:\/\/jakatomc.com\/wp-content\/uploads\/2020\/04\/mp_mockup-1024x576.jpg\"},{\"@type\":\"BreadcrumbList\",\"@id\":\"https:\/\/jakatomc.com\/sl\/moje-knjige\/manicni-poet\/#breadcrumb\",\"itemListElement\":[{\"@type\":\"ListItem\",\"position\":1,\"name\":\"Home\",\"item\":\"https:\/\/jakatomc.com\/sl\/\"},{\"@type\":\"ListItem\",\"position\":2,\"name\":\"Moje knjige\",\"item\":\"https:\/\/jakatomc.com\/sl\/moje-knjige\/\"},{\"@type\":\"ListItem\",\"position\":3,\"name\":\"Mani\u010dni poet\"}]},{\"@type\":\"WebSite\",\"@id\":\"https:\/\/jakatomc.com\/#website\",\"url\":\"https:\/\/jakatomc.com\/\",\"name\":\"Jaka Tomc\",\"description\":\"Imagination is my reality\",\"potentialAction\":[{\"@type\":\"SearchAction\",\"target\":{\"@type\":\"EntryPoint\",\"urlTemplate\":\"https:\/\/jakatomc.com\/?s={search_term_string}\"},\"query-input\":{\"@type\":\"PropertyValueSpecification\",\"valueRequired\":true,\"valueName\":\"search_term_string\"}}],\"inLanguage\":\"sl-SI\"}]}<\/script>\n<!-- \/ Yoast SEO plugin. -->","yoast_head_json":{"title":"Mani\u010dni poet - Jaka Tomc","description":"Mani\u010dni poet je resni\u010dna in brutalno iskrena zgodba\u00a0o \u017eivljenju z bipolarno motnjo.","robots":{"index":"index","follow":"follow","max-snippet":"max-snippet:-1","max-image-preview":"max-image-preview:large","max-video-preview":"max-video-preview:-1"},"canonical":"https:\/\/jakatomc.com\/sl\/moje-knjige\/manicni-poet\/","og_locale":"sl_SI","og_type":"article","og_title":"Mani\u010dni poet - Jaka Tomc","og_description":"Mani\u010dni poet je resni\u010dna in brutalno iskrena zgodba\u00a0o \u017eivljenju z bipolarno motnjo.","og_url":"https:\/\/jakatomc.com\/sl\/moje-knjige\/manicni-poet\/","og_site_name":"Jaka Tomc","article_modified_time":"2025-12-21T10:53:13+00:00","og_image":[{"width":1920,"height":1080,"url":"https:\/\/jakatomc.com\/wp-content\/uploads\/2020\/04\/mp_mockup.jpg","type":"image\/jpeg"}],"twitter_card":"summary_large_image","twitter_misc":{"Est. reading time":"1 minuta"},"schema":{"@context":"https:\/\/schema.org","@graph":[{"@type":"WebPage","@id":"https:\/\/jakatomc.com\/sl\/moje-knjige\/manicni-poet\/","url":"https:\/\/jakatomc.com\/sl\/moje-knjige\/manicni-poet\/","name":"Mani\u010dni poet - Jaka Tomc","isPartOf":{"@id":"https:\/\/jakatomc.com\/#website"},"primaryImageOfPage":{"@id":"https:\/\/jakatomc.com\/sl\/moje-knjige\/manicni-poet\/#primaryimage"},"image":{"@id":"https:\/\/jakatomc.com\/sl\/moje-knjige\/manicni-poet\/#primaryimage"},"thumbnailUrl":"https:\/\/jakatomc.com\/wp-content\/uploads\/2020\/04\/mp_mockup-1024x576.jpg","datePublished":"2020-02-29T12:46:57+00:00","dateModified":"2025-12-21T10:53:13+00:00","description":"Mani\u010dni poet je resni\u010dna in brutalno iskrena zgodba\u00a0o \u017eivljenju z bipolarno motnjo.","breadcrumb":{"@id":"https:\/\/jakatomc.com\/sl\/moje-knjige\/manicni-poet\/#breadcrumb"},"inLanguage":"sl-SI","potentialAction":[{"@type":"ReadAction","target":["https:\/\/jakatomc.com\/sl\/moje-knjige\/manicni-poet\/"]}]},{"@type":"ImageObject","inLanguage":"sl-SI","@id":"https:\/\/jakatomc.com\/sl\/moje-knjige\/manicni-poet\/#primaryimage","url":"https:\/\/jakatomc.com\/wp-content\/uploads\/2020\/04\/mp_mockup-1024x576.jpg","contentUrl":"https:\/\/jakatomc.com\/wp-content\/uploads\/2020\/04\/mp_mockup-1024x576.jpg"},{"@type":"BreadcrumbList","@id":"https:\/\/jakatomc.com\/sl\/moje-knjige\/manicni-poet\/#breadcrumb","itemListElement":[{"@type":"ListItem","position":1,"name":"Home","item":"https:\/\/jakatomc.com\/sl\/"},{"@type":"ListItem","position":2,"name":"Moje knjige","item":"https:\/\/jakatomc.com\/sl\/moje-knjige\/"},{"@type":"ListItem","position":3,"name":"Mani\u010dni poet"}]},{"@type":"WebSite","@id":"https:\/\/jakatomc.com\/#website","url":"https:\/\/jakatomc.com\/","name":"Jaka Tomc","description":"Imagination is my reality","potentialAction":[{"@type":"SearchAction","target":{"@type":"EntryPoint","urlTemplate":"https:\/\/jakatomc.com\/?s={search_term_string}"},"query-input":{"@type":"PropertyValueSpecification","valueRequired":true,"valueName":"search_term_string"}}],"inLanguage":"sl-SI"}]}},"_links":{"self":[{"href":"https:\/\/jakatomc.com\/sl\/wp-json\/wp\/v2\/pages\/6991","targetHints":{"allow":["GET"]}}],"collection":[{"href":"https:\/\/jakatomc.com\/sl\/wp-json\/wp\/v2\/pages"}],"about":[{"href":"https:\/\/jakatomc.com\/sl\/wp-json\/wp\/v2\/types\/page"}],"author":[{"embeddable":true,"href":"https:\/\/jakatomc.com\/sl\/wp-json\/wp\/v2\/users\/1"}],"replies":[{"embeddable":true,"href":"https:\/\/jakatomc.com\/sl\/wp-json\/wp\/v2\/comments?post=6991"}],"version-history":[{"count":4,"href":"https:\/\/jakatomc.com\/sl\/wp-json\/wp\/v2\/pages\/6991\/revisions"}],"predecessor-version":[{"id":13111,"href":"https:\/\/jakatomc.com\/sl\/wp-json\/wp\/v2\/pages\/6991\/revisions\/13111"}],"up":[{"embeddable":true,"href":"https:\/\/jakatomc.com\/sl\/wp-json\/wp\/v2\/pages\/845"}],"wp:attachment":[{"href":"https:\/\/jakatomc.com\/sl\/wp-json\/wp\/v2\/media?parent=6991"}],"curies":[{"name":"wp","href":"https:\/\/api.w.org\/{rel}","templated":true}]}}