{"id":6985,"date":"2020-02-29T12:12:51","date_gmt":"2020-02-29T11:12:51","guid":{"rendered":"https:\/\/jakatomc.com\/?page_id=6985"},"modified":"2020-02-29T12:12:51","modified_gmt":"2020-02-29T11:12:51","slug":"zacetek-konca-zgodba-o-davidu-locku-1","status":"publish","type":"page","link":"https:\/\/jakatomc.com\/sl\/moje-knjige\/zacetek-konca-zgodba-o-davidu-locku-1\/","title":{"rendered":"Za\u010detek konca (Zgodba o Davidu Locku #1)"},"content":{"rendered":"<p><img loading=\"lazy\" decoding=\"async\" class=\"aligncenter wp-image-6986 size-medium\" src=\"https:\/\/jakatomc.com\/wp-content\/uploads\/2020\/02\/ovitki_3D-ZDL1-300x300.jpg\" alt=\"\" width=\"300\" height=\"300\" srcset=\"https:\/\/jakatomc.com\/wp-content\/uploads\/2020\/02\/ovitki_3D-ZDL1-300x300.jpg 300w, https:\/\/jakatomc.com\/wp-content\/uploads\/2020\/02\/ovitki_3D-ZDL1-1024x1024.jpg 1024w, https:\/\/jakatomc.com\/wp-content\/uploads\/2020\/02\/ovitki_3D-ZDL1-150x150.jpg 150w, https:\/\/jakatomc.com\/wp-content\/uploads\/2020\/02\/ovitki_3D-ZDL1-768x768.jpg 768w, https:\/\/jakatomc.com\/wp-content\/uploads\/2020\/02\/ovitki_3D-ZDL1-1536x1536.jpg 1536w, https:\/\/jakatomc.com\/wp-content\/uploads\/2020\/02\/ovitki_3D-ZDL1-2048x2048.jpg 2048w\" sizes=\"auto, (max-width: 300px) 100vw, 300px\" \/><\/p>\n<p>David Locke je mlad pisatelj, ki \u0161tudira na UCLA, dneve na kampusu pa si kraj\u0161a z \u017eenskami, drogami in alkoholom. Dokler ne spozna Chrisa Sullivana, ki mu razkrije njegovo pravo poslanstvo. Njegovo \u017eivljenje nenadoma postane vrtiljak. Ga bo lahko ustavil?<\/p>\n<ul>\n<li class=\"p1\"><strong>&#8220;Slovenski Dan Brown&#8221;<\/strong> ~\u00a0\u017durnal<\/li>\n<li class=\"p1\"><strong>&#8220;Fuzija ve\u010dih \u017eanrov, od komedije, kriminalke, akcije, trilerja pa do roba znanstvene fantastike.&#8221;<\/strong> ~ Arhivo<\/li>\n<li class=\"p1\"><strong>&#8220;Ko v sloven\u0161\u010dini pi\u0161o\u010di avtor preplete filmske sekvence Davida Lyncha in Quentina Tarantina v naspidirano in provokativno literarno delo.&#8221;<\/strong> ~ dobreknjige.si<\/li>\n<li class=\"p1\"><strong>&#8220;Nasploh se zdi, da si mladi pisatelj namenoma ne postavlja mej.&#8221;<\/strong> ~ Radio Kaos<\/li>\n<li><strong>&#8220;Avtor mojstrsko ujame razburljivost nikoli dolgo\u010dasnega \u017eivljenja v Los Angelesu, mestu, ki mu vlada hedonizem.&#8221;<\/strong> ~ Neja bere<\/li>\n<li><strong>&#8220;Na videz le obi\u010dajna pripoved zdolgo\u010dasenega \u0161tudenta se zaplete v pravo kriminalko.&#8221; <\/strong>~ RTV SLO<\/li>\n<\/ul>\n<p class=\"p1\">\n","protected":false},"excerpt":{"rendered":"<p>David Locke je mlad pisatelj, ki \u0161tudira na UCLA, dneve na kampusu pa si kraj\u0161a z \u017eenskami, drogami in alkoholom. Dokler ne spozna Chrisa Sullivana, [&hellip;]<\/p>\n","protected":false},"author":1,"featured_media":0,"parent":845,"menu_order":0,"comment_status":"closed","ping_status":"closed","template":"","meta":{"footnotes":""},"class_list":["post-6985","page","type-page","status-publish","hentry"],"yoast_head":"<!-- This site is optimized with the Yoast SEO plugin v26.9 - https:\/\/yoast.com\/product\/yoast-seo-wordpress\/ -->\n<title>Za\u010detek konca (Zgodba o Davidu Locku #1) - Jaka Tomc<\/title>\n<meta name=\"robots\" content=\"index, follow, max-snippet:-1, max-image-preview:large, max-video-preview:-1\" \/>\n<link rel=\"canonical\" href=\"https:\/\/jakatomc.com\/sl\/moje-knjige\/zacetek-konca-zgodba-o-davidu-locku-1\/\" \/>\n<meta property=\"og:locale\" content=\"sl_SI\" \/>\n<meta property=\"og:type\" content=\"article\" \/>\n<meta property=\"og:title\" content=\"Za\u010detek konca (Zgodba o Davidu Locku #1) - Jaka Tomc\" \/>\n<meta property=\"og:description\" content=\"David Locke je mlad pisatelj, ki \u0161tudira na UCLA, dneve na kampusu pa si kraj\u0161a z \u017eenskami, drogami in alkoholom. Dokler ne spozna Chrisa Sullivana, [&hellip;]\" \/>\n<meta property=\"og:url\" content=\"https:\/\/jakatomc.com\/sl\/moje-knjige\/zacetek-konca-zgodba-o-davidu-locku-1\/\" \/>\n<meta property=\"og:site_name\" content=\"Jaka Tomc\" \/>\n<meta property=\"og:image\" content=\"https:\/\/jakatomc.com\/wp-content\/uploads\/2020\/02\/ovitki_3D-ZDL1-300x300.jpg\" \/>\n<meta name=\"twitter:card\" content=\"summary_large_image\" \/>\n<meta name=\"twitter:label1\" content=\"Est. reading time\" \/>\n\t<meta name=\"twitter:data1\" content=\"1 minuta\" \/>\n<script type=\"application\/ld+json\" class=\"yoast-schema-graph\">{\"@context\":\"https:\/\/schema.org\",\"@graph\":[{\"@type\":\"WebPage\",\"@id\":\"https:\/\/jakatomc.com\/sl\/moje-knjige\/zacetek-konca-zgodba-o-davidu-locku-1\/\",\"url\":\"https:\/\/jakatomc.com\/sl\/moje-knjige\/zacetek-konca-zgodba-o-davidu-locku-1\/\",\"name\":\"Za\u010detek konca (Zgodba o Davidu Locku #1) - Jaka Tomc\",\"isPartOf\":{\"@id\":\"https:\/\/jakatomc.com\/#website\"},\"primaryImageOfPage\":{\"@id\":\"https:\/\/jakatomc.com\/sl\/moje-knjige\/zacetek-konca-zgodba-o-davidu-locku-1\/#primaryimage\"},\"image\":{\"@id\":\"https:\/\/jakatomc.com\/sl\/moje-knjige\/zacetek-konca-zgodba-o-davidu-locku-1\/#primaryimage\"},\"thumbnailUrl\":\"https:\/\/jakatomc.com\/wp-content\/uploads\/2020\/02\/ovitki_3D-ZDL1-300x300.jpg\",\"datePublished\":\"2020-02-29T11:12:51+00:00\",\"breadcrumb\":{\"@id\":\"https:\/\/jakatomc.com\/sl\/moje-knjige\/zacetek-konca-zgodba-o-davidu-locku-1\/#breadcrumb\"},\"inLanguage\":\"sl-SI\",\"potentialAction\":[{\"@type\":\"ReadAction\",\"target\":[\"https:\/\/jakatomc.com\/sl\/moje-knjige\/zacetek-konca-zgodba-o-davidu-locku-1\/\"]}]},{\"@type\":\"ImageObject\",\"inLanguage\":\"sl-SI\",\"@id\":\"https:\/\/jakatomc.com\/sl\/moje-knjige\/zacetek-konca-zgodba-o-davidu-locku-1\/#primaryimage\",\"url\":\"https:\/\/jakatomc.com\/wp-content\/uploads\/2020\/02\/ovitki_3D-ZDL1-300x300.jpg\",\"contentUrl\":\"https:\/\/jakatomc.com\/wp-content\/uploads\/2020\/02\/ovitki_3D-ZDL1-300x300.jpg\"},{\"@type\":\"BreadcrumbList\",\"@id\":\"https:\/\/jakatomc.com\/sl\/moje-knjige\/zacetek-konca-zgodba-o-davidu-locku-1\/#breadcrumb\",\"itemListElement\":[{\"@type\":\"ListItem\",\"position\":1,\"name\":\"Home\",\"item\":\"https:\/\/jakatomc.com\/sl\/\"},{\"@type\":\"ListItem\",\"position\":2,\"name\":\"Moje knjige\",\"item\":\"https:\/\/jakatomc.com\/sl\/moje-knjige\/\"},{\"@type\":\"ListItem\",\"position\":3,\"name\":\"Za\u010detek konca (Zgodba o Davidu Locku #1)\"}]},{\"@type\":\"WebSite\",\"@id\":\"https:\/\/jakatomc.com\/#website\",\"url\":\"https:\/\/jakatomc.com\/\",\"name\":\"Jaka Tomc\",\"description\":\"Imagination is my reality\",\"potentialAction\":[{\"@type\":\"SearchAction\",\"target\":{\"@type\":\"EntryPoint\",\"urlTemplate\":\"https:\/\/jakatomc.com\/?s={search_term_string}\"},\"query-input\":{\"@type\":\"PropertyValueSpecification\",\"valueRequired\":true,\"valueName\":\"search_term_string\"}}],\"inLanguage\":\"sl-SI\"}]}<\/script>\n<!-- \/ Yoast SEO plugin. -->","yoast_head_json":{"title":"Za\u010detek konca (Zgodba o Davidu Locku #1) - Jaka Tomc","robots":{"index":"index","follow":"follow","max-snippet":"max-snippet:-1","max-image-preview":"max-image-preview:large","max-video-preview":"max-video-preview:-1"},"canonical":"https:\/\/jakatomc.com\/sl\/moje-knjige\/zacetek-konca-zgodba-o-davidu-locku-1\/","og_locale":"sl_SI","og_type":"article","og_title":"Za\u010detek konca (Zgodba o Davidu Locku #1) - Jaka Tomc","og_description":"David Locke je mlad pisatelj, ki \u0161tudira na UCLA, dneve na kampusu pa si kraj\u0161a z \u017eenskami, drogami in alkoholom. Dokler ne spozna Chrisa Sullivana, [&hellip;]","og_url":"https:\/\/jakatomc.com\/sl\/moje-knjige\/zacetek-konca-zgodba-o-davidu-locku-1\/","og_site_name":"Jaka Tomc","og_image":[{"url":"https:\/\/jakatomc.com\/wp-content\/uploads\/2020\/02\/ovitki_3D-ZDL1-300x300.jpg","type":"","width":"","height":""}],"twitter_card":"summary_large_image","twitter_misc":{"Est. reading time":"1 minuta"},"schema":{"@context":"https:\/\/schema.org","@graph":[{"@type":"WebPage","@id":"https:\/\/jakatomc.com\/sl\/moje-knjige\/zacetek-konca-zgodba-o-davidu-locku-1\/","url":"https:\/\/jakatomc.com\/sl\/moje-knjige\/zacetek-konca-zgodba-o-davidu-locku-1\/","name":"Za\u010detek konca (Zgodba o Davidu Locku #1) - Jaka Tomc","isPartOf":{"@id":"https:\/\/jakatomc.com\/#website"},"primaryImageOfPage":{"@id":"https:\/\/jakatomc.com\/sl\/moje-knjige\/zacetek-konca-zgodba-o-davidu-locku-1\/#primaryimage"},"image":{"@id":"https:\/\/jakatomc.com\/sl\/moje-knjige\/zacetek-konca-zgodba-o-davidu-locku-1\/#primaryimage"},"thumbnailUrl":"https:\/\/jakatomc.com\/wp-content\/uploads\/2020\/02\/ovitki_3D-ZDL1-300x300.jpg","datePublished":"2020-02-29T11:12:51+00:00","breadcrumb":{"@id":"https:\/\/jakatomc.com\/sl\/moje-knjige\/zacetek-konca-zgodba-o-davidu-locku-1\/#breadcrumb"},"inLanguage":"sl-SI","potentialAction":[{"@type":"ReadAction","target":["https:\/\/jakatomc.com\/sl\/moje-knjige\/zacetek-konca-zgodba-o-davidu-locku-1\/"]}]},{"@type":"ImageObject","inLanguage":"sl-SI","@id":"https:\/\/jakatomc.com\/sl\/moje-knjige\/zacetek-konca-zgodba-o-davidu-locku-1\/#primaryimage","url":"https:\/\/jakatomc.com\/wp-content\/uploads\/2020\/02\/ovitki_3D-ZDL1-300x300.jpg","contentUrl":"https:\/\/jakatomc.com\/wp-content\/uploads\/2020\/02\/ovitki_3D-ZDL1-300x300.jpg"},{"@type":"BreadcrumbList","@id":"https:\/\/jakatomc.com\/sl\/moje-knjige\/zacetek-konca-zgodba-o-davidu-locku-1\/#breadcrumb","itemListElement":[{"@type":"ListItem","position":1,"name":"Home","item":"https:\/\/jakatomc.com\/sl\/"},{"@type":"ListItem","position":2,"name":"Moje knjige","item":"https:\/\/jakatomc.com\/sl\/moje-knjige\/"},{"@type":"ListItem","position":3,"name":"Za\u010detek konca (Zgodba o Davidu Locku #1)"}]},{"@type":"WebSite","@id":"https:\/\/jakatomc.com\/#website","url":"https:\/\/jakatomc.com\/","name":"Jaka Tomc","description":"Imagination is my reality","potentialAction":[{"@type":"SearchAction","target":{"@type":"EntryPoint","urlTemplate":"https:\/\/jakatomc.com\/?s={search_term_string}"},"query-input":{"@type":"PropertyValueSpecification","valueRequired":true,"valueName":"search_term_string"}}],"inLanguage":"sl-SI"}]}},"_links":{"self":[{"href":"https:\/\/jakatomc.com\/sl\/wp-json\/wp\/v2\/pages\/6985","targetHints":{"allow":["GET"]}}],"collection":[{"href":"https:\/\/jakatomc.com\/sl\/wp-json\/wp\/v2\/pages"}],"about":[{"href":"https:\/\/jakatomc.com\/sl\/wp-json\/wp\/v2\/types\/page"}],"author":[{"embeddable":true,"href":"https:\/\/jakatomc.com\/sl\/wp-json\/wp\/v2\/users\/1"}],"replies":[{"embeddable":true,"href":"https:\/\/jakatomc.com\/sl\/wp-json\/wp\/v2\/comments?post=6985"}],"version-history":[{"count":1,"href":"https:\/\/jakatomc.com\/sl\/wp-json\/wp\/v2\/pages\/6985\/revisions"}],"predecessor-version":[{"id":6988,"href":"https:\/\/jakatomc.com\/sl\/wp-json\/wp\/v2\/pages\/6985\/revisions\/6988"}],"up":[{"embeddable":true,"href":"https:\/\/jakatomc.com\/sl\/wp-json\/wp\/v2\/pages\/845"}],"wp:attachment":[{"href":"https:\/\/jakatomc.com\/sl\/wp-json\/wp\/v2\/media?parent=6985"}],"curies":[{"name":"wp","href":"https:\/\/api.w.org\/{rel}","templated":true}]}}