{"id":6981,"date":"2020-02-29T12:00:30","date_gmt":"2020-02-29T11:00:30","guid":{"rendered":"https:\/\/jakatomc.com\/?page_id=6981"},"modified":"2025-12-21T11:50:22","modified_gmt":"2025-12-21T10:50:22","slug":"720-utripov-srca","status":"publish","type":"page","link":"https:\/\/jakatomc.com\/sl\/moje-knjige\/720-utripov-srca\/","title":{"rendered":"720 utripov srca"},"content":{"rendered":"<h4><img loading=\"lazy\" decoding=\"async\" class=\"aligncenter size-large wp-image-8805\" src=\"https:\/\/jakatomc.com\/wp-content\/uploads\/2020\/04\/utripi_mockup-1024x576.jpg\" alt=\"\" width=\"1024\" height=\"576\" srcset=\"https:\/\/jakatomc.com\/wp-content\/uploads\/2020\/04\/utripi_mockup-1024x576.jpg 1024w, https:\/\/jakatomc.com\/wp-content\/uploads\/2020\/04\/utripi_mockup-300x169.jpg 300w, https:\/\/jakatomc.com\/wp-content\/uploads\/2020\/04\/utripi_mockup-768x432.jpg 768w, https:\/\/jakatomc.com\/wp-content\/uploads\/2020\/04\/utripi_mockup-1536x864.jpg 1536w, https:\/\/jakatomc.com\/wp-content\/uploads\/2020\/04\/utripi_mockup.jpg 1920w\" sizes=\"auto, (max-width: 1024px) 100vw, 1024px\" \/><\/h4>\n<h4><strong><a href=\"http:\/\/www.breakthroughnovelawards.com\/2019\/01\/2018-breakthrough-fiction-award-winners.html\" target=\"_blank\" rel=\"noopener noreferrer\">Dobitnica nagrade 2018 Breakthrough Fiction Award<\/a>.<\/strong><\/h4>\n<p><img loading=\"lazy\" decoding=\"async\" class=\"aligncenter wp-image-1532 size-thumbnail\" src=\"https:\/\/jakatomc.com\/wp-content\/uploads\/2019\/03\/2018-Breakthrough-Fiction-Award-Suspense-Thriller-150x150.png\" alt=\"\" width=\"150\" height=\"150\" \/><\/p>\n<h4><strong><a href=\"https:\/\/www.independentauthornetwork.com\/2019-botya-winners.html\" target=\"_blank\" rel=\"noopener noreferrer\">Finalistka nate\u010daja 2019 IAN Book of the Year Awards<\/a>.<\/strong><\/h4>\n<p><img loading=\"lazy\" decoding=\"async\" class=\"aligncenter wp-image-3042 size-thumbnail\" src=\"https:\/\/jakatomc.com\/wp-content\/uploads\/2019\/10\/Finalist-2019-150x150.png\" alt=\"\" width=\"150\" height=\"150\" srcset=\"https:\/\/jakatomc.com\/wp-content\/uploads\/2019\/10\/Finalist-2019-150x150.png 150w, https:\/\/jakatomc.com\/wp-content\/uploads\/2019\/10\/Finalist-2019-300x300.png 300w, https:\/\/jakatomc.com\/wp-content\/uploads\/2019\/10\/Finalist-2019-768x768.png 768w, https:\/\/jakatomc.com\/wp-content\/uploads\/2019\/10\/Finalist-2019-1024x1024.png 1024w, https:\/\/jakatomc.com\/wp-content\/uploads\/2019\/10\/Finalist-2019.png 2000w\" sizes=\"auto, (max-width: 150px) 100vw, 150px\" \/><\/p>\n<p>Kriminalist Rok Jazbin\u0161ek med razbijanjem mednarodne mre\u017ee trgovcev z drogo naleti na nenavadno odkritje, ki mu postavi svet na glavo. Se mu upate pridru\u017eiti na njegovem potovanju, polnem nepri\u010dakovanih preobratov, \u0161okantnih zapletov in \u017eivljenjskih naukov?<\/p>\n<p>720 utripov srca ni klasi\u010dna kriminalka. Pravzaprav se skozi branje poraja vpra\u0161anje, \u010de jo sploh lahko uvrstimo v ta \u017eanr. Spogleduje se z znanstveno fantastiko. Ukvarja se z vpra\u0161anjem vzporednih svetov. S \u010dasom, ki ni linearen. Z obstojem neskon\u010dno veliko razli\u010dic vsakega od nas.<\/p>\n<p>&#8211; <a href=\"https:\/\/radioprvi.rtvslo.si\/2017\/08\/sobotno-branje-75\/\" target=\"_blank\" rel=\"noopener noreferrer\"><strong>Prispevek o knjigi na Radiu Slovenija<\/strong><\/a><\/p>\n<ul>\n<li style=\"list-style-type: none;\">\n<ul>\n<li><strong>&#8220;Nekaj pogumnega je v tem pisanju.&#8221; <\/strong>~ Toma\u017e Be\u0161ter, <a href=\"http:\/\/kon-teksti.blogspot.si\/2017\/06\/720-utripov-srca-o-junaku-ki-najde.html\" target=\"_blank\" rel=\"noopener noreferrer\">Konteksti<\/a><strong><br \/>\n<\/strong><\/li>\n<li><strong>&#8220;Roman, ki se prebere na dah in dr\u017ei bralca v napetosti do samega konca.&#8221; <\/strong>~ Katra Hribar Frol, <a href=\"http:\/\/www.dobreknjige.si\/Knjiga.aspx?knjiga=4703\" target=\"_blank\" rel=\"noopener noreferrer\">dobreknjige.si<\/a><strong><br \/>\n<\/strong><\/li>\n<li><strong>&#8220;Svojevrsten Tom\u010dev \u0161ov, ki se kon\u010da &#8230; o\u010di\u0161\u010devalno.&#8221;<\/strong> ~ Matic Slap\u0161ak, <a href=\"http:\/\/odkrito.si\/clanek\/zabava\/piton-je-kriv-za-vse-523105\" target=\"_blank\" rel=\"noopener noreferrer\">Vklop<\/a><\/li>\n<li><span id=\"reviewTextContainer2037677305\" class=\"readable\"><span id=\"freeText3828692035472938752\"><strong>&#8220;Hiter in napet &#8216;kibernoir&#8217;.&#8221;<\/strong> ~ Renato Bratkovi\u010d, avtor romana Plavalec<br \/>\n<\/span><\/span><\/li>\n<li><strong>&#8220;\u0160e ena odli\u010dna knjiga izpod peresa Jake Tomca.&#8221;<\/strong> ~ Klemen Humerca, <a href=\"http:\/\/www.rad.sik.si\/prebrane-knjige\/?id=979&amp;single=1\" target=\"_blank\" rel=\"noopener noreferrer\">Knji\u017enica A. T. Linharta Radovljica<\/a><\/li>\n<li><strong>&#8220;Nedvomno eno od bolj edinstvenih del doma\u010de literature.&#8221; <\/strong>~ Vid \u0160teh, <a href=\"https:\/\/filmpuppet1984.wordpress.com\/2017\/10\/28\/jaka-tomc-720-utripov-srca\/\" target=\"_blank\" rel=\"noopener noreferrer\">Razgledano<\/a><\/li>\n<li><strong>&#8220;Zdi se, da avtor s pisanjem romana raste.&#8221; <\/strong>~ Simona Dijak, <a href=\"https:\/\/new.dostop.si\/2018\/08\/24\/poletno-branje-6\/\" target=\"_blank\" rel=\"noopener noreferrer\">Spekter<\/a><\/li>\n<li><strong>&#8220;Preobrati se zgodijo na ravno pravih mestih.&#8221;<\/strong> ~ Veronika \u0160oster, Dru\u0161tvo slovenskih literarnih kritikov<\/li>\n<\/ul>\n<\/li>\n<\/ul>\n<p>&nbsp;<\/p>\n<p><strong>Kupite ali si izposodite <a href=\"https:\/\/audibook.si\/book\/whl\" target=\"_blank\" rel=\"noopener\">zvo\u010dno knjigo<\/a>.<\/strong><\/p>\n<p><strong>Preberite e-knjigo. (<a href=\"https:\/\/plus.cobiss.net\/cobiss\/si\/sl\/data\/cobib\/292298496\" target=\"_blank\" rel=\"noopener\">Cobiss Ela<\/a> \/ <a href=\"https:\/\/beletrinadigital.si\/e-knjiga\/720-utripov-srca\" target=\"_blank\" rel=\"noopener\">Beletrina Digital<\/a>)<\/strong><\/p>\n","protected":false},"excerpt":{"rendered":"<p>Dobitnica nagrade 2018 Breakthrough Fiction Award. Finalistka nate\u010daja 2019 IAN Book of the Year Awards. Kriminalist Rok Jazbin\u0161ek med razbijanjem mednarodne mre\u017ee trgovcev z drogo [&hellip;]<\/p>\n","protected":false},"author":1,"featured_media":0,"parent":845,"menu_order":0,"comment_status":"closed","ping_status":"closed","template":"","meta":{"footnotes":""},"class_list":["post-6981","page","type-page","status-publish","hentry"],"yoast_head":"<!-- This site is optimized with the Yoast SEO plugin v26.9 - https:\/\/yoast.com\/product\/yoast-seo-wordpress\/ -->\n<title>720 utripov srca - Jaka Tomc<\/title>\n<meta name=\"description\" content=\"720 utripov srca ni klasi\u010dna kriminalka. Pravzaprav se skozi branje poraja vpra\u0161anje, \u010de jo sploh lahko uvrstimo v ta \u017eanr.\" \/>\n<meta name=\"robots\" content=\"index, follow, max-snippet:-1, max-image-preview:large, max-video-preview:-1\" \/>\n<link rel=\"canonical\" href=\"https:\/\/jakatomc.com\/sl\/moje-knjige\/720-utripov-srca\/\" \/>\n<meta property=\"og:locale\" content=\"sl_SI\" \/>\n<meta property=\"og:type\" content=\"article\" \/>\n<meta property=\"og:title\" content=\"720 utripov srca - Jaka Tomc\" \/>\n<meta property=\"og:description\" content=\"720 utripov srca ni klasi\u010dna kriminalka. Pravzaprav se skozi branje poraja vpra\u0161anje, \u010de jo sploh lahko uvrstimo v ta \u017eanr.\" \/>\n<meta property=\"og:url\" content=\"https:\/\/jakatomc.com\/sl\/moje-knjige\/720-utripov-srca\/\" \/>\n<meta property=\"og:site_name\" content=\"Jaka Tomc\" \/>\n<meta property=\"article:modified_time\" content=\"2025-12-21T10:50:22+00:00\" \/>\n<meta property=\"og:image\" content=\"https:\/\/jakatomc.com\/wp-content\/uploads\/2020\/04\/utripi_mockup.jpg\" \/>\n\t<meta property=\"og:image:width\" content=\"1920\" \/>\n\t<meta property=\"og:image:height\" content=\"1080\" \/>\n\t<meta property=\"og:image:type\" content=\"image\/jpeg\" \/>\n<meta name=\"twitter:card\" content=\"summary_large_image\" \/>\n<meta name=\"twitter:label1\" content=\"Est. reading time\" \/>\n\t<meta name=\"twitter:data1\" content=\"2 minuti\" \/>\n<script type=\"application\/ld+json\" class=\"yoast-schema-graph\">{\"@context\":\"https:\/\/schema.org\",\"@graph\":[{\"@type\":\"WebPage\",\"@id\":\"https:\/\/jakatomc.com\/sl\/moje-knjige\/720-utripov-srca\/\",\"url\":\"https:\/\/jakatomc.com\/sl\/moje-knjige\/720-utripov-srca\/\",\"name\":\"720 utripov srca - Jaka Tomc\",\"isPartOf\":{\"@id\":\"https:\/\/jakatomc.com\/#website\"},\"primaryImageOfPage\":{\"@id\":\"https:\/\/jakatomc.com\/sl\/moje-knjige\/720-utripov-srca\/#primaryimage\"},\"image\":{\"@id\":\"https:\/\/jakatomc.com\/sl\/moje-knjige\/720-utripov-srca\/#primaryimage\"},\"thumbnailUrl\":\"https:\/\/jakatomc.com\/wp-content\/uploads\/2020\/04\/utripi_mockup-1024x576.jpg\",\"datePublished\":\"2020-02-29T11:00:30+00:00\",\"dateModified\":\"2025-12-21T10:50:22+00:00\",\"description\":\"720 utripov srca ni klasi\u010dna kriminalka. Pravzaprav se skozi branje poraja vpra\u0161anje, \u010de jo sploh lahko uvrstimo v ta \u017eanr.\",\"breadcrumb\":{\"@id\":\"https:\/\/jakatomc.com\/sl\/moje-knjige\/720-utripov-srca\/#breadcrumb\"},\"inLanguage\":\"sl-SI\",\"potentialAction\":[{\"@type\":\"ReadAction\",\"target\":[\"https:\/\/jakatomc.com\/sl\/moje-knjige\/720-utripov-srca\/\"]}]},{\"@type\":\"ImageObject\",\"inLanguage\":\"sl-SI\",\"@id\":\"https:\/\/jakatomc.com\/sl\/moje-knjige\/720-utripov-srca\/#primaryimage\",\"url\":\"https:\/\/jakatomc.com\/wp-content\/uploads\/2020\/04\/utripi_mockup-1024x576.jpg\",\"contentUrl\":\"https:\/\/jakatomc.com\/wp-content\/uploads\/2020\/04\/utripi_mockup-1024x576.jpg\"},{\"@type\":\"BreadcrumbList\",\"@id\":\"https:\/\/jakatomc.com\/sl\/moje-knjige\/720-utripov-srca\/#breadcrumb\",\"itemListElement\":[{\"@type\":\"ListItem\",\"position\":1,\"name\":\"Home\",\"item\":\"https:\/\/jakatomc.com\/sl\/\"},{\"@type\":\"ListItem\",\"position\":2,\"name\":\"Moje knjige\",\"item\":\"https:\/\/jakatomc.com\/sl\/moje-knjige\/\"},{\"@type\":\"ListItem\",\"position\":3,\"name\":\"720 utripov srca\"}]},{\"@type\":\"WebSite\",\"@id\":\"https:\/\/jakatomc.com\/#website\",\"url\":\"https:\/\/jakatomc.com\/\",\"name\":\"Jaka Tomc\",\"description\":\"Imagination is my reality\",\"potentialAction\":[{\"@type\":\"SearchAction\",\"target\":{\"@type\":\"EntryPoint\",\"urlTemplate\":\"https:\/\/jakatomc.com\/?s={search_term_string}\"},\"query-input\":{\"@type\":\"PropertyValueSpecification\",\"valueRequired\":true,\"valueName\":\"search_term_string\"}}],\"inLanguage\":\"sl-SI\"}]}<\/script>\n<!-- \/ Yoast SEO plugin. -->","yoast_head_json":{"title":"720 utripov srca - Jaka Tomc","description":"720 utripov srca ni klasi\u010dna kriminalka. Pravzaprav se skozi branje poraja vpra\u0161anje, \u010de jo sploh lahko uvrstimo v ta \u017eanr.","robots":{"index":"index","follow":"follow","max-snippet":"max-snippet:-1","max-image-preview":"max-image-preview:large","max-video-preview":"max-video-preview:-1"},"canonical":"https:\/\/jakatomc.com\/sl\/moje-knjige\/720-utripov-srca\/","og_locale":"sl_SI","og_type":"article","og_title":"720 utripov srca - Jaka Tomc","og_description":"720 utripov srca ni klasi\u010dna kriminalka. Pravzaprav se skozi branje poraja vpra\u0161anje, \u010de jo sploh lahko uvrstimo v ta \u017eanr.","og_url":"https:\/\/jakatomc.com\/sl\/moje-knjige\/720-utripov-srca\/","og_site_name":"Jaka Tomc","article_modified_time":"2025-12-21T10:50:22+00:00","og_image":[{"width":1920,"height":1080,"url":"https:\/\/jakatomc.com\/wp-content\/uploads\/2020\/04\/utripi_mockup.jpg","type":"image\/jpeg"}],"twitter_card":"summary_large_image","twitter_misc":{"Est. reading time":"2 minuti"},"schema":{"@context":"https:\/\/schema.org","@graph":[{"@type":"WebPage","@id":"https:\/\/jakatomc.com\/sl\/moje-knjige\/720-utripov-srca\/","url":"https:\/\/jakatomc.com\/sl\/moje-knjige\/720-utripov-srca\/","name":"720 utripov srca - Jaka Tomc","isPartOf":{"@id":"https:\/\/jakatomc.com\/#website"},"primaryImageOfPage":{"@id":"https:\/\/jakatomc.com\/sl\/moje-knjige\/720-utripov-srca\/#primaryimage"},"image":{"@id":"https:\/\/jakatomc.com\/sl\/moje-knjige\/720-utripov-srca\/#primaryimage"},"thumbnailUrl":"https:\/\/jakatomc.com\/wp-content\/uploads\/2020\/04\/utripi_mockup-1024x576.jpg","datePublished":"2020-02-29T11:00:30+00:00","dateModified":"2025-12-21T10:50:22+00:00","description":"720 utripov srca ni klasi\u010dna kriminalka. Pravzaprav se skozi branje poraja vpra\u0161anje, \u010de jo sploh lahko uvrstimo v ta \u017eanr.","breadcrumb":{"@id":"https:\/\/jakatomc.com\/sl\/moje-knjige\/720-utripov-srca\/#breadcrumb"},"inLanguage":"sl-SI","potentialAction":[{"@type":"ReadAction","target":["https:\/\/jakatomc.com\/sl\/moje-knjige\/720-utripov-srca\/"]}]},{"@type":"ImageObject","inLanguage":"sl-SI","@id":"https:\/\/jakatomc.com\/sl\/moje-knjige\/720-utripov-srca\/#primaryimage","url":"https:\/\/jakatomc.com\/wp-content\/uploads\/2020\/04\/utripi_mockup-1024x576.jpg","contentUrl":"https:\/\/jakatomc.com\/wp-content\/uploads\/2020\/04\/utripi_mockup-1024x576.jpg"},{"@type":"BreadcrumbList","@id":"https:\/\/jakatomc.com\/sl\/moje-knjige\/720-utripov-srca\/#breadcrumb","itemListElement":[{"@type":"ListItem","position":1,"name":"Home","item":"https:\/\/jakatomc.com\/sl\/"},{"@type":"ListItem","position":2,"name":"Moje knjige","item":"https:\/\/jakatomc.com\/sl\/moje-knjige\/"},{"@type":"ListItem","position":3,"name":"720 utripov srca"}]},{"@type":"WebSite","@id":"https:\/\/jakatomc.com\/#website","url":"https:\/\/jakatomc.com\/","name":"Jaka Tomc","description":"Imagination is my reality","potentialAction":[{"@type":"SearchAction","target":{"@type":"EntryPoint","urlTemplate":"https:\/\/jakatomc.com\/?s={search_term_string}"},"query-input":{"@type":"PropertyValueSpecification","valueRequired":true,"valueName":"search_term_string"}}],"inLanguage":"sl-SI"}]}},"_links":{"self":[{"href":"https:\/\/jakatomc.com\/sl\/wp-json\/wp\/v2\/pages\/6981","targetHints":{"allow":["GET"]}}],"collection":[{"href":"https:\/\/jakatomc.com\/sl\/wp-json\/wp\/v2\/pages"}],"about":[{"href":"https:\/\/jakatomc.com\/sl\/wp-json\/wp\/v2\/types\/page"}],"author":[{"embeddable":true,"href":"https:\/\/jakatomc.com\/sl\/wp-json\/wp\/v2\/users\/1"}],"replies":[{"embeddable":true,"href":"https:\/\/jakatomc.com\/sl\/wp-json\/wp\/v2\/comments?post=6981"}],"version-history":[{"count":5,"href":"https:\/\/jakatomc.com\/sl\/wp-json\/wp\/v2\/pages\/6981\/revisions"}],"predecessor-version":[{"id":13109,"href":"https:\/\/jakatomc.com\/sl\/wp-json\/wp\/v2\/pages\/6981\/revisions\/13109"}],"up":[{"embeddable":true,"href":"https:\/\/jakatomc.com\/sl\/wp-json\/wp\/v2\/pages\/845"}],"wp:attachment":[{"href":"https:\/\/jakatomc.com\/sl\/wp-json\/wp\/v2\/media?parent=6981"}],"curies":[{"name":"wp","href":"https:\/\/api.w.org\/{rel}","templated":true}]}}