{"id":13088,"date":"2025-07-14T14:45:21","date_gmt":"2025-07-14T12:45:21","guid":{"rendered":"https:\/\/jakatomc.com\/?page_id=13088"},"modified":"2026-02-16T14:14:23","modified_gmt":"2026-02-16T13:14:23","slug":"oriol","status":"publish","type":"page","link":"https:\/\/jakatomc.com\/sl\/moje-knjige\/oriol\/","title":{"rendered":"Oriol"},"content":{"rendered":"<p><a href=\"https:\/\/proksima.si\/knjiga\/oriol\/\"><img loading=\"lazy\" decoding=\"async\" class=\"aligncenter size-large wp-image-13135\" src=\"https:\/\/jakatomc.com\/wp-content\/uploads\/2026\/02\/1771182694-1024x785.png\" alt=\"\" width=\"819\" height=\"628\" srcset=\"https:\/\/jakatomc.com\/wp-content\/uploads\/2026\/02\/1771182694-1024x785.png 1024w, https:\/\/jakatomc.com\/wp-content\/uploads\/2026\/02\/1771182694-300x230.png 300w, https:\/\/jakatomc.com\/wp-content\/uploads\/2026\/02\/1771182694-768x589.png 768w, https:\/\/jakatomc.com\/wp-content\/uploads\/2026\/02\/1771182694.png 1500w\" sizes=\"auto, (max-width: 819px) 100vw, 819px\" \/><\/a><\/p>\n<p><strong>Kako najde\u0161 nekoga, ki obstaja povsod?<\/strong><\/p>\n<p>Barcelona, 2029. Skupina znanstvenikov v skrivnem laboratoriju izvaja projekt Asgard. Cilj projekta je izdelati superra\u010dunalnik, ki bo slu\u017eil kot domovanje superinteligence.<\/p>\n<p>\u010cez nekaj dni upokojeni policijski pogajalec Alex Lopez prejme telefonski klic. Najprej se zdi kot neslana \u0161ala, a kmalu se izka\u017ee, da je na drugi strani terorist, ki ima nenavadno zahtevo \u2013 svetovne vlade naj takoj prenehajo z uni\u010devanjem planeta. Svoje zahteve podkrepi z napadi na razli\u010dnih lokacijah. Ve\u010d deset \u017ertev govori glasneje od vseh pozivov.<\/p>\n<p>Nemudoma se oblikuje posebna skupina, z Alexom na \u010delu, ki vzpostavi stik z voditelji velesil. Jim bo uspelo ustaviti terorista, ki je razglasil, da je njegov talec sleherni prebivalec na\u0161ega planeta?<\/p>\n<blockquote><p><em>Ljudje se \u017ee tiso\u010dletja trudijo, da bi pri\u0161li bli\u017ee stvarniku. Neuspe\u0161na gradnja bibli\u010dnega babilonskega stolpa ni bila zadostno opozorilo, najsi je \u0161lo za zgodbo ali resnico. \u010cetudi se spomini prena\u0161ajo iz roda v rod, bodisi genetsko bodisi s pripovedovanjem, to \u010dloveku ne koristi kaj prida. Hitreje, vi\u0161je, mo\u010dneje. Povsem jasno je, da smo nebesa postavili v vi\u0161ave. Ko jih ni bilo na najvi\u0161jem vrhu tega planeta, smo jih iskali v orbiti, nato na Luni, pa na planetih na\u0161ega oson\u010dja in nazadnje v globokem vesolju. Postali smo obsedeni z iskanjem stvarjenja. Za\u010detka. Velikega poka. Trenutka, ko je iz majhne to\u010dke sredi ni\u010desar nastalo vse. Motiv je bil jasen. \u010ce bi razumeli za\u010detek, bi razumeli konec. \u010ce bi vedeli, kako in zakaj je nastalo vesolje, bi la\u017eje sprejeli, da je njegov konec neizogiben.<\/em><\/p><\/blockquote>\n<p><strong>Knjiga izide maja 2026, lahko pa jo \u017ee naro\u010dite <a href=\"https:\/\/proksima.si\/knjiga\/oriol\/\" target=\"_blank\" rel=\"noopener\">TUKAJ<\/a> po ugodnej\u0161i ceni.<\/strong><\/p>\n","protected":false},"excerpt":{"rendered":"<p>Kako najde\u0161 nekoga, ki obstaja povsod? Barcelona, 2029. Skupina znanstvenikov v skrivnem laboratoriju izvaja projekt Asgard. Cilj projekta je izdelati superra\u010dunalnik, ki bo slu\u017eil kot [&hellip;]<\/p>\n","protected":false},"author":1,"featured_media":0,"parent":845,"menu_order":0,"comment_status":"closed","ping_status":"closed","template":"","meta":{"footnotes":""},"class_list":["post-13088","page","type-page","status-publish","hentry"],"yoast_head":"<!-- This site is optimized with the Yoast SEO plugin v26.9 - https:\/\/yoast.com\/product\/yoast-seo-wordpress\/ -->\n<title>Oriol - Jaka Tomc<\/title>\n<meta name=\"description\" content=\"Deseta knjiga Jake Tomca vas bo popeljala v svet umetne inteligence in terorizma. Lahko \u010dlove\u0161tvo porazi omniprezentno in vsemogo\u010dno bitje?\" \/>\n<meta name=\"robots\" content=\"index, follow, max-snippet:-1, max-image-preview:large, max-video-preview:-1\" \/>\n<link rel=\"canonical\" href=\"https:\/\/jakatomc.com\/sl\/moje-knjige\/oriol\/\" \/>\n<meta property=\"og:locale\" content=\"sl_SI\" \/>\n<meta property=\"og:type\" content=\"article\" \/>\n<meta property=\"og:title\" content=\"Oriol - Jaka Tomc\" \/>\n<meta property=\"og:description\" content=\"Deseta knjiga Jake Tomca vas bo popeljala v svet umetne inteligence in terorizma. Lahko \u010dlove\u0161tvo porazi omniprezentno in vsemogo\u010dno bitje?\" \/>\n<meta property=\"og:url\" content=\"https:\/\/jakatomc.com\/sl\/moje-knjige\/oriol\/\" \/>\n<meta property=\"og:site_name\" content=\"Jaka Tomc\" \/>\n<meta property=\"article:modified_time\" content=\"2026-02-16T13:14:23+00:00\" \/>\n<meta property=\"og:image\" content=\"https:\/\/jakatomc.com\/wp-content\/uploads\/2026\/02\/1771182694.png\" \/>\n\t<meta property=\"og:image:width\" content=\"1500\" \/>\n\t<meta property=\"og:image:height\" content=\"1150\" \/>\n\t<meta property=\"og:image:type\" content=\"image\/png\" \/>\n<meta name=\"twitter:card\" content=\"summary_large_image\" \/>\n<meta name=\"twitter:label1\" content=\"Est. reading time\" \/>\n\t<meta name=\"twitter:data1\" content=\"1 minuta\" \/>\n<script type=\"application\/ld+json\" class=\"yoast-schema-graph\">{\"@context\":\"https:\/\/schema.org\",\"@graph\":[{\"@type\":\"WebPage\",\"@id\":\"https:\/\/jakatomc.com\/sl\/moje-knjige\/oriol\/\",\"url\":\"https:\/\/jakatomc.com\/sl\/moje-knjige\/oriol\/\",\"name\":\"Oriol - Jaka Tomc\",\"isPartOf\":{\"@id\":\"https:\/\/jakatomc.com\/#website\"},\"primaryImageOfPage\":{\"@id\":\"https:\/\/jakatomc.com\/sl\/moje-knjige\/oriol\/#primaryimage\"},\"image\":{\"@id\":\"https:\/\/jakatomc.com\/sl\/moje-knjige\/oriol\/#primaryimage\"},\"thumbnailUrl\":\"https:\/\/jakatomc.com\/wp-content\/uploads\/2026\/02\/1771182694-1024x785.png\",\"datePublished\":\"2025-07-14T12:45:21+00:00\",\"dateModified\":\"2026-02-16T13:14:23+00:00\",\"description\":\"Deseta knjiga Jake Tomca vas bo popeljala v svet umetne inteligence in terorizma. Lahko \u010dlove\u0161tvo porazi omniprezentno in vsemogo\u010dno bitje?\",\"breadcrumb\":{\"@id\":\"https:\/\/jakatomc.com\/sl\/moje-knjige\/oriol\/#breadcrumb\"},\"inLanguage\":\"sl-SI\",\"potentialAction\":[{\"@type\":\"ReadAction\",\"target\":[\"https:\/\/jakatomc.com\/sl\/moje-knjige\/oriol\/\"]}]},{\"@type\":\"ImageObject\",\"inLanguage\":\"sl-SI\",\"@id\":\"https:\/\/jakatomc.com\/sl\/moje-knjige\/oriol\/#primaryimage\",\"url\":\"https:\/\/jakatomc.com\/wp-content\/uploads\/2026\/02\/1771182694-1024x785.png\",\"contentUrl\":\"https:\/\/jakatomc.com\/wp-content\/uploads\/2026\/02\/1771182694-1024x785.png\"},{\"@type\":\"BreadcrumbList\",\"@id\":\"https:\/\/jakatomc.com\/sl\/moje-knjige\/oriol\/#breadcrumb\",\"itemListElement\":[{\"@type\":\"ListItem\",\"position\":1,\"name\":\"Home\",\"item\":\"https:\/\/jakatomc.com\/sl\/\"},{\"@type\":\"ListItem\",\"position\":2,\"name\":\"Moje knjige\",\"item\":\"https:\/\/jakatomc.com\/sl\/moje-knjige\/\"},{\"@type\":\"ListItem\",\"position\":3,\"name\":\"Oriol\"}]},{\"@type\":\"WebSite\",\"@id\":\"https:\/\/jakatomc.com\/#website\",\"url\":\"https:\/\/jakatomc.com\/\",\"name\":\"Jaka Tomc\",\"description\":\"Imagination is my reality\",\"potentialAction\":[{\"@type\":\"SearchAction\",\"target\":{\"@type\":\"EntryPoint\",\"urlTemplate\":\"https:\/\/jakatomc.com\/?s={search_term_string}\"},\"query-input\":{\"@type\":\"PropertyValueSpecification\",\"valueRequired\":true,\"valueName\":\"search_term_string\"}}],\"inLanguage\":\"sl-SI\"}]}<\/script>\n<!-- \/ Yoast SEO plugin. -->","yoast_head_json":{"title":"Oriol - Jaka Tomc","description":"Deseta knjiga Jake Tomca vas bo popeljala v svet umetne inteligence in terorizma. Lahko \u010dlove\u0161tvo porazi omniprezentno in vsemogo\u010dno bitje?","robots":{"index":"index","follow":"follow","max-snippet":"max-snippet:-1","max-image-preview":"max-image-preview:large","max-video-preview":"max-video-preview:-1"},"canonical":"https:\/\/jakatomc.com\/sl\/moje-knjige\/oriol\/","og_locale":"sl_SI","og_type":"article","og_title":"Oriol - Jaka Tomc","og_description":"Deseta knjiga Jake Tomca vas bo popeljala v svet umetne inteligence in terorizma. Lahko \u010dlove\u0161tvo porazi omniprezentno in vsemogo\u010dno bitje?","og_url":"https:\/\/jakatomc.com\/sl\/moje-knjige\/oriol\/","og_site_name":"Jaka Tomc","article_modified_time":"2026-02-16T13:14:23+00:00","og_image":[{"width":1500,"height":1150,"url":"https:\/\/jakatomc.com\/wp-content\/uploads\/2026\/02\/1771182694.png","type":"image\/png"}],"twitter_card":"summary_large_image","twitter_misc":{"Est. reading time":"1 minuta"},"schema":{"@context":"https:\/\/schema.org","@graph":[{"@type":"WebPage","@id":"https:\/\/jakatomc.com\/sl\/moje-knjige\/oriol\/","url":"https:\/\/jakatomc.com\/sl\/moje-knjige\/oriol\/","name":"Oriol - Jaka Tomc","isPartOf":{"@id":"https:\/\/jakatomc.com\/#website"},"primaryImageOfPage":{"@id":"https:\/\/jakatomc.com\/sl\/moje-knjige\/oriol\/#primaryimage"},"image":{"@id":"https:\/\/jakatomc.com\/sl\/moje-knjige\/oriol\/#primaryimage"},"thumbnailUrl":"https:\/\/jakatomc.com\/wp-content\/uploads\/2026\/02\/1771182694-1024x785.png","datePublished":"2025-07-14T12:45:21+00:00","dateModified":"2026-02-16T13:14:23+00:00","description":"Deseta knjiga Jake Tomca vas bo popeljala v svet umetne inteligence in terorizma. Lahko \u010dlove\u0161tvo porazi omniprezentno in vsemogo\u010dno bitje?","breadcrumb":{"@id":"https:\/\/jakatomc.com\/sl\/moje-knjige\/oriol\/#breadcrumb"},"inLanguage":"sl-SI","potentialAction":[{"@type":"ReadAction","target":["https:\/\/jakatomc.com\/sl\/moje-knjige\/oriol\/"]}]},{"@type":"ImageObject","inLanguage":"sl-SI","@id":"https:\/\/jakatomc.com\/sl\/moje-knjige\/oriol\/#primaryimage","url":"https:\/\/jakatomc.com\/wp-content\/uploads\/2026\/02\/1771182694-1024x785.png","contentUrl":"https:\/\/jakatomc.com\/wp-content\/uploads\/2026\/02\/1771182694-1024x785.png"},{"@type":"BreadcrumbList","@id":"https:\/\/jakatomc.com\/sl\/moje-knjige\/oriol\/#breadcrumb","itemListElement":[{"@type":"ListItem","position":1,"name":"Home","item":"https:\/\/jakatomc.com\/sl\/"},{"@type":"ListItem","position":2,"name":"Moje knjige","item":"https:\/\/jakatomc.com\/sl\/moje-knjige\/"},{"@type":"ListItem","position":3,"name":"Oriol"}]},{"@type":"WebSite","@id":"https:\/\/jakatomc.com\/#website","url":"https:\/\/jakatomc.com\/","name":"Jaka Tomc","description":"Imagination is my reality","potentialAction":[{"@type":"SearchAction","target":{"@type":"EntryPoint","urlTemplate":"https:\/\/jakatomc.com\/?s={search_term_string}"},"query-input":{"@type":"PropertyValueSpecification","valueRequired":true,"valueName":"search_term_string"}}],"inLanguage":"sl-SI"}]}},"_links":{"self":[{"href":"https:\/\/jakatomc.com\/sl\/wp-json\/wp\/v2\/pages\/13088","targetHints":{"allow":["GET"]}}],"collection":[{"href":"https:\/\/jakatomc.com\/sl\/wp-json\/wp\/v2\/pages"}],"about":[{"href":"https:\/\/jakatomc.com\/sl\/wp-json\/wp\/v2\/types\/page"}],"author":[{"embeddable":true,"href":"https:\/\/jakatomc.com\/sl\/wp-json\/wp\/v2\/users\/1"}],"replies":[{"embeddable":true,"href":"https:\/\/jakatomc.com\/sl\/wp-json\/wp\/v2\/comments?post=13088"}],"version-history":[{"count":9,"href":"https:\/\/jakatomc.com\/sl\/wp-json\/wp\/v2\/pages\/13088\/revisions"}],"predecessor-version":[{"id":13142,"href":"https:\/\/jakatomc.com\/sl\/wp-json\/wp\/v2\/pages\/13088\/revisions\/13142"}],"up":[{"embeddable":true,"href":"https:\/\/jakatomc.com\/sl\/wp-json\/wp\/v2\/pages\/845"}],"wp:attachment":[{"href":"https:\/\/jakatomc.com\/sl\/wp-json\/wp\/v2\/media?parent=13088"}],"curies":[{"name":"wp","href":"https:\/\/api.w.org\/{rel}","templated":true}]}}