{"id":12953,"date":"2022-10-30T13:46:12","date_gmt":"2022-10-30T12:46:12","guid":{"rendered":"https:\/\/jakatomc.com\/?page_id=12953"},"modified":"2025-12-21T11:39:34","modified_gmt":"2025-12-21T10:39:34","slug":"stop-igra","status":"publish","type":"page","link":"https:\/\/jakatomc.com\/sl\/moje-knjige\/stop-igra\/","title":{"rendered":"Stop igra"},"content":{"rendered":"<p><a href=\"https:\/\/proksima.si\/knjiga\/stop-igra\" target=\"_blank\" rel=\"noopener\"><img loading=\"lazy\" decoding=\"async\" class=\"aligncenter size-large wp-image-12946\" src=\"https:\/\/jakatomc.com\/wp-content\/uploads\/2022\/10\/stop_igra_mockup_01-1024x785.png\" alt=\"\" width=\"819\" height=\"628\" srcset=\"https:\/\/jakatomc.com\/wp-content\/uploads\/2022\/10\/stop_igra_mockup_01-1024x785.png 1024w, https:\/\/jakatomc.com\/wp-content\/uploads\/2022\/10\/stop_igra_mockup_01-300x230.png 300w, https:\/\/jakatomc.com\/wp-content\/uploads\/2022\/10\/stop_igra_mockup_01-768x589.png 768w, https:\/\/jakatomc.com\/wp-content\/uploads\/2022\/10\/stop_igra_mockup_01.png 1500w\" sizes=\"auto, (max-width: 819px) 100vw, 819px\" \/><\/a><\/p>\n<p>Bipolarna motnja je zahrbtna bolezen, s katero pa se da relativno normalno \u017eiveti. Jaka pravi, da se z njo ne bori ve\u010d, ampak \u017eivita v nekak\u0161ni simbiozi. Motnja mu je veliko vzela, a tudi precej dala.<\/p>\n<blockquote><p>\u00a0\u010ce bi moral manijo opisati z enim stavkom, bi bil slede\u010d \u2013 v maniji si drzne\u0161 biti to,<br \/>\nkar si. Pika.<\/p><\/blockquote>\n<p><strong><a href=\"https:\/\/www.goodreads.com\/book\/show\/62929949-stop-igra\" target=\"_blank\" rel=\"noopener\">Stop igra<\/a><\/strong>, sicer deveta Tom\u010deva knjiga, je nadaljevanje in nadgradnja\u00a0<a href=\"https:\/\/proksima.si\/knjiga\/manicni-poet\/\" target=\"_blank\" rel=\"noopener\">Mani\u010dnega poeta<\/a>, vsebuje pa ve\u010d zgodb, ve\u010d pogleda vase ter ve\u010d idej in nasvetov, kako \u017eiveti in pre\u017eiveti z bipolarno motnjo. V njej so tudi pri\u010devanja drugih ljudi, uradni zapisniki iz psihiatri\u010dne bolni\u0161nice in razni izvidi, kar daje knjigi veliko dodano vrednost.<\/p>\n<ul>\n<li><strong><em>\u010cutiti je, da se Jaka Tomc v svoji samoizpovedi na so\u010den in neverjetno prikupen na\u010din razgali povsem do nagega. Subtilno in nevsiljivo mu tako uspe raztopiti \u0161tevilne mite, predsodke in strahove, vezane na eno bolj stra\u0161ljivih du\u0161evnih motenj, kar jih poznamo. Na razrvani sodobni um Stop igra deluje balzami\u010dno in z upanjem navdajajo\u010de. \u010clovek se seveda vpra\u0161a, bi res lahko pisal tako genialno univerzalno, \u010de ne bi bil nikoli \u201cbolan\u201d?\u00a0<\/em><\/strong><em>\u2013 Julija Kr\u017ei\u0161nik, psihiatrinja<\/em><\/li>\n<\/ul>\n<p><img loading=\"lazy\" decoding=\"async\" class=\"aligncenter size-large wp-image-13053\" src=\"https:\/\/jakatomc.com\/wp-content\/uploads\/2024\/10\/jaka_stop_igra_Zelezna-1024x683.jpg\" alt=\"\" width=\"819\" height=\"546\" srcset=\"https:\/\/jakatomc.com\/wp-content\/uploads\/2024\/10\/jaka_stop_igra_Zelezna-1024x683.jpg 1024w, https:\/\/jakatomc.com\/wp-content\/uploads\/2024\/10\/jaka_stop_igra_Zelezna-300x200.jpg 300w, https:\/\/jakatomc.com\/wp-content\/uploads\/2024\/10\/jaka_stop_igra_Zelezna-768x512.jpg 768w, https:\/\/jakatomc.com\/wp-content\/uploads\/2024\/10\/jaka_stop_igra_Zelezna-1536x1024.jpg 1536w, https:\/\/jakatomc.com\/wp-content\/uploads\/2024\/10\/jaka_stop_igra_Zelezna.jpg 1620w\" sizes=\"auto, (max-width: 819px) 100vw, 819px\" \/><\/p>\n<h4>Deset hospitalizacij<\/h4>\n<p>Jaka je bil med letoma 2007 in 2015 desetkrat hospitaliziran v ljubljanski psihiatri\u010dni bolni\u0161nici. Vsaki\u010d so ga tja odpeljali skrajno mani\u010dnega. Diagnozo \u2013 bipolarna afektivna motnja, tip 1 \u2013 je dobil leta 2008. Bolezen za zdaj ni ozdravljiva.<\/p>\n<p><em>\u201cNajbolj pomembno pri psihi\u010dnih boleznih je, da ima\u0161 stabilno okolje in urejeno \u017eivljenje. Pri meni vedno ni bilo tako in zato so se pojavljale epizode. To ne pomeni, da se v urejenem \u017eivljenju ne morejo pojaviti, je pa mo\u017enost veliko manj\u0161a.\u201d \u2013<\/em>\u00a0Jaka Tomc v\u00a0<a href=\"https:\/\/www.modre-novice.si\/pogovori\/jaka-tomc-ne-maram-se-ukalupljati-v-zanre\/\" target=\"_blank\" rel=\"noopener\">intervjuju za Modre novice<\/a><\/p>\n<ul>\n<li><strong><strong><em>Jaka Tomc sku\u0161a v delu Stop igra opraviti samoraztele\u0161enje in simultano o tem poro\u010dati. \u010ce to ni f<\/em><\/strong><\/strong><strong><em>antasti\u010dno, potem je nekaj narobe z merili za fantasti\u010dnost.<\/em><\/strong>\u00a0\u2013 Tone Vrhovnik Straka, predsednik <a href=\"https:\/\/drustvo-poglej.si\" target=\"_blank\" rel=\"noopener\">dru\u0161tva Poglej!<\/a><\/li>\n<li><em><strong>Izjemen prikaz te motnje, ki bi ga moral prebrati vsak, ki se na kakr\u0161enkoli na\u010din sre\u010duje z ljudmi, ki z njo \u017eivijo.\u00a0<\/strong><\/em>\u2013 <a href=\"https:\/\/www.ajdanaklada.com\/\" target=\"_blank\" rel=\"noopener\">Ajda Naklada<\/a>, blogerka<\/li>\n<li><strong><em>Avtor nam iskreno in surovo predstavi ujetost v bolezen dveh obrazov, podobni vo\u017enji z vlakcem smrti.\u00a0<\/em><\/strong><em>\u2013\u00a0<\/em>Viktorija Kante, knji\u017enica Ajdov\u0161\u010dina<\/li>\n<\/ul>\n<p><strong>Knjigo lahko <a href=\"https:\/\/proksima.si\/knjiga\/stop-igra\/\" target=\"_blank\" rel=\"noopener\">naro\u010dite tukaj<\/a>.<\/strong><\/p>\n<p><strong>Kupite ali si izposodite <a href=\"https:\/\/audibook.si\/book\/ylkt\" target=\"_blank\" rel=\"noopener\">zvo\u010dno knjigo<\/a>.<\/strong><\/p>\n<p><strong>Preberite e-knjigo (<a href=\"https:\/\/plus.cobiss.net\/cobiss\/si\/sl\/data\/cobib\/134459395\" target=\"_blank\" rel=\"noopener\">Cobiss Ela<\/a> \/ <a href=\"https:\/\/beletrinadigital.si\/e-knjiga\/stop-igra\" target=\"_blank\" rel=\"noopener\">Beletrina Digital<\/a>)<\/strong><\/p>\n<p><iframe loading=\"lazy\" title=\"Bipolarna motnja | Jaka Tomc| Individuum Podcast #39\" width=\"819\" height=\"461\" src=\"https:\/\/www.youtube.com\/embed\/zC9AsyN2o3Y?feature=oembed\" frameborder=\"0\" allow=\"accelerometer; autoplay; clipboard-write; encrypted-media; gyroscope; picture-in-picture; web-share\" referrerpolicy=\"strict-origin-when-cross-origin\" allowfullscreen><\/iframe><\/p>\n<p><a href=\"https:\/\/www.goodreads.com\/book\/show\/62929949-stop-igra\" target=\"_blank\" rel=\"noopener\"><br \/>\n<img loading=\"lazy\" decoding=\"async\" class=\"aligncenter wp-image-12842 size-full\" src=\"https:\/\/jakatomc.com\/wp-content\/uploads\/2021\/02\/goodreads-badge-add-plus-71eae69ca0307d077df66a58ec068898.png\" alt=\"\" width=\"130\" height=\"41\" \/><\/a><\/p>\n","protected":false},"excerpt":{"rendered":"<p>Bipolarna motnja je zahrbtna bolezen, s katero pa se da relativno normalno \u017eiveti. Jaka pravi, da se z njo ne bori ve\u010d, ampak \u017eivita v [&hellip;]<\/p>\n","protected":false},"author":1,"featured_media":0,"parent":845,"menu_order":0,"comment_status":"closed","ping_status":"closed","template":"","meta":{"footnotes":""},"class_list":["post-12953","page","type-page","status-publish","hentry"],"yoast_head":"<!-- This site is optimized with the Yoast SEO plugin v26.9 - https:\/\/yoast.com\/product\/yoast-seo-wordpress\/ -->\n<title>Stop igra - bipolarna motnja - Jaka Tomc<\/title>\n<meta name=\"description\" content=\"Bipolarna motnja je zahrbtna bolezen, s katero se da relativno normalno \u017eiveti. Jaka pravi, da se z njo ne bori ve\u010d, ampak \u017eivita v simbiozi.\" \/>\n<meta name=\"robots\" content=\"index, follow, max-snippet:-1, max-image-preview:large, max-video-preview:-1\" \/>\n<link rel=\"canonical\" href=\"https:\/\/jakatomc.com\/sl\/moje-knjige\/stop-igra\/\" \/>\n<meta property=\"og:locale\" content=\"sl_SI\" \/>\n<meta property=\"og:type\" content=\"article\" \/>\n<meta property=\"og:title\" content=\"Stop igra - bipolarna motnja - Jaka Tomc\" \/>\n<meta property=\"og:description\" content=\"Bipolarna motnja je zahrbtna bolezen, s katero se da relativno normalno \u017eiveti. Jaka pravi, da se z njo ne bori ve\u010d, ampak \u017eivita v simbiozi.\" \/>\n<meta property=\"og:url\" content=\"https:\/\/jakatomc.com\/sl\/moje-knjige\/stop-igra\/\" \/>\n<meta property=\"og:site_name\" content=\"Jaka Tomc\" \/>\n<meta property=\"article:modified_time\" content=\"2025-12-21T10:39:34+00:00\" \/>\n<meta property=\"og:image\" content=\"https:\/\/jakatomc.com\/wp-content\/uploads\/2022\/10\/stop_igra_mockup_01.png\" \/>\n\t<meta property=\"og:image:width\" content=\"1500\" \/>\n\t<meta property=\"og:image:height\" content=\"1150\" \/>\n\t<meta property=\"og:image:type\" content=\"image\/png\" \/>\n<meta name=\"twitter:card\" content=\"summary_large_image\" \/>\n<meta name=\"twitter:label1\" content=\"Est. reading time\" \/>\n\t<meta name=\"twitter:data1\" content=\"3 minute\" \/>\n<script type=\"application\/ld+json\" class=\"yoast-schema-graph\">{\"@context\":\"https:\/\/schema.org\",\"@graph\":[{\"@type\":\"WebPage\",\"@id\":\"https:\/\/jakatomc.com\/sl\/moje-knjige\/stop-igra\/\",\"url\":\"https:\/\/jakatomc.com\/sl\/moje-knjige\/stop-igra\/\",\"name\":\"Stop igra - bipolarna motnja - Jaka Tomc\",\"isPartOf\":{\"@id\":\"https:\/\/jakatomc.com\/#website\"},\"primaryImageOfPage\":{\"@id\":\"https:\/\/jakatomc.com\/sl\/moje-knjige\/stop-igra\/#primaryimage\"},\"image\":{\"@id\":\"https:\/\/jakatomc.com\/sl\/moje-knjige\/stop-igra\/#primaryimage\"},\"thumbnailUrl\":\"https:\/\/jakatomc.com\/wp-content\/uploads\/2022\/10\/stop_igra_mockup_01-1024x785.png\",\"datePublished\":\"2022-10-30T12:46:12+00:00\",\"dateModified\":\"2025-12-21T10:39:34+00:00\",\"description\":\"Bipolarna motnja je zahrbtna bolezen, s katero se da relativno normalno \u017eiveti. Jaka pravi, da se z njo ne bori ve\u010d, ampak \u017eivita v simbiozi.\",\"breadcrumb\":{\"@id\":\"https:\/\/jakatomc.com\/sl\/moje-knjige\/stop-igra\/#breadcrumb\"},\"inLanguage\":\"sl-SI\",\"potentialAction\":[{\"@type\":\"ReadAction\",\"target\":[\"https:\/\/jakatomc.com\/sl\/moje-knjige\/stop-igra\/\"]}]},{\"@type\":\"ImageObject\",\"inLanguage\":\"sl-SI\",\"@id\":\"https:\/\/jakatomc.com\/sl\/moje-knjige\/stop-igra\/#primaryimage\",\"url\":\"https:\/\/jakatomc.com\/wp-content\/uploads\/2022\/10\/stop_igra_mockup_01-1024x785.png\",\"contentUrl\":\"https:\/\/jakatomc.com\/wp-content\/uploads\/2022\/10\/stop_igra_mockup_01-1024x785.png\"},{\"@type\":\"BreadcrumbList\",\"@id\":\"https:\/\/jakatomc.com\/sl\/moje-knjige\/stop-igra\/#breadcrumb\",\"itemListElement\":[{\"@type\":\"ListItem\",\"position\":1,\"name\":\"Home\",\"item\":\"https:\/\/jakatomc.com\/sl\/\"},{\"@type\":\"ListItem\",\"position\":2,\"name\":\"Moje knjige\",\"item\":\"https:\/\/jakatomc.com\/sl\/moje-knjige\/\"},{\"@type\":\"ListItem\",\"position\":3,\"name\":\"Stop igra\"}]},{\"@type\":\"WebSite\",\"@id\":\"https:\/\/jakatomc.com\/#website\",\"url\":\"https:\/\/jakatomc.com\/\",\"name\":\"Jaka Tomc\",\"description\":\"Imagination is my reality\",\"potentialAction\":[{\"@type\":\"SearchAction\",\"target\":{\"@type\":\"EntryPoint\",\"urlTemplate\":\"https:\/\/jakatomc.com\/?s={search_term_string}\"},\"query-input\":{\"@type\":\"PropertyValueSpecification\",\"valueRequired\":true,\"valueName\":\"search_term_string\"}}],\"inLanguage\":\"sl-SI\"}]}<\/script>\n<!-- \/ Yoast SEO plugin. -->","yoast_head_json":{"title":"Stop igra - bipolarna motnja - Jaka Tomc","description":"Bipolarna motnja je zahrbtna bolezen, s katero se da relativno normalno \u017eiveti. Jaka pravi, da se z njo ne bori ve\u010d, ampak \u017eivita v simbiozi.","robots":{"index":"index","follow":"follow","max-snippet":"max-snippet:-1","max-image-preview":"max-image-preview:large","max-video-preview":"max-video-preview:-1"},"canonical":"https:\/\/jakatomc.com\/sl\/moje-knjige\/stop-igra\/","og_locale":"sl_SI","og_type":"article","og_title":"Stop igra - bipolarna motnja - Jaka Tomc","og_description":"Bipolarna motnja je zahrbtna bolezen, s katero se da relativno normalno \u017eiveti. Jaka pravi, da se z njo ne bori ve\u010d, ampak \u017eivita v simbiozi.","og_url":"https:\/\/jakatomc.com\/sl\/moje-knjige\/stop-igra\/","og_site_name":"Jaka Tomc","article_modified_time":"2025-12-21T10:39:34+00:00","og_image":[{"width":1500,"height":1150,"url":"https:\/\/jakatomc.com\/wp-content\/uploads\/2022\/10\/stop_igra_mockup_01.png","type":"image\/png"}],"twitter_card":"summary_large_image","twitter_misc":{"Est. reading time":"3 minute"},"schema":{"@context":"https:\/\/schema.org","@graph":[{"@type":"WebPage","@id":"https:\/\/jakatomc.com\/sl\/moje-knjige\/stop-igra\/","url":"https:\/\/jakatomc.com\/sl\/moje-knjige\/stop-igra\/","name":"Stop igra - bipolarna motnja - Jaka Tomc","isPartOf":{"@id":"https:\/\/jakatomc.com\/#website"},"primaryImageOfPage":{"@id":"https:\/\/jakatomc.com\/sl\/moje-knjige\/stop-igra\/#primaryimage"},"image":{"@id":"https:\/\/jakatomc.com\/sl\/moje-knjige\/stop-igra\/#primaryimage"},"thumbnailUrl":"https:\/\/jakatomc.com\/wp-content\/uploads\/2022\/10\/stop_igra_mockup_01-1024x785.png","datePublished":"2022-10-30T12:46:12+00:00","dateModified":"2025-12-21T10:39:34+00:00","description":"Bipolarna motnja je zahrbtna bolezen, s katero se da relativno normalno \u017eiveti. Jaka pravi, da se z njo ne bori ve\u010d, ampak \u017eivita v simbiozi.","breadcrumb":{"@id":"https:\/\/jakatomc.com\/sl\/moje-knjige\/stop-igra\/#breadcrumb"},"inLanguage":"sl-SI","potentialAction":[{"@type":"ReadAction","target":["https:\/\/jakatomc.com\/sl\/moje-knjige\/stop-igra\/"]}]},{"@type":"ImageObject","inLanguage":"sl-SI","@id":"https:\/\/jakatomc.com\/sl\/moje-knjige\/stop-igra\/#primaryimage","url":"https:\/\/jakatomc.com\/wp-content\/uploads\/2022\/10\/stop_igra_mockup_01-1024x785.png","contentUrl":"https:\/\/jakatomc.com\/wp-content\/uploads\/2022\/10\/stop_igra_mockup_01-1024x785.png"},{"@type":"BreadcrumbList","@id":"https:\/\/jakatomc.com\/sl\/moje-knjige\/stop-igra\/#breadcrumb","itemListElement":[{"@type":"ListItem","position":1,"name":"Home","item":"https:\/\/jakatomc.com\/sl\/"},{"@type":"ListItem","position":2,"name":"Moje knjige","item":"https:\/\/jakatomc.com\/sl\/moje-knjige\/"},{"@type":"ListItem","position":3,"name":"Stop igra"}]},{"@type":"WebSite","@id":"https:\/\/jakatomc.com\/#website","url":"https:\/\/jakatomc.com\/","name":"Jaka Tomc","description":"Imagination is my reality","potentialAction":[{"@type":"SearchAction","target":{"@type":"EntryPoint","urlTemplate":"https:\/\/jakatomc.com\/?s={search_term_string}"},"query-input":{"@type":"PropertyValueSpecification","valueRequired":true,"valueName":"search_term_string"}}],"inLanguage":"sl-SI"}]}},"_links":{"self":[{"href":"https:\/\/jakatomc.com\/sl\/wp-json\/wp\/v2\/pages\/12953","targetHints":{"allow":["GET"]}}],"collection":[{"href":"https:\/\/jakatomc.com\/sl\/wp-json\/wp\/v2\/pages"}],"about":[{"href":"https:\/\/jakatomc.com\/sl\/wp-json\/wp\/v2\/types\/page"}],"author":[{"embeddable":true,"href":"https:\/\/jakatomc.com\/sl\/wp-json\/wp\/v2\/users\/1"}],"replies":[{"embeddable":true,"href":"https:\/\/jakatomc.com\/sl\/wp-json\/wp\/v2\/comments?post=12953"}],"version-history":[{"count":16,"href":"https:\/\/jakatomc.com\/sl\/wp-json\/wp\/v2\/pages\/12953\/revisions"}],"predecessor-version":[{"id":13104,"href":"https:\/\/jakatomc.com\/sl\/wp-json\/wp\/v2\/pages\/12953\/revisions\/13104"}],"up":[{"embeddable":true,"href":"https:\/\/jakatomc.com\/sl\/wp-json\/wp\/v2\/pages\/845"}],"wp:attachment":[{"href":"https:\/\/jakatomc.com\/sl\/wp-json\/wp\/v2\/media?parent=12953"}],"curies":[{"name":"wp","href":"https:\/\/api.w.org\/{rel}","templated":true}]}}