{"id":12920,"date":"2021-05-06T13:35:45","date_gmt":"2021-05-06T11:35:45","guid":{"rendered":"https:\/\/jakatomc.com\/?page_id=12920"},"modified":"2022-10-11T19:35:42","modified_gmt":"2022-10-11T17:35:42","slug":"dobrodosli","status":"publish","type":"page","link":"https:\/\/jakatomc.com\/sl\/","title":{"rendered":"Dobrodo\u0161li"},"content":{"rendered":"<p>Dobrodo\u0161li v mojem svetu. Po kar koli ste \u017ee pri\u0161li, se po\u010dutite kot doma. V hladilniku je pija\u010da, hrana pa prispe kmalu. Sprostite se in u\u017eivajte.<\/p>\n","protected":false},"excerpt":{"rendered":"<p>Dobrodo\u0161li v mojem svetu. Po kar koli ste \u017ee pri\u0161li, se po\u010dutite kot doma. V hladilniku je pija\u010da, hrana pa prispe kmalu. Sprostite se in [&hellip;]<\/p>\n","protected":false},"author":1,"featured_media":0,"parent":0,"menu_order":0,"comment_status":"open","ping_status":"open","template":"","meta":{"footnotes":""},"class_list":["post-12920","page","type-page","status-publish","hentry"],"yoast_head":"<!-- This site is optimized with the Yoast SEO plugin v26.9 - https:\/\/yoast.com\/product\/yoast-seo-wordpress\/ -->\n<title>Dobrodo\u0161li - Jaka Tomc<\/title>\n<meta name=\"robots\" content=\"index, follow, max-snippet:-1, max-image-preview:large, max-video-preview:-1\" \/>\n<link rel=\"canonical\" href=\"https:\/\/jakatomc.com\/sl\/\" \/>\n<meta property=\"og:locale\" content=\"sl_SI\" \/>\n<meta property=\"og:type\" content=\"article\" \/>\n<meta property=\"og:title\" content=\"Dobrodo\u0161li - Jaka Tomc\" \/>\n<meta property=\"og:description\" content=\"Dobrodo\u0161li v mojem svetu. Po kar koli ste \u017ee pri\u0161li, se po\u010dutite kot doma. V hladilniku je pija\u010da, hrana pa prispe kmalu. Sprostite se in [&hellip;]\" \/>\n<meta property=\"og:url\" content=\"https:\/\/jakatomc.com\/sl\/\" \/>\n<meta property=\"og:site_name\" content=\"Jaka Tomc\" \/>\n<meta property=\"article:modified_time\" content=\"2022-10-11T17:35:42+00:00\" \/>\n<meta property=\"og:image\" content=\"https:\/\/jakatomc.com\/wp-content\/uploads\/2018\/03\/JAKA_TOMCPoster-Frame-Style-160A-e1522329049897.jpg\" \/>\n\t<meta property=\"og:image:width\" content=\"640\" \/>\n\t<meta property=\"og:image:height\" content=\"492\" \/>\n\t<meta property=\"og:image:type\" content=\"image\/jpeg\" \/>\n<meta name=\"twitter:card\" content=\"summary_large_image\" \/>\n<meta name=\"twitter:label1\" content=\"Est. reading time\" \/>\n\t<meta name=\"twitter:data1\" content=\"1 minuta\" \/>\n<script type=\"application\/ld+json\" class=\"yoast-schema-graph\">{\"@context\":\"https:\/\/schema.org\",\"@graph\":[{\"@type\":\"WebPage\",\"@id\":\"https:\/\/jakatomc.com\/sl\/\",\"url\":\"https:\/\/jakatomc.com\/sl\/\",\"name\":\"Dobrodo\u0161li - Jaka Tomc\",\"isPartOf\":{\"@id\":\"https:\/\/jakatomc.com\/#website\"},\"datePublished\":\"2021-05-06T11:35:45+00:00\",\"dateModified\":\"2022-10-11T17:35:42+00:00\",\"breadcrumb\":{\"@id\":\"https:\/\/jakatomc.com\/sl\/#breadcrumb\"},\"inLanguage\":\"sl-SI\",\"potentialAction\":[{\"@type\":\"ReadAction\",\"target\":[\"https:\/\/jakatomc.com\/sl\/\"]}]},{\"@type\":\"BreadcrumbList\",\"@id\":\"https:\/\/jakatomc.com\/sl\/#breadcrumb\",\"itemListElement\":[{\"@type\":\"ListItem\",\"position\":1,\"name\":\"Home\",\"item\":\"https:\/\/jakatomc.com\/sl\/\"},{\"@type\":\"ListItem\",\"position\":2,\"name\":\"Dobrodo\u0161li\"}]},{\"@type\":\"WebSite\",\"@id\":\"https:\/\/jakatomc.com\/#website\",\"url\":\"https:\/\/jakatomc.com\/\",\"name\":\"Jaka Tomc\",\"description\":\"Imagination is my reality\",\"potentialAction\":[{\"@type\":\"SearchAction\",\"target\":{\"@type\":\"EntryPoint\",\"urlTemplate\":\"https:\/\/jakatomc.com\/?s={search_term_string}\"},\"query-input\":{\"@type\":\"PropertyValueSpecification\",\"valueRequired\":true,\"valueName\":\"search_term_string\"}}],\"inLanguage\":\"sl-SI\"}]}<\/script>\n<!-- \/ Yoast SEO plugin. -->","yoast_head_json":{"title":"Dobrodo\u0161li - Jaka Tomc","robots":{"index":"index","follow":"follow","max-snippet":"max-snippet:-1","max-image-preview":"max-image-preview:large","max-video-preview":"max-video-preview:-1"},"canonical":"https:\/\/jakatomc.com\/sl\/","og_locale":"sl_SI","og_type":"article","og_title":"Dobrodo\u0161li - Jaka Tomc","og_description":"Dobrodo\u0161li v mojem svetu. Po kar koli ste \u017ee pri\u0161li, se po\u010dutite kot doma. V hladilniku je pija\u010da, hrana pa prispe kmalu. Sprostite se in [&hellip;]","og_url":"https:\/\/jakatomc.com\/sl\/","og_site_name":"Jaka Tomc","article_modified_time":"2022-10-11T17:35:42+00:00","og_image":[{"width":640,"height":492,"url":"https:\/\/jakatomc.com\/wp-content\/uploads\/2018\/03\/JAKA_TOMCPoster-Frame-Style-160A-e1522329049897.jpg","type":"image\/jpeg"}],"twitter_card":"summary_large_image","twitter_misc":{"Est. reading time":"1 minuta"},"schema":{"@context":"https:\/\/schema.org","@graph":[{"@type":"WebPage","@id":"https:\/\/jakatomc.com\/sl\/","url":"https:\/\/jakatomc.com\/sl\/","name":"Dobrodo\u0161li - Jaka Tomc","isPartOf":{"@id":"https:\/\/jakatomc.com\/#website"},"datePublished":"2021-05-06T11:35:45+00:00","dateModified":"2022-10-11T17:35:42+00:00","breadcrumb":{"@id":"https:\/\/jakatomc.com\/sl\/#breadcrumb"},"inLanguage":"sl-SI","potentialAction":[{"@type":"ReadAction","target":["https:\/\/jakatomc.com\/sl\/"]}]},{"@type":"BreadcrumbList","@id":"https:\/\/jakatomc.com\/sl\/#breadcrumb","itemListElement":[{"@type":"ListItem","position":1,"name":"Home","item":"https:\/\/jakatomc.com\/sl\/"},{"@type":"ListItem","position":2,"name":"Dobrodo\u0161li"}]},{"@type":"WebSite","@id":"https:\/\/jakatomc.com\/#website","url":"https:\/\/jakatomc.com\/","name":"Jaka Tomc","description":"Imagination is my reality","potentialAction":[{"@type":"SearchAction","target":{"@type":"EntryPoint","urlTemplate":"https:\/\/jakatomc.com\/?s={search_term_string}"},"query-input":{"@type":"PropertyValueSpecification","valueRequired":true,"valueName":"search_term_string"}}],"inLanguage":"sl-SI"}]}},"_links":{"self":[{"href":"https:\/\/jakatomc.com\/sl\/wp-json\/wp\/v2\/pages\/12920","targetHints":{"allow":["GET"]}}],"collection":[{"href":"https:\/\/jakatomc.com\/sl\/wp-json\/wp\/v2\/pages"}],"about":[{"href":"https:\/\/jakatomc.com\/sl\/wp-json\/wp\/v2\/types\/page"}],"author":[{"embeddable":true,"href":"https:\/\/jakatomc.com\/sl\/wp-json\/wp\/v2\/users\/1"}],"replies":[{"embeddable":true,"href":"https:\/\/jakatomc.com\/sl\/wp-json\/wp\/v2\/comments?post=12920"}],"version-history":[{"count":2,"href":"https:\/\/jakatomc.com\/sl\/wp-json\/wp\/v2\/pages\/12920\/revisions"}],"predecessor-version":[{"id":12943,"href":"https:\/\/jakatomc.com\/sl\/wp-json\/wp\/v2\/pages\/12920\/revisions\/12943"}],"wp:attachment":[{"href":"https:\/\/jakatomc.com\/sl\/wp-json\/wp\/v2\/media?parent=12920"}],"curies":[{"name":"wp","href":"https:\/\/api.w.org\/{rel}","templated":true}]}}