{"id":1102,"date":"2018-06-04T12:44:29","date_gmt":"2018-06-04T10:44:29","guid":{"rendered":"https:\/\/jakatomc.com\/?page_id=1102"},"modified":"2021-01-22T11:34:17","modified_gmt":"2021-01-22T10:34:17","slug":"intervjuji-clanki","status":"publish","type":"page","link":"https:\/\/jakatomc.com\/sl\/intervjuji-clanki\/","title":{"rendered":"Intervjuji in \u010dlanki"},"content":{"rendered":"<ul>\n<li><a href=\"https:\/\/nejabere.si\/2018\/06\/04\/intervju-jaka-tomc\/\" target=\"_blank\" rel=\"noopener noreferrer\">Jaka Tomc: Ideje so kot sneg. Pridejo in grejo.<\/a> (Neja bere)<\/li>\n<li><a href=\"http:\/\/radikalnews.com\/pogovor-z-jako-tomcem\/\" target=\"_blank\" rel=\"noopener noreferrer\">Pogovor z Jako Tomcem<\/a> (Radikal News)<\/li>\n<li><a href=\"https:\/\/www.ajdanaklada.com\/post-1\/intervju-jaka-tomc\" target=\"_blank\" rel=\"noopener noreferrer\">Intervju: Jaka Tomc<\/a> (Ajda naklada)<\/li>\n<li><a href=\"https:\/\/www.modre-novice.si\/pogovori\/jaka-tomc-ne-maram-se-ukalupljati-v-zanre\/\" target=\"_blank\" rel=\"noopener noreferrer\">Jaka Tomc: Ne maram se ukalupljati v \u017eanre<\/a> (Modre novice)<\/li>\n<li><a href=\"https:\/\/www.zurnal24.si\/slovenija\/pustil-bom-sluzbo-in-prodal-nekaj-deset-tisoc-izvodov-knjige-295959\" target=\"_blank\" rel=\"noopener noreferrer\">Pustil bom slu\u017ebo in prodal nekaj deset tiso\u010d izvodov knjige<\/a> (\u017durnal24)<\/li>\n<li><a href=\"https:\/\/www.zurnal24.si\/magazin\/odnosi-in-prosti-cas\/vidim-na-stotisoce-ljudi-ki-znajo-brati-v-slovenscini-246035\" target=\"_blank\" rel=\"noopener noreferrer\">Vidim na stotiso\u010de ljudi, ki znajo brati v sloven\u0161\u010dini<\/a> (\u017durnal24)<\/li>\n<li><a href=\"https:\/\/www.24ur.com\/novice\/slovenija\/zame-je-sokanten-podatek-da-polovica-slovencev-ne-bere.html\" target=\"_blank\" rel=\"noopener noreferrer\">Slovenci cenimo umetnost, le v\u010dasih nam je te\u017eko se\u010di v \u017eep zanjo<\/a> (24 ur)<\/li>\n<li><a href=\"http:\/\/www.domavljubljani.com\/BLOG\/Jaka_Tomc\/\" target=\"_blank\" rel=\"noopener noreferrer\">Jaka Tomc &#8211; mani\u010dni poet<\/a> (Doma v Ljubljani)<\/li>\n<li><a href=\"https:\/\/www.dnevnik.si\/1042730778\" target=\"_blank\" rel=\"noopener noreferrer\">Mestne face: Jaka Tomc &#8211; mani\u010dni poet<\/a> (Dnevnik)<\/li>\n<li><a href=\"http:\/\/www.rtvslo.si\/kultura\/knjige\/ko-se-studentsko-zivljenje-prevesi-v-napeto-kriminalko\/224578\" target=\"_blank\" rel=\"noopener noreferrer\">Ko se \u0161tudentsko \u017eivljenje prevesi v napeto kriminalko<\/a> (RTV SLO)<\/li>\n<li><a href=\"https:\/\/www.mladina.si\/49840\/jaka-tomc-pisatelj\/\" target=\"_blank\" rel=\"noopener noreferrer\">Jaka Tomc, pisatelj<\/a> &#8230; (Mladina)<\/li>\n<\/ul>\n<p><a href=\"https:\/\/nejabere.si\/2018\/06\/04\/intervju-jaka-tomc\/\" target=\"_blank\" rel=\"noopener noreferrer\"><img loading=\"lazy\" decoding=\"async\" class=\"aligncenter size-full wp-image-1104\" src=\"https:\/\/jakatomc.com\/wp-content\/uploads\/2018\/06\/jaka-tomc-uvodna.jpg\" alt=\"\" width=\"800\" height=\"548\" srcset=\"https:\/\/jakatomc.com\/wp-content\/uploads\/2018\/06\/jaka-tomc-uvodna.jpg 800w, https:\/\/jakatomc.com\/wp-content\/uploads\/2018\/06\/jaka-tomc-uvodna-300x206.jpg 300w, https:\/\/jakatomc.com\/wp-content\/uploads\/2018\/06\/jaka-tomc-uvodna-768x526.jpg 768w\" sizes=\"auto, (max-width: 800px) 100vw, 800px\" \/><\/a><\/p>\n","protected":false},"excerpt":{"rendered":"<p>Jaka Tomc: Ideje so kot sneg. Pridejo in grejo. (Neja bere) Pogovor z Jako Tomcem (Radikal News) Intervju: Jaka Tomc (Ajda naklada) Jaka Tomc: Ne [&hellip;]<\/p>\n","protected":false},"author":1,"featured_media":0,"parent":0,"menu_order":0,"comment_status":"closed","ping_status":"closed","template":"","meta":{"footnotes":""},"class_list":["post-1102","page","type-page","status-publish","hentry"],"yoast_head":"<!-- This site is optimized with the Yoast SEO plugin v26.9 - https:\/\/yoast.com\/product\/yoast-seo-wordpress\/ -->\n<title>Intervjuji in \u010dlanki - Jaka Tomc<\/title>\n<meta name=\"robots\" content=\"index, follow, max-snippet:-1, max-image-preview:large, max-video-preview:-1\" \/>\n<link rel=\"canonical\" href=\"https:\/\/jakatomc.com\/sl\/intervjuji-clanki\/\" \/>\n<meta property=\"og:locale\" content=\"sl_SI\" \/>\n<meta property=\"og:type\" content=\"article\" \/>\n<meta property=\"og:title\" content=\"Intervjuji in \u010dlanki - Jaka Tomc\" \/>\n<meta property=\"og:description\" content=\"Jaka Tomc: Ideje so kot sneg. Pridejo in grejo. (Neja bere) Pogovor z Jako Tomcem (Radikal News) Intervju: Jaka Tomc (Ajda naklada) Jaka Tomc: Ne [&hellip;]\" \/>\n<meta property=\"og:url\" content=\"https:\/\/jakatomc.com\/sl\/intervjuji-clanki\/\" \/>\n<meta property=\"og:site_name\" content=\"Jaka Tomc\" \/>\n<meta property=\"article:modified_time\" content=\"2021-01-22T10:34:17+00:00\" \/>\n<meta property=\"og:image\" content=\"https:\/\/jakatomc.com\/wp-content\/uploads\/2018\/06\/jaka-tomc-uvodna.jpg\" \/>\n<meta name=\"twitter:card\" content=\"summary_large_image\" \/>\n<meta name=\"twitter:label1\" content=\"Est. reading time\" \/>\n\t<meta name=\"twitter:data1\" content=\"1 minuta\" \/>\n<script type=\"application\/ld+json\" class=\"yoast-schema-graph\">{\"@context\":\"https:\/\/schema.org\",\"@graph\":[{\"@type\":\"WebPage\",\"@id\":\"https:\/\/jakatomc.com\/sl\/intervjuji-clanki\/\",\"url\":\"https:\/\/jakatomc.com\/sl\/intervjuji-clanki\/\",\"name\":\"Intervjuji in \u010dlanki - Jaka Tomc\",\"isPartOf\":{\"@id\":\"https:\/\/jakatomc.com\/#website\"},\"primaryImageOfPage\":{\"@id\":\"https:\/\/jakatomc.com\/sl\/intervjuji-clanki\/#primaryimage\"},\"image\":{\"@id\":\"https:\/\/jakatomc.com\/sl\/intervjuji-clanki\/#primaryimage\"},\"thumbnailUrl\":\"https:\/\/jakatomc.com\/wp-content\/uploads\/2018\/06\/jaka-tomc-uvodna.jpg\",\"datePublished\":\"2018-06-04T10:44:29+00:00\",\"dateModified\":\"2021-01-22T10:34:17+00:00\",\"breadcrumb\":{\"@id\":\"https:\/\/jakatomc.com\/sl\/intervjuji-clanki\/#breadcrumb\"},\"inLanguage\":\"sl-SI\",\"potentialAction\":[{\"@type\":\"ReadAction\",\"target\":[\"https:\/\/jakatomc.com\/sl\/intervjuji-clanki\/\"]}]},{\"@type\":\"ImageObject\",\"inLanguage\":\"sl-SI\",\"@id\":\"https:\/\/jakatomc.com\/sl\/intervjuji-clanki\/#primaryimage\",\"url\":\"https:\/\/jakatomc.com\/wp-content\/uploads\/2018\/06\/jaka-tomc-uvodna.jpg\",\"contentUrl\":\"https:\/\/jakatomc.com\/wp-content\/uploads\/2018\/06\/jaka-tomc-uvodna.jpg\"},{\"@type\":\"BreadcrumbList\",\"@id\":\"https:\/\/jakatomc.com\/sl\/intervjuji-clanki\/#breadcrumb\",\"itemListElement\":[{\"@type\":\"ListItem\",\"position\":1,\"name\":\"Home\",\"item\":\"https:\/\/jakatomc.com\/sl\/\"},{\"@type\":\"ListItem\",\"position\":2,\"name\":\"Intervjuji in \u010dlanki\"}]},{\"@type\":\"WebSite\",\"@id\":\"https:\/\/jakatomc.com\/#website\",\"url\":\"https:\/\/jakatomc.com\/\",\"name\":\"Jaka Tomc\",\"description\":\"Imagination is my reality\",\"potentialAction\":[{\"@type\":\"SearchAction\",\"target\":{\"@type\":\"EntryPoint\",\"urlTemplate\":\"https:\/\/jakatomc.com\/?s={search_term_string}\"},\"query-input\":{\"@type\":\"PropertyValueSpecification\",\"valueRequired\":true,\"valueName\":\"search_term_string\"}}],\"inLanguage\":\"sl-SI\"}]}<\/script>\n<!-- \/ Yoast SEO plugin. -->","yoast_head_json":{"title":"Intervjuji in \u010dlanki - Jaka Tomc","robots":{"index":"index","follow":"follow","max-snippet":"max-snippet:-1","max-image-preview":"max-image-preview:large","max-video-preview":"max-video-preview:-1"},"canonical":"https:\/\/jakatomc.com\/sl\/intervjuji-clanki\/","og_locale":"sl_SI","og_type":"article","og_title":"Intervjuji in \u010dlanki - Jaka Tomc","og_description":"Jaka Tomc: Ideje so kot sneg. Pridejo in grejo. (Neja bere) Pogovor z Jako Tomcem (Radikal News) Intervju: Jaka Tomc (Ajda naklada) Jaka Tomc: Ne [&hellip;]","og_url":"https:\/\/jakatomc.com\/sl\/intervjuji-clanki\/","og_site_name":"Jaka Tomc","article_modified_time":"2021-01-22T10:34:17+00:00","og_image":[{"url":"https:\/\/jakatomc.com\/wp-content\/uploads\/2018\/06\/jaka-tomc-uvodna.jpg","type":"","width":"","height":""}],"twitter_card":"summary_large_image","twitter_misc":{"Est. reading time":"1 minuta"},"schema":{"@context":"https:\/\/schema.org","@graph":[{"@type":"WebPage","@id":"https:\/\/jakatomc.com\/sl\/intervjuji-clanki\/","url":"https:\/\/jakatomc.com\/sl\/intervjuji-clanki\/","name":"Intervjuji in \u010dlanki - Jaka Tomc","isPartOf":{"@id":"https:\/\/jakatomc.com\/#website"},"primaryImageOfPage":{"@id":"https:\/\/jakatomc.com\/sl\/intervjuji-clanki\/#primaryimage"},"image":{"@id":"https:\/\/jakatomc.com\/sl\/intervjuji-clanki\/#primaryimage"},"thumbnailUrl":"https:\/\/jakatomc.com\/wp-content\/uploads\/2018\/06\/jaka-tomc-uvodna.jpg","datePublished":"2018-06-04T10:44:29+00:00","dateModified":"2021-01-22T10:34:17+00:00","breadcrumb":{"@id":"https:\/\/jakatomc.com\/sl\/intervjuji-clanki\/#breadcrumb"},"inLanguage":"sl-SI","potentialAction":[{"@type":"ReadAction","target":["https:\/\/jakatomc.com\/sl\/intervjuji-clanki\/"]}]},{"@type":"ImageObject","inLanguage":"sl-SI","@id":"https:\/\/jakatomc.com\/sl\/intervjuji-clanki\/#primaryimage","url":"https:\/\/jakatomc.com\/wp-content\/uploads\/2018\/06\/jaka-tomc-uvodna.jpg","contentUrl":"https:\/\/jakatomc.com\/wp-content\/uploads\/2018\/06\/jaka-tomc-uvodna.jpg"},{"@type":"BreadcrumbList","@id":"https:\/\/jakatomc.com\/sl\/intervjuji-clanki\/#breadcrumb","itemListElement":[{"@type":"ListItem","position":1,"name":"Home","item":"https:\/\/jakatomc.com\/sl\/"},{"@type":"ListItem","position":2,"name":"Intervjuji in \u010dlanki"}]},{"@type":"WebSite","@id":"https:\/\/jakatomc.com\/#website","url":"https:\/\/jakatomc.com\/","name":"Jaka Tomc","description":"Imagination is my reality","potentialAction":[{"@type":"SearchAction","target":{"@type":"EntryPoint","urlTemplate":"https:\/\/jakatomc.com\/?s={search_term_string}"},"query-input":{"@type":"PropertyValueSpecification","valueRequired":true,"valueName":"search_term_string"}}],"inLanguage":"sl-SI"}]}},"_links":{"self":[{"href":"https:\/\/jakatomc.com\/sl\/wp-json\/wp\/v2\/pages\/1102","targetHints":{"allow":["GET"]}}],"collection":[{"href":"https:\/\/jakatomc.com\/sl\/wp-json\/wp\/v2\/pages"}],"about":[{"href":"https:\/\/jakatomc.com\/sl\/wp-json\/wp\/v2\/types\/page"}],"author":[{"embeddable":true,"href":"https:\/\/jakatomc.com\/sl\/wp-json\/wp\/v2\/users\/1"}],"replies":[{"embeddable":true,"href":"https:\/\/jakatomc.com\/sl\/wp-json\/wp\/v2\/comments?post=1102"}],"version-history":[{"count":10,"href":"https:\/\/jakatomc.com\/sl\/wp-json\/wp\/v2\/pages\/1102\/revisions"}],"predecessor-version":[{"id":12839,"href":"https:\/\/jakatomc.com\/sl\/wp-json\/wp\/v2\/pages\/1102\/revisions\/12839"}],"wp:attachment":[{"href":"https:\/\/jakatomc.com\/sl\/wp-json\/wp\/v2\/media?parent=1102"}],"curies":[{"name":"wp","href":"https:\/\/api.w.org\/{rel}","templated":true}]}}