{"id":1043,"date":"2018-05-24T11:07:52","date_gmt":"2018-05-24T09:07:52","guid":{"rendered":"https:\/\/jakatomc.com\/?page_id=1043"},"modified":"2018-05-24T11:08:44","modified_gmt":"2018-05-24T09:08:44","slug":"politika-zasebnosti","status":"publish","type":"page","link":"https:\/\/jakatomc.com\/sl\/politika-zasebnosti\/","title":{"rendered":"Politika zasebnosti"},"content":{"rendered":"<ol>\n<li><strong>Splo\u0161no<\/strong><\/li>\n<\/ol>\n<p>Artuditu, Jaka Tomc s.p. spo\u0161tuje va\u0161o pravico do zasebnosti in stremi k najvi\u0161ji stopnji varstva va\u0161ih osebnih podatkov. Zato smo pri nudenju na\u0161ih storitev preko te spletne strani zavezani k delovanju v skladu z zakoni in predpisi, ki opredeljujejo varovanje osebnih podatkov, zlasti v skladu z vsakokrat veljavnim Zakonom o varstvu osebnih podatkov, Zakonom o elektronskih komunikacijah ter Splo\u0161no uredbo EU o varstvu podatkov. Namen te Izjave o varstvu osebnih podatkov je, da vas seznanimo s tem, za katere namene bodo va\u0161i osebni podatki pridobljeni, kako se bodo uporabljali in kak\u0161ne so va\u0161e pravice v zvezi s podatki, ki jih hranimo o vas ter kako jih uveljavljati.<\/p>\n<p>Artuditu, Jaka Tomc s.p. se zavezuje, da bodo zbrani osebni podatki, ki jih boste posredovali preko spletne strani, uporabljeni v skladu s to Izjavo o varstvu osebnih podatkov, da va\u0161ih osebnih podatkov ne bomo prodajali, posojali ali kakorkoli druga\u010de posredovali tretjim osebam, razen v zakonsko dolo\u010denih primerih.<\/p>\n<ol start=\"2\">\n<li><strong>Upravljavec podatkov<\/strong><\/li>\n<\/ol>\n<p>Upravljavec va\u0161ih osebnih podatkov je Artuditu, Jaka Tomc s.p., Ljubljanska 76, 1230 Dom\u017eale<\/p>\n<p>Za vse teme in vsebine, ki bodo obravnavane s strani poobla\u0161\u010dene osebe za varstvo podatkov velja stroga zaupnost.<\/p>\n<ol start=\"3\">\n<li><strong>Namen obdelave podatkov in vrste osebnih podatkov<\/strong><\/li>\n<\/ol>\n<p>Vsi osebni podatki, ki nam jih posredujete, bodo obravnavani zaupno in bodo uporabljeni zgolj v namene, za katere so bili posredovani. \u010ce bo nastala potreba po nadaljnji obdelavi va\u0161ih podatkov za drug namen, vas bomo predhodno kontaktirali in zaprosili za va\u0161e soglasje.<\/p>\n<ol start=\"4\">\n<li><strong>Obisk spletne strani<\/strong><\/li>\n<\/ol>\n<p>Ob vsakem obisku spletne strani www.jakatomc.com, se na spletnem stre\u017eniku avtomatsko shranjuje dnevni\u0161ka datoteka spletnega stre\u017enika (npr. IP \u0161tevilka \u2013 \u0161tevilka, ki identificira posamezen ra\u010dunalnik oz. drugo napravo na spletu; verzija brskalnika, \u010das obiska in podobno). Te podatke obdelujemo z namenom vodenja statistike obiskov na na\u0161i spletni strani.<\/p>\n<p>Artuditu, Jaka Tomc s.p., tako zbranih podatkov ne obdeluje posebej in jih ne povezuje z drugimi podatki.<\/p>\n<ol start=\"5\">\n<li><strong>Po\u0161iljanje povpra\u0161evanja<\/strong><\/li>\n<\/ol>\n<p>Na na\u0161i spletni strani lahko izpolnite spletni kontaktni obrazec, s katerim oddate va\u0161e naro\u010dilo na storitev. V ta namen Artuditu, Jaka Tomc s.p., od vas zbira naslednje podatke, ki jih posredujete na prostovoljen na\u010din:<\/p>\n<ul>\n<li>ime in priimek ali naziv<\/li>\n<li>naslov va\u0161ega bivali\u0161\u010da<\/li>\n<li>e-naslov<\/li>\n<li>datum rojstva<\/li>\n<li>telefonska \u0161tevilka<\/li>\n<li>podatke o vsebini va\u0161ega sporo\u010dila.<\/li>\n<\/ul>\n<p>Vsi podatki, ki so zbrani preko te spletne strani ali so kako druga\u010de sporo\u010deni Artuditu, Jaka Tomc s.p., se zbirajo z namenom opravljanja osnovne dejavnosti Artuditu, Jaka Tomc s.p., in sicer za odgovor na va\u0161e sporo\u010dilo, za pripravo ponudbe, za pripravo naro\u010dila ali dogovora termina. Ker je obdelava teh informacij nujna za izvedbo same storitve, se obdelava teh podatkov lahko vr\u0161i \u017ee na podlagi dejstva, da z nami vstopate v pogodbeno razmerje. \u010ce nam teh podatkov ne \u017eelite posredovati, vam ne moremo odgovoriti na sporo\u010dilo, poslati ponudbe ali z vami skleniti pogodbe.<\/p>\n<ol start=\"6\">\n<li><strong>Prijava na elektronske novice<\/strong><\/li>\n<\/ol>\n<p>Na na\u0161i spletni strani se lahko naro\u010dite tudi na prejemanje obvestil in informacij o mojih storitvah in dejavnostih. V ta namen vas lahko Artuditu, Jaka Tomc s.p.,. preko elektronske po\u0161te obve\u0161\u010da o novostih iz svoje ponudbe storitev, prihajajo\u010dih dogodkih ter drugih pomembnih novostih, ki so neposredno vezane na Artuditu, Jaka Tomc s.p., ali na\u0161e storitve.<\/p>\n<p>Va\u0161i osebni podatki navedeni ob naro\u010dilu na prejemanje obvestil, se obdelujejo na podlagi va\u0161ega soglasja, pri \u010demer lahko soglasje za prejemanje elektronskih sporo\u010dil kadarkoli prekli\u010dete. Dodatne informacije o va\u0161ih pravicah v zvezi z neposrednim tr\u017eenjem so vam na voljo v to\u010dki \u00bbVa\u0161e pravice\u00ab.<\/p>\n<ol start=\"7\">\n<li><strong>Uporabniki podatkov<\/strong><\/li>\n<\/ol>\n<p>Vsi podatki, zbrani na podlagi zgoraj navedene pravne podlage, bodo uporabljeni v skladu z namenom, za katerega so bili zbrani in ne bodo posredovani tretjim osebam brez va\u0161e privolitve.<\/p>\n<p>V okviru zakonskih pristojnosti se va\u0161i osebnih podatki razkrivajo naslednjim uporabnikom podatkov:<\/p>\n<ul>\n<li>ponudnikom po\u0161tnih storitev, ponudnikom odpremnih storitev, ponudnikom storitev uni\u010denja spisov in nosilcev podatkov<\/li>\n<li>ponudnikom storitev informacijske tehnologije v okviru servisiranja in vzdr\u017eevanja programske opreme<\/li>\n<li>administratorju in skrbniku spletne strani.<\/li>\n<\/ul>\n<p>Artuditu, Jaka Tomc s.p., se zavezuje, da va\u0161ih osebnih podatkov ne bo posredovalo ali preneslo v tretjo dr\u017eavo ali mednarodno organizacijo.<\/p>\n<ol start=\"8\">\n<li><strong>Obdobje hrambe<\/strong><\/li>\n<\/ol>\n<p>Zagotavljamo vam, da va\u0161e podatke hranimo le toliko \u010dasa kolikor je potrebno, da se izpolni namen, zaradi katerega so bili posamezni podatki zbrani in nadalje uporabljeni, in sicer:<\/p>\n<ul>\n<li>dnevni\u0161ke datoteke spletnega stre\u017enika se hranijo 3 (tri) mesece<\/li>\n<li>sporo\u010dila, poslana preko spletne strani, se hranijo trajno<\/li>\n<li>vsi podatki v zvezi s poslovnim sodelovanjem in sklenjene pogodbe se hranijo trajno<\/li>\n<li>va\u0161i kontaktni podatki za namen neposrednega tr\u017eenja se obdelujejo do preklica.<\/li>\n<\/ul>\n<p>\u010ce za dolo\u010dene podatke, ki se obdelujejo za realizacijo pogodb, obstaja druga\u010den zakonski rok shranjevanja (npr. ra\u010dunovodski ali dav\u010dni podatki), zna\u0161a rok hrambe 6 oziroma 10 let. V tem \u010dasu je obdelava podatkov omejena.<\/p>\n<ol start=\"9\">\n<li><strong>Na\u010din varstva va\u0161ih podatkov<\/strong><\/li>\n<\/ol>\n<p>Artuditu, Jaka Tomc s.p., se zavezuje varovati osebne podatke, ki nam jih posredujete z uporabo na\u0161e spletne strani. Artuditu, Jaka Tomc s.p., bo storilo vse, da osebne podatke za\u0161\u010diti pred katerimikoli kr\u0161itvami in zlorabami.<\/p>\n<p>Osebne podatke hranimo v ra\u010dunalni\u0161ki obliki. Na\u0161 ra\u010dunalni\u0161ki sistem je za\u0161\u010diten s tehni\u010dnimi in organizacijskimi ukrepi, ki prepre\u010dujejo nenamerno ali nezakonito uni\u010denje, izgubo, spremembo ter nepoobla\u0161\u010deno razkritje ali dostop do va\u0161ih osebnih podatkov.<\/p>\n<p>Po prenehanju potrebe po vodenju podatkov, tj. po izpolnitvi namena, za katerega so bili podatki zbrani, se podatki nemudoma nepovratno in trajno izbri\u0161ejo.<\/p>\n<p>Ker obstajajo na spletni strani www.manicnipoet.net dolo\u010dene povezave na druge spletne strani, ki niso v nikakr\u0161ni povezavi s Artuditu, Jaka Tomc s.p., ne prevzemam nobene odgovornosti za za\u0161\u010dito podatkov na teh spletnih straneh.<\/p>\n<ol start=\"10\">\n<li><strong>Va\u0161e pravice<\/strong><\/li>\n<\/ol>\n<p>Artuditu, Jaka Tomc s.p., zagotavlja uresni\u010devanje vseh va\u0161ih pravic, ki vam pripadajo v zvezi z obdelavo va\u0161ih osebnih podatkov.<\/p>\n<ul>\n<li>Odjava od prejemanja novic:<\/li>\n<\/ul>\n<p>\u010ce obvestil o novicah po elektronski po\u0161ti ne \u017eelite ve\u010d prejemati, se lahko odjavite z uporabo povezave za avtomatsko odjavo v vsakokratni elektronski novici, ali mi po\u0161ljete elektronsko sporo\u010dilo z vsebino \u201cODJAVA\u201d na elektronski naslov:\u00a0info@JakaTomc.com<\/p>\n<p>Posameznik, na katerega se nana\u0161ajo osebni podatki, lahko kadarkoli zahteva, da mu Artuditu, Jaka Tomc s.p.,<\/p>\n<ul>\n<li>potrdi, ali se podatki v zvezi z njim obdelujejo ali ne<\/li>\n<li>omogo\u010di dostop do osebnih podatkov (tj. vpogled ter njihovo prepisovanje ali kopiranje)<\/li>\n<li>poda informacije v zvezi z obdelavo teh podatkov (npr. o namenu obdelave, vrsti osebnih podatkov, uporabnikih, katerim so jim bili ali jim bodo posredovani osebni podatki, predvidenem obdobju hrambe podatkov, o tehni\u010dnih in organizacijskih ukrepih za varovanje podatkov, idr.)<\/li>\n<li>omogo\u010di popravek neto\u010dnih osebnih podatkov v zvezi z njim in mu omogo\u010di dopolnitev nepopolnih osebnih podatkov<\/li>\n<li>omogo\u010di pravico do izbrisa osebnih podatkov (t.i. pravica do pozabe)<\/li>\n<li>omogo\u010di pravico do omejitve obdelave<\/li>\n<li>omogo\u010di pravico do ugovora obdelavi, \u010de obdelava podatkov temelji na zakonitem interesu upravljavca, vklju\u010dno z oblikovanjem profilov<\/li>\n<li>omogo\u010di pravico do prenosljivosti podatkov in mu posreduje podatke v splo\u0161no uporabljeni in strojno berljivi obliki ali jih neposredno posreduje drugemu upravljavcu<\/li>\n<li>omogo\u010di pravico do preklica privolitve, kadar se osebni podatki obdelujejo na podlagi privolitve, pri \u010demer preklic privolitve ne vpliva na zakonitost obdelave podatkov, ki se je izvajala do njenega preklica<\/li>\n<li>poda dodatne informacije o njegovi pravici do prito\u017ebe pri pristojnem nadzornem organu.<\/li>\n<\/ul>\n<p>Prav tako bo Artuditu, Jaka Tomc s.p., posamezniku na njegovo zahtevo v skladu z veljavno zakonodajo podalo tudi druge informacije v zvezi z njegovimi osebnimi podatki, ki jih obdeluje.<\/p>\n<p>Artuditu, Jaka Tomc s.p., se zavezuje, da bo na zahteve posameznika, na katerega se nana\u0161ajo osebni podatki, odgovorilo brez nepotrebnega odla\u0161anja, najkasneje pa v zakonsko predpisanih rokih.<\/p>\n<ol start=\"11\">\n<li><strong>Stik<\/strong><\/li>\n<\/ol>\n<p>Na vpra\u0161anja o zaupnosti va\u0161ih podatkov, na\u010dinu zbiranja in obdelave podatkov ali na va\u0161e zahteve za uveljavljanje pravic v zvezi z va\u0161imi podatki, vam bo Artuditu, Jaka Tomc s.p., odgovorilo osebno in\/ali poobla\u0161\u010dena oseba za varstvo osebnih podatkov.<\/p>\n<ol start=\"12\">\n<li><strong>Spremembe<\/strong><\/li>\n<\/ol>\n<p>Pridr\u017eujemo si pravico, da predmetno Izjavo o varstvu osebnih podatkov po potrebi ob\u010dasno prilagodimo dejanskim razmeram in zakonodaji s podro\u010dja varstva osebnih podatkov. Iz tega razloga vas prosimo, da pred vsakim posredovanjem osebnih podatkov preverite aktualno razli\u010dico, da boste seznanjeni z morebitnimi spremembami in dopolnitvami.<\/p>\n<p><em>V Ljubljani, 23. maja 2018<\/em><\/p>\n","protected":false},"excerpt":{"rendered":"<p>Splo\u0161no Artuditu, Jaka Tomc s.p. spo\u0161tuje va\u0161o pravico do zasebnosti in stremi k najvi\u0161ji stopnji varstva va\u0161ih osebnih podatkov. Zato smo pri nudenju na\u0161ih storitev [&hellip;]<\/p>\n","protected":false},"author":1,"featured_media":0,"parent":0,"menu_order":0,"comment_status":"closed","ping_status":"closed","template":"","meta":{"footnotes":""},"class_list":["post-1043","page","type-page","status-publish","hentry"],"yoast_head":"<!-- This site is optimized with the Yoast SEO plugin v26.9 - https:\/\/yoast.com\/product\/yoast-seo-wordpress\/ -->\n<title>Politika zasebnosti - Jaka Tomc<\/title>\n<meta name=\"robots\" content=\"index, follow, max-snippet:-1, max-image-preview:large, max-video-preview:-1\" \/>\n<link rel=\"canonical\" href=\"https:\/\/jakatomc.com\/sl\/politika-zasebnosti\/\" \/>\n<meta property=\"og:locale\" content=\"sl_SI\" \/>\n<meta property=\"og:type\" content=\"article\" \/>\n<meta property=\"og:title\" content=\"Politika zasebnosti - Jaka Tomc\" \/>\n<meta property=\"og:description\" content=\"Splo\u0161no Artuditu, Jaka Tomc s.p. spo\u0161tuje va\u0161o pravico do zasebnosti in stremi k najvi\u0161ji stopnji varstva va\u0161ih osebnih podatkov. Zato smo pri nudenju na\u0161ih storitev [&hellip;]\" \/>\n<meta property=\"og:url\" content=\"https:\/\/jakatomc.com\/sl\/politika-zasebnosti\/\" \/>\n<meta property=\"og:site_name\" content=\"Jaka Tomc\" \/>\n<meta property=\"article:modified_time\" content=\"2018-05-24T09:08:44+00:00\" \/>\n<meta property=\"og:image\" content=\"https:\/\/jakatomc.com\/wp-content\/uploads\/2018\/03\/JAKA_TOMCPoster-Frame-Style-160A-e1522329049897.jpg\" \/>\n\t<meta property=\"og:image:width\" content=\"640\" \/>\n\t<meta property=\"og:image:height\" content=\"492\" \/>\n\t<meta property=\"og:image:type\" content=\"image\/jpeg\" \/>\n<meta name=\"twitter:card\" content=\"summary_large_image\" \/>\n<meta name=\"twitter:label1\" content=\"Est. reading time\" \/>\n\t<meta name=\"twitter:data1\" content=\"7 minut\" \/>\n<script type=\"application\/ld+json\" class=\"yoast-schema-graph\">{\"@context\":\"https:\/\/schema.org\",\"@graph\":[{\"@type\":\"WebPage\",\"@id\":\"https:\/\/jakatomc.com\/sl\/politika-zasebnosti\/\",\"url\":\"https:\/\/jakatomc.com\/sl\/politika-zasebnosti\/\",\"name\":\"Politika zasebnosti - Jaka Tomc\",\"isPartOf\":{\"@id\":\"https:\/\/jakatomc.com\/#website\"},\"datePublished\":\"2018-05-24T09:07:52+00:00\",\"dateModified\":\"2018-05-24T09:08:44+00:00\",\"breadcrumb\":{\"@id\":\"https:\/\/jakatomc.com\/sl\/politika-zasebnosti\/#breadcrumb\"},\"inLanguage\":\"sl-SI\",\"potentialAction\":[{\"@type\":\"ReadAction\",\"target\":[\"https:\/\/jakatomc.com\/sl\/politika-zasebnosti\/\"]}]},{\"@type\":\"BreadcrumbList\",\"@id\":\"https:\/\/jakatomc.com\/sl\/politika-zasebnosti\/#breadcrumb\",\"itemListElement\":[{\"@type\":\"ListItem\",\"position\":1,\"name\":\"Home\",\"item\":\"https:\/\/jakatomc.com\/sl\/\"},{\"@type\":\"ListItem\",\"position\":2,\"name\":\"Politika zasebnosti\"}]},{\"@type\":\"WebSite\",\"@id\":\"https:\/\/jakatomc.com\/#website\",\"url\":\"https:\/\/jakatomc.com\/\",\"name\":\"Jaka Tomc\",\"description\":\"Imagination is my reality\",\"potentialAction\":[{\"@type\":\"SearchAction\",\"target\":{\"@type\":\"EntryPoint\",\"urlTemplate\":\"https:\/\/jakatomc.com\/?s={search_term_string}\"},\"query-input\":{\"@type\":\"PropertyValueSpecification\",\"valueRequired\":true,\"valueName\":\"search_term_string\"}}],\"inLanguage\":\"sl-SI\"}]}<\/script>\n<!-- \/ Yoast SEO plugin. -->","yoast_head_json":{"title":"Politika zasebnosti - Jaka Tomc","robots":{"index":"index","follow":"follow","max-snippet":"max-snippet:-1","max-image-preview":"max-image-preview:large","max-video-preview":"max-video-preview:-1"},"canonical":"https:\/\/jakatomc.com\/sl\/politika-zasebnosti\/","og_locale":"sl_SI","og_type":"article","og_title":"Politika zasebnosti - Jaka Tomc","og_description":"Splo\u0161no Artuditu, Jaka Tomc s.p. spo\u0161tuje va\u0161o pravico do zasebnosti in stremi k najvi\u0161ji stopnji varstva va\u0161ih osebnih podatkov. Zato smo pri nudenju na\u0161ih storitev [&hellip;]","og_url":"https:\/\/jakatomc.com\/sl\/politika-zasebnosti\/","og_site_name":"Jaka Tomc","article_modified_time":"2018-05-24T09:08:44+00:00","og_image":[{"width":640,"height":492,"url":"https:\/\/jakatomc.com\/wp-content\/uploads\/2018\/03\/JAKA_TOMCPoster-Frame-Style-160A-e1522329049897.jpg","type":"image\/jpeg"}],"twitter_card":"summary_large_image","twitter_misc":{"Est. reading time":"7 minut"},"schema":{"@context":"https:\/\/schema.org","@graph":[{"@type":"WebPage","@id":"https:\/\/jakatomc.com\/sl\/politika-zasebnosti\/","url":"https:\/\/jakatomc.com\/sl\/politika-zasebnosti\/","name":"Politika zasebnosti - Jaka Tomc","isPartOf":{"@id":"https:\/\/jakatomc.com\/#website"},"datePublished":"2018-05-24T09:07:52+00:00","dateModified":"2018-05-24T09:08:44+00:00","breadcrumb":{"@id":"https:\/\/jakatomc.com\/sl\/politika-zasebnosti\/#breadcrumb"},"inLanguage":"sl-SI","potentialAction":[{"@type":"ReadAction","target":["https:\/\/jakatomc.com\/sl\/politika-zasebnosti\/"]}]},{"@type":"BreadcrumbList","@id":"https:\/\/jakatomc.com\/sl\/politika-zasebnosti\/#breadcrumb","itemListElement":[{"@type":"ListItem","position":1,"name":"Home","item":"https:\/\/jakatomc.com\/sl\/"},{"@type":"ListItem","position":2,"name":"Politika zasebnosti"}]},{"@type":"WebSite","@id":"https:\/\/jakatomc.com\/#website","url":"https:\/\/jakatomc.com\/","name":"Jaka Tomc","description":"Imagination is my reality","potentialAction":[{"@type":"SearchAction","target":{"@type":"EntryPoint","urlTemplate":"https:\/\/jakatomc.com\/?s={search_term_string}"},"query-input":{"@type":"PropertyValueSpecification","valueRequired":true,"valueName":"search_term_string"}}],"inLanguage":"sl-SI"}]}},"_links":{"self":[{"href":"https:\/\/jakatomc.com\/sl\/wp-json\/wp\/v2\/pages\/1043","targetHints":{"allow":["GET"]}}],"collection":[{"href":"https:\/\/jakatomc.com\/sl\/wp-json\/wp\/v2\/pages"}],"about":[{"href":"https:\/\/jakatomc.com\/sl\/wp-json\/wp\/v2\/types\/page"}],"author":[{"embeddable":true,"href":"https:\/\/jakatomc.com\/sl\/wp-json\/wp\/v2\/users\/1"}],"replies":[{"embeddable":true,"href":"https:\/\/jakatomc.com\/sl\/wp-json\/wp\/v2\/comments?post=1043"}],"version-history":[{"count":1,"href":"https:\/\/jakatomc.com\/sl\/wp-json\/wp\/v2\/pages\/1043\/revisions"}],"predecessor-version":[{"id":1044,"href":"https:\/\/jakatomc.com\/sl\/wp-json\/wp\/v2\/pages\/1043\/revisions\/1044"}],"wp:attachment":[{"href":"https:\/\/jakatomc.com\/sl\/wp-json\/wp\/v2\/media?parent=1043"}],"curies":[{"name":"wp","href":"https:\/\/api.w.org\/{rel}","templated":true}]}}